{"id":221935,"date":"2025-12-27T23:27:47","date_gmt":"2025-12-27T20:27:47","guid":{"rendered":"https:\/\/baldumarket.lt\/?post_type=product&#038;p=221935"},"modified":"2026-02-03T23:11:33","modified_gmt":"2026-02-03T20:11:33","slug":"lozka-tapicerowane-cortez-160x200-cm-gr4","status":"publish","type":"product","link":"https:\/\/baldumarket.lt\/lt\/product\/lozka-tapicerowane-cortez-160x200-cm-gr4\/","title":{"rendered":"\u201eCortez\u201c mink\u0161tos lovos 160\u00d7200 cm Gr4"},"content":{"rendered":"<p>\u0160i eleganti\u0161ka mink\u0161ta lova su pla\u010diu, auk\u0161tu galv\u016bgaliu taps tikru ak\u012f traukian\u010diu akcentu bet kuriame miegamajame. \u201eCortez by Comforteo\u201c lova, kurios miegamojo plotas yra 140 \u00d7 200 cm, d\u0117l savo vidutinio dyd\u017eio tinka ma\u017eam miegamajam arba paauglio kambariui. Komplekt\u0105 sudaro dekoratyviniu audiniu aptrauktas r\u0117mas ir mink\u0161tas, auk\u0161tas galv\u016bgalis. Lovos galv\u016bgalis yra su vertikaliomis si\u016bl\u0117mis, kurios suteikia jai lengvumo ir presti\u017ein\u0117s elegancijos. Bald\u0173 komplekt\u0105 galima i\u0161pl\u0117sti patalyn\u0117s daiktad\u0117\u017ee, r\u0117mu, \u010diu\u017einio pak\u0117limu ir \u010diu\u017einiu. Lova si\u016bloma su \u012fvairiais audiniais ir reikalauja minimalaus surinkimo. Standartinis komplekto galv\u016bgalio plotis yra 178 cm, o plotis dar padidintas dviem papildomomis 60 cm ilgio \u0161onin\u0117mis panel\u0117mis.<\/p>","protected":false},"excerpt":{"rendered":"<p>Plotis: 278 cm<br \/>\nIlgis: 218 cm<br \/>\nAuk\u0161tis: 120 cm<br \/>\nMiegamoji erdv\u0117: 160 \u00d7 200 cm<br \/>\n\u0160oninis auk\u0161tis: 34 cm<\/p>","protected":false},"featured_media":221957,"comment_status":"open","ping_status":"closed","template":"","meta":[],"product_brand":[],"product_cat":[9133],"product_tag":[],"class_list":{"0":"post-221935","1":"product","2":"type-product","3":"status-publish","4":"has-post-thumbnail","6":"product_cat-grouped","8":"first","9":"instock","10":"shipping-taxable","11":"purchasable","12":"product-type-variable","13":"wvs-archive-product-wrapper"},"_links":{"self":[{"href":"https:\/\/baldumarket.lt\/lt\/wp-json\/wp\/v2\/product\/221935","targetHints":{"allow":["GET"]}}],"collection":[{"href":"https:\/\/baldumarket.lt\/lt\/wp-json\/wp\/v2\/product"}],"about":[{"href":"https:\/\/baldumarket.lt\/lt\/wp-json\/wp\/v2\/types\/product"}],"replies":[{"embeddable":true,"href":"https:\/\/baldumarket.lt\/lt\/wp-json\/wp\/v2\/comments?post=221935"}],"wp:featuredmedia":[{"embeddable":true,"href":"https:\/\/baldumarket.lt\/lt\/wp-json\/wp\/v2\/media\/221957"}],"wp:attachment":[{"href":"https:\/\/baldumarket.lt\/lt\/wp-json\/wp\/v2\/media?parent=221935"}],"wp:term":[{"taxonomy":"product_brand","embeddable":true,"href":"https:\/\/baldumarket.lt\/lt\/wp-json\/wp\/v2\/product_brand?post=221935"},{"taxonomy":"product_cat","embeddable":true,"href":"https:\/\/baldumarket.lt\/lt\/wp-json\/wp\/v2\/product_cat?post=221935"},{"taxonomy":"product_tag","embeddable":true,"href":"https:\/\/baldumarket.lt\/lt\/wp-json\/wp\/v2\/product_tag?post=221935"}],"curies":[{"name":"wp","href":"https:\/\/api.w.org\/{rel}","templated":true}]}}