{"id":221921,"date":"2025-12-27T23:27:14","date_gmt":"2025-12-27T20:27:14","guid":{"rendered":"https:\/\/baldumarket.lt\/?post_type=product&#038;p=221921"},"modified":"2026-02-03T23:11:33","modified_gmt":"2026-02-03T20:11:33","slug":"lozka-tapicerowane-cortez-180x200-cm","status":"publish","type":"product","link":"https:\/\/baldumarket.lt\/lt\/product\/lozka-tapicerowane-cortez-180x200-cm\/","title":{"rendered":"\u201eCortez\u201c mink\u0161tos lovos 180\u00d7200 cm"},"content":{"rendered":"<p>Jei ie\u0161kote \u012fdomios miegamojo lovos su patraukliu galv\u016bgaliu ir dideliu miegojimo pavir\u0161iumi, turime jums puik\u0173 pasirinkim\u0105: \u201eComforteo\u201c 180 \u00d7 200 cm dyd\u017eio \u201eCortez\u201c lov\u0105. Komplekt\u0105 sudaro apmu\u0161tas, vertikaliai dygsniuotas galv\u016bgalis, kuris, be dekoratyvin\u0117s vert\u0117s, suteikia puiki\u0105 nugaros atram\u0105 \u017ei\u016brint televizori\u0173. Komplekt\u0105 taip pat sudaro dekoratyviniu audiniu aptrauktos \u0161onin\u0117s dalys ir pakoja. Baldus galima i\u0161pl\u0117sti patalyn\u0117s daiktad\u0117\u017ee, r\u0117mu, \u010diu\u017einio pak\u0117limu ir \u010diu\u017einiu. Lova si\u016bloma i\u0161 \u012fvairi\u0173 audini\u0173 ir j\u0105 surinkti reikia minimaliai. Standartinis komplekto galv\u016bgalio plotis yra 198 cm, kuris buvo dar labiau padidintas dviem papildomomis \u0161onin\u0117mis panel\u0117mis, kuri\u0173 kiekviena buvo 60 cm ilgio.<\/p>","protected":false},"excerpt":{"rendered":"<p>Jei ie\u0161kote \u012fdomios miegamojo lovos su patraukliu galv\u016bgaliu ir dideliu miegojimo pavir\u0161iumi, turime jums puik\u0173 variant\u0105: \u201eComforteo\u201c 180 \u00d7 200 cm dyd\u017eio lov\u0105 \u201eCortez\u201c. Komplekte yra apmu\u0161tas, vertikaliai dygsniuotas galv\u016bgalis, kuris, be dekoratyvin\u0117s vert\u0117s, suteikia puiki\u0105 nugaros atram\u0105 \u017ei\u016brint televizori\u0173. Komplektas [\u2026]<\/p>","protected":false},"featured_media":221948,"comment_status":"open","ping_status":"closed","template":"","meta":[],"product_brand":[],"product_cat":[505,1972,7906],"product_tag":[],"class_list":{"0":"post-221921","1":"product","2":"type-product","3":"status-publish","4":"has-post-thumbnail","6":"product_cat-bedroom-beds","7":"product_cat-beds-180x200","8":"product_cat-comforteo","10":"first","11":"instock","12":"shipping-taxable","13":"product-type-grouped"},"_links":{"self":[{"href":"https:\/\/baldumarket.lt\/lt\/wp-json\/wp\/v2\/product\/221921","targetHints":{"allow":["GET"]}}],"collection":[{"href":"https:\/\/baldumarket.lt\/lt\/wp-json\/wp\/v2\/product"}],"about":[{"href":"https:\/\/baldumarket.lt\/lt\/wp-json\/wp\/v2\/types\/product"}],"replies":[{"embeddable":true,"href":"https:\/\/baldumarket.lt\/lt\/wp-json\/wp\/v2\/comments?post=221921"}],"wp:featuredmedia":[{"embeddable":true,"href":"https:\/\/baldumarket.lt\/lt\/wp-json\/wp\/v2\/media\/221948"}],"wp:attachment":[{"href":"https:\/\/baldumarket.lt\/lt\/wp-json\/wp\/v2\/media?parent=221921"}],"wp:term":[{"taxonomy":"product_brand","embeddable":true,"href":"https:\/\/baldumarket.lt\/lt\/wp-json\/wp\/v2\/product_brand?post=221921"},{"taxonomy":"product_cat","embeddable":true,"href":"https:\/\/baldumarket.lt\/lt\/wp-json\/wp\/v2\/product_cat?post=221921"},{"taxonomy":"product_tag","embeddable":true,"href":"https:\/\/baldumarket.lt\/lt\/wp-json\/wp\/v2\/product_tag?post=221921"}],"curies":[{"name":"wp","href":"https:\/\/api.w.org\/{rel}","templated":true}]}}