{"id":221903,"date":"2025-12-27T23:26:02","date_gmt":"2025-12-27T20:26:02","guid":{"rendered":"https:\/\/baldumarket.lt\/?post_type=product&#038;p=221903"},"modified":"2026-02-03T23:11:34","modified_gmt":"2026-02-03T20:11:34","slug":"lozka-tapicerowane-cortina-standard-140x200-cm","status":"publish","type":"product","link":"https:\/\/baldumarket.lt\/lt\/product\/lozka-tapicerowane-cortina-standard-140x200-cm\/","title":{"rendered":"\u201eCortina\u201c mink\u0161tos lovos, standartin\u0117s, 140\u00d7200 cm"},"content":{"rendered":"<p>Lova \u201eCortina\u201c, kurios miegamojo plotas yra 140 \u00d7 200 cm, pasi\u017eymi eleganti\u0161ku, siauru galv\u016bgaliu, dekoruotu si\u016bl\u0117mis ir juosian\u010diu apvadu. Komplektas taip pat pasi\u017eymi plonais \u0161onais, suteikian\u010diais visai konstrukcijai lengvesn\u0119 i\u0161vaizd\u0105. Lovos saikingai modernus dizainas suteikia pla\u010dias interjero dizaino galimybes. Komplekt\u0105 galima i\u0161pl\u0117sti prakti\u0161kais elementais, tokiais kaip medinis \u010diu\u017einio pagrindas su dujiniais keltuvais, medinis \u010diu\u017einio pagrindas be keltuv\u0173 ir patalyn\u0117s d\u0117\u017e\u0117. Taip pat galite pasirinkti medin\u0117s kojel\u0117s tip\u0105 ir spalv\u0105. Apmu\u0161al\u0173 audini\u0173 pavyzd\u017eius, spalv\u0173 pavyzd\u017eius ir papildomas komplekto i\u0161pl\u0117timo galimybes rasite \u201eProdukto k\u016br\u0117juje\u201c. Lovai reikia minimalaus surinkimo.<\/p>","protected":false},"excerpt":{"rendered":"<p>\u201eCortina\u201c lova, kurios miegamojo plotas yra 140 \u00d7 200 cm, pasi\u017eymi eleganti\u0161ku, siauru galv\u016bgaliu, dekoruotu si\u016bl\u0117mis ir juosian\u010diu apvadu. Komplektas taip pat pasi\u017eymi plonais \u0161onais, suteikian\u010diais visai konstrukcijai lengvesn\u0119 i\u0161vaizd\u0105. Vidutini\u0161kai modernus lovos dizainas suteikia plat\u0173 interjero dizaino variant\u0173 pasirinkim\u0105. Komplekt\u0105 galima i\u0161pl\u0117sti [\u2026]<\/p>","protected":false},"featured_media":221928,"comment_status":"open","ping_status":"closed","template":"","meta":[],"product_brand":[],"product_cat":[505,1970,7906],"product_tag":[],"class_list":{"0":"post-221903","1":"product","2":"type-product","3":"status-publish","4":"has-post-thumbnail","6":"product_cat-bedroom-beds","7":"product_cat-beds-140x200","8":"product_cat-comforteo","10":"first","11":"instock","12":"shipping-taxable","13":"product-type-grouped"},"_links":{"self":[{"href":"https:\/\/baldumarket.lt\/lt\/wp-json\/wp\/v2\/product\/221903","targetHints":{"allow":["GET"]}}],"collection":[{"href":"https:\/\/baldumarket.lt\/lt\/wp-json\/wp\/v2\/product"}],"about":[{"href":"https:\/\/baldumarket.lt\/lt\/wp-json\/wp\/v2\/types\/product"}],"replies":[{"embeddable":true,"href":"https:\/\/baldumarket.lt\/lt\/wp-json\/wp\/v2\/comments?post=221903"}],"wp:featuredmedia":[{"embeddable":true,"href":"https:\/\/baldumarket.lt\/lt\/wp-json\/wp\/v2\/media\/221928"}],"wp:attachment":[{"href":"https:\/\/baldumarket.lt\/lt\/wp-json\/wp\/v2\/media?parent=221903"}],"wp:term":[{"taxonomy":"product_brand","embeddable":true,"href":"https:\/\/baldumarket.lt\/lt\/wp-json\/wp\/v2\/product_brand?post=221903"},{"taxonomy":"product_cat","embeddable":true,"href":"https:\/\/baldumarket.lt\/lt\/wp-json\/wp\/v2\/product_cat?post=221903"},{"taxonomy":"product_tag","embeddable":true,"href":"https:\/\/baldumarket.lt\/lt\/wp-json\/wp\/v2\/product_tag?post=221903"}],"curies":[{"name":"wp","href":"https:\/\/api.w.org\/{rel}","templated":true}]}}