{"id":22189,"date":"2025-11-14T14:12:43","date_gmt":"2025-11-14T11:12:43","guid":{"rendered":"https:\/\/baldumarket.lt\/product\/materac-termoelastyczny-simona-90x200-aloevera\/"},"modified":"2026-03-24T18:21:42","modified_gmt":"2026-03-24T15:21:42","slug":"materac-termoelastyczny-simona-90x200-aloevera","status":"publish","type":"product","link":"https:\/\/baldumarket.lt\/lt\/product\/materac-termoelastyczny-simona-90x200-aloevera\/","title":{"rendered":"Simona termoelastinis \u010diu\u017einys 90\u00d7200 Aloevera"},"content":{"rendered":"<p>\u201eSimona\u201c \u010diu\u017einys pagamintas i\u0161 auk\u0161\u010diausios kokyb\u0117s med\u017eiag\u0173, idealiai tinka tiems, kurie vertina puiki\u0105 miego kokyb\u0119. D\u0117l trij\u0173 put\u0173 panaudojimo jis yra ne\u012ftik\u0117tinai patogus. Labai elastingas HR putas i\u0161 vienos pus\u0117s gaubia ne\u012ftik\u0117tinai mink\u0161tas \u201eVisco\u201c putas, o i\u0161 kitos \u2013 T2542 putas. \u201eSimona\u201c termoelastinis \u010diu\u017einys aptrauktas nuimamu alavijo u\u017evalkalu.<\/p>","protected":false},"excerpt":{"rendered":"<p>\u201eSimona\u201c \u010diu\u017einys pagamintas i\u0161 auk\u0161\u010diausios kokyb\u0117s med\u017eiag\u0173, idealiai tinka tiems, kurie vertina puiki\u0105 miego kokyb\u0119. D\u0117l trij\u0173 put\u0173 panaudojimo jis yra ne\u012ftik\u0117tinai patogus. Labai elastingas HR putas i\u0161 vienos pus\u0117s supa ne\u012ftik\u0117tinai mink\u0161tos \u201eVisco\u201c putos, o i\u0161 kitos \u2013 T2542 putos. \u201eSimona\u201c termoelastinis \u010diu\u017einys yra [\u2026]<\/p>","protected":false},"featured_media":22181,"comment_status":"open","ping_status":"open","template":"","meta":[],"product_brand":[],"product_cat":[2012,1099,1975],"product_tag":[],"class_list":{"0":"post-22189","1":"product","2":"type-product","3":"status-publish","4":"has-post-thumbnail","6":"product_cat-eltap","7":"product_cat-mattresses","8":"product_cat-mattresses-90x200","10":"first","11":"instock","12":"purchasable","13":"product-type-simple"},"_links":{"self":[{"href":"https:\/\/baldumarket.lt\/lt\/wp-json\/wp\/v2\/product\/22189","targetHints":{"allow":["GET"]}}],"collection":[{"href":"https:\/\/baldumarket.lt\/lt\/wp-json\/wp\/v2\/product"}],"about":[{"href":"https:\/\/baldumarket.lt\/lt\/wp-json\/wp\/v2\/types\/product"}],"replies":[{"embeddable":true,"href":"https:\/\/baldumarket.lt\/lt\/wp-json\/wp\/v2\/comments?post=22189"}],"wp:featuredmedia":[{"embeddable":true,"href":"https:\/\/baldumarket.lt\/lt\/wp-json\/wp\/v2\/media\/22181"}],"wp:attachment":[{"href":"https:\/\/baldumarket.lt\/lt\/wp-json\/wp\/v2\/media?parent=22189"}],"wp:term":[{"taxonomy":"product_brand","embeddable":true,"href":"https:\/\/baldumarket.lt\/lt\/wp-json\/wp\/v2\/product_brand?post=22189"},{"taxonomy":"product_cat","embeddable":true,"href":"https:\/\/baldumarket.lt\/lt\/wp-json\/wp\/v2\/product_cat?post=22189"},{"taxonomy":"product_tag","embeddable":true,"href":"https:\/\/baldumarket.lt\/lt\/wp-json\/wp\/v2\/product_tag?post=22189"}],"curies":[{"name":"wp","href":"https:\/\/api.w.org\/{rel}","templated":true}]}}