{"id":221872,"date":"2025-12-27T23:23:56","date_gmt":"2025-12-27T20:23:56","guid":{"rendered":"https:\/\/baldumarket.lt\/?post_type=product&#038;p=221872"},"modified":"2026-02-03T23:11:36","modified_gmt":"2026-02-03T20:11:36","slug":"lozka-tapicerowane-cortina-standard-160x200-cm-gr2","status":"publish","type":"product","link":"https:\/\/baldumarket.lt\/lt\/product\/lozka-tapicerowane-cortina-standard-160x200-cm-gr2\/","title":{"rendered":"\u201eCortina\u201c mink\u0161tos lovos, standartin\u0117s, 160\u00d7200 cm, Gr2"},"content":{"rendered":"<p>Patogi \u201eCortina by Comforteo\u201c mink\u0161ta lova, kurios miegamojo plotas yra 160 \u00d7 200 cm, pasi\u017eymi eleganti\u0161ku, siauru galv\u016bgaliu, dekoruotu si\u016bl\u0117mis ir juosian\u010diu apvadu. Komplektas taip pat pasi\u017eymi siaur\u0117jan\u010diais \u0161onais, suteikian\u010diais visai formai subtilesn\u0119 i\u0161vaizd\u0105. Saikingai modernus lovos dizainas leid\u017eia j\u0105 pla\u010diai derinti su \u012fvairiais interjero dizaino stiliais. Komplekt\u0105 galima i\u0161pl\u0117sti prakti\u0161kais elementais, tokiais kaip medinis \u010diu\u017einio pagrindas su dujin\u0117mis spyruokl\u0117mis, medinis \u010diu\u017einio pagrindas be pakel\u0117j\u0173 ir patalyn\u0117s d\u0117\u017e\u0117. Taip pat galite pasirinkti medin\u0117s kojel\u0117s tip\u0105 ir spalv\u0105. Apmu\u0161al\u0173 audini\u0173 pavyzd\u017eius, spalv\u0173 pavyzd\u017eius ir papildomas komplekto i\u0161pl\u0117timo galimybes rasite \u201eProdukto k\u016br\u0117juje\u201c. Lovai reikia minimalaus surinkimo.<\/p>","protected":false},"excerpt":{"rendered":"<p>Plotis: 178 cm<br \/>\nIlgis: 216 cm<br \/>\n\u016agis: 106 cm<br \/>\nMiegamoji erdv\u0117: 160 \u00d7 200 cm<br \/>\n\u0160oninis auk\u0161tis: 34 cm<\/p>","protected":false},"featured_media":221911,"comment_status":"open","ping_status":"closed","template":"","meta":[],"product_brand":[],"product_cat":[9133],"product_tag":[],"class_list":{"0":"post-221872","1":"product","2":"type-product","3":"status-publish","4":"has-post-thumbnail","6":"product_cat-grouped","8":"first","9":"instock","10":"shipping-taxable","11":"purchasable","12":"product-type-variable","13":"wvs-archive-product-wrapper"},"_links":{"self":[{"href":"https:\/\/baldumarket.lt\/lt\/wp-json\/wp\/v2\/product\/221872","targetHints":{"allow":["GET"]}}],"collection":[{"href":"https:\/\/baldumarket.lt\/lt\/wp-json\/wp\/v2\/product"}],"about":[{"href":"https:\/\/baldumarket.lt\/lt\/wp-json\/wp\/v2\/types\/product"}],"replies":[{"embeddable":true,"href":"https:\/\/baldumarket.lt\/lt\/wp-json\/wp\/v2\/comments?post=221872"}],"wp:featuredmedia":[{"embeddable":true,"href":"https:\/\/baldumarket.lt\/lt\/wp-json\/wp\/v2\/media\/221911"}],"wp:attachment":[{"href":"https:\/\/baldumarket.lt\/lt\/wp-json\/wp\/v2\/media?parent=221872"}],"wp:term":[{"taxonomy":"product_brand","embeddable":true,"href":"https:\/\/baldumarket.lt\/lt\/wp-json\/wp\/v2\/product_brand?post=221872"},{"taxonomy":"product_cat","embeddable":true,"href":"https:\/\/baldumarket.lt\/lt\/wp-json\/wp\/v2\/product_cat?post=221872"},{"taxonomy":"product_tag","embeddable":true,"href":"https:\/\/baldumarket.lt\/lt\/wp-json\/wp\/v2\/product_tag?post=221872"}],"curies":[{"name":"wp","href":"https:\/\/api.w.org\/{rel}","templated":true}]}}