{"id":221869,"date":"2025-12-27T23:23:52","date_gmt":"2025-12-27T20:23:52","guid":{"rendered":"https:\/\/baldumarket.lt\/?post_type=product&#038;p=221869"},"modified":"2026-02-03T23:11:37","modified_gmt":"2026-02-03T20:11:37","slug":"lozka-tapicerowane-cortina-standard-180x200-cm","status":"publish","type":"product","link":"https:\/\/baldumarket.lt\/lt\/product\/lozka-tapicerowane-cortina-standard-180x200-cm\/","title":{"rendered":"\u201eCortina\u201c mink\u0161tos lovos, standartin\u0117s, 180\u00d7200 cm"},"content":{"rendered":"<p>Patogi ir erdvi \u201eCortina Standard by Comforteo\u201c mink\u0161ta lova, kurios miegamojo plotas yra 180 \u00d7 200 cm, pasi\u017eymi eleganti\u0161ku, siauru galv\u016bgaliu, papuo\u0161tu si\u016bl\u0117mis ir matomu apvadu aplink j\u012f. Komplektas taip pat pasi\u017eymi siauresniais \u0161onais, suteikian\u010diais visai konstrukcijai subtilesn\u0119 i\u0161vaizd\u0105. Saikingai modernus lovos dizainas leid\u017eia pla\u010diai derinti su \u012fvairiais interjero stiliais \u2013 nuo \u200b\u200bmodernaus iki klasikinio. Komplekt\u0105 galima i\u0161pl\u0117sti prakti\u0161kais elementais, tokiais kaip medinis \u010diu\u017einio pagrindas su dujin\u0117mis spyruokl\u0117mis, medinis \u010diu\u017einio pagrindas be pakel\u0117j\u0173 ir patalyn\u0117s d\u0117\u017e\u0117. Taip pat galite pasirinkti medin\u0117s kojel\u0117s tip\u0105 ir spalv\u0105. Apmu\u0161al\u0173 audini\u0173 pavyzd\u017eius, spalv\u0173 pavyzd\u017eius ir papildomas komplekto i\u0161pl\u0117timo galimybes rasite \u201eProdukto k\u016br\u0117juje\u201c. Lovai reikia minimalaus surinkimo, be to, pridedamos ai\u0161kios instrukcijos.<\/p>","protected":false},"excerpt":{"rendered":"<p>Patogi ir erdvi mink\u0161ta \u201eCortina Standard by Comforteo\u201c lova, kurios miegamojo plotas yra 180 \u00d7 200 cm, pasi\u017eymi eleganti\u0161ku, siauru galv\u016bgaliu, papuo\u0161tu si\u016bl\u0117mis ir matomu apvadu aplink j\u012f. Komplektas taip pat turi siauresnius \u0161onus, suteikian\u010dius visai konstrukcijai subtilesn\u0119 i\u0161vaizd\u0105. Lovos saikingai modernus dizainas leid\u017eia pla\u010diai [\u2026]<\/p>","protected":false},"featured_media":221886,"comment_status":"open","ping_status":"closed","template":"","meta":[],"product_brand":[],"product_cat":[505,1972,7906],"product_tag":[],"class_list":{"0":"post-221869","1":"product","2":"type-product","3":"status-publish","4":"has-post-thumbnail","6":"product_cat-bedroom-beds","7":"product_cat-beds-180x200","8":"product_cat-comforteo","10":"first","11":"instock","12":"shipping-taxable","13":"product-type-grouped"},"_links":{"self":[{"href":"https:\/\/baldumarket.lt\/lt\/wp-json\/wp\/v2\/product\/221869","targetHints":{"allow":["GET"]}}],"collection":[{"href":"https:\/\/baldumarket.lt\/lt\/wp-json\/wp\/v2\/product"}],"about":[{"href":"https:\/\/baldumarket.lt\/lt\/wp-json\/wp\/v2\/types\/product"}],"replies":[{"embeddable":true,"href":"https:\/\/baldumarket.lt\/lt\/wp-json\/wp\/v2\/comments?post=221869"}],"wp:featuredmedia":[{"embeddable":true,"href":"https:\/\/baldumarket.lt\/lt\/wp-json\/wp\/v2\/media\/221886"}],"wp:attachment":[{"href":"https:\/\/baldumarket.lt\/lt\/wp-json\/wp\/v2\/media?parent=221869"}],"wp:term":[{"taxonomy":"product_brand","embeddable":true,"href":"https:\/\/baldumarket.lt\/lt\/wp-json\/wp\/v2\/product_brand?post=221869"},{"taxonomy":"product_cat","embeddable":true,"href":"https:\/\/baldumarket.lt\/lt\/wp-json\/wp\/v2\/product_cat?post=221869"},{"taxonomy":"product_tag","embeddable":true,"href":"https:\/\/baldumarket.lt\/lt\/wp-json\/wp\/v2\/product_tag?post=221869"}],"curies":[{"name":"wp","href":"https:\/\/api.w.org\/{rel}","templated":true}]}}