{"id":221844,"date":"2025-12-27T23:22:06","date_gmt":"2025-12-27T20:22:06","guid":{"rendered":"https:\/\/baldumarket.lt\/?post_type=product&#038;p=221844"},"modified":"2026-02-03T23:11:38","modified_gmt":"2026-02-03T20:11:38","slug":"lozka-tapicerowane-everest-140x200-cm-pojemniki-stelaz-z-podnosnikiem-gr4","status":"publish","type":"product","link":"https:\/\/baldumarket.lt\/lt\/product\/lozka-tapicerowane-everest-140x200-cm-pojemniki-stelaz-z-podnosnikiem-gr4\/","title":{"rendered":"Mink\u0161tos lovos Everest 140\u00d7200 cm, konteineriai, r\u0117mas su pak\u0117limo mechanizmu Gr4"},"content":{"rendered":"<p>Lova pasi\u017eymi vertikaliai dygsniuotu, mink\u0161tu galv\u016bgaliu, suteikian\u010diu jai presti\u017ein\u0119 i\u0161vaizd\u0105. Komplektas pasi\u017eymi madingu, moderniu stiliumi su klasikiniais elementais. Lova papildys beveik bet kok\u012f interjero dizain\u0105. Komplekte n\u0117ra \u010diu\u017einio ar \u010diu\u017einio ant\u010diu\u017einio. Lov\u0105 galima i\u0161pl\u0117sti patalyn\u0117s d\u0117\u017ee ir \u010diu\u017einio pagrindu. Papildom\u0173 variant\u0173, taip pat koj\u0173 spalv\u0173 ir apmu\u0161al\u0173 pavyzd\u017ei\u0173 rasite produkt\u0173 k\u016br\u0117jo skiltyje. Baldams reikia minimalaus surinkimo.<\/p>","protected":false},"excerpt":{"rendered":"<p>Plotis: 159 cm<br \/>\nIlgis: 231 cm<br \/>\n\u016agis: 123 cm<br \/>\nMiegamasis plotas: 140 \u00d7 200 cm<br \/>\nPatalyn\u0117: pirkimo parinktis produkt\u0173 k\u016brimo priemon\u0117je<\/p>","protected":false},"featured_media":221878,"comment_status":"open","ping_status":"closed","template":"","meta":[],"product_brand":[],"product_cat":[9133],"product_tag":[],"class_list":{"0":"post-221844","1":"product","2":"type-product","3":"status-publish","4":"has-post-thumbnail","6":"product_cat-grouped","8":"first","9":"instock","10":"shipping-taxable","11":"purchasable","12":"product-type-variable","13":"wvs-archive-product-wrapper"},"_links":{"self":[{"href":"https:\/\/baldumarket.lt\/lt\/wp-json\/wp\/v2\/product\/221844","targetHints":{"allow":["GET"]}}],"collection":[{"href":"https:\/\/baldumarket.lt\/lt\/wp-json\/wp\/v2\/product"}],"about":[{"href":"https:\/\/baldumarket.lt\/lt\/wp-json\/wp\/v2\/types\/product"}],"replies":[{"embeddable":true,"href":"https:\/\/baldumarket.lt\/lt\/wp-json\/wp\/v2\/comments?post=221844"}],"wp:featuredmedia":[{"embeddable":true,"href":"https:\/\/baldumarket.lt\/lt\/wp-json\/wp\/v2\/media\/221878"}],"wp:attachment":[{"href":"https:\/\/baldumarket.lt\/lt\/wp-json\/wp\/v2\/media?parent=221844"}],"wp:term":[{"taxonomy":"product_brand","embeddable":true,"href":"https:\/\/baldumarket.lt\/lt\/wp-json\/wp\/v2\/product_brand?post=221844"},{"taxonomy":"product_cat","embeddable":true,"href":"https:\/\/baldumarket.lt\/lt\/wp-json\/wp\/v2\/product_cat?post=221844"},{"taxonomy":"product_tag","embeddable":true,"href":"https:\/\/baldumarket.lt\/lt\/wp-json\/wp\/v2\/product_tag?post=221844"}],"curies":[{"name":"wp","href":"https:\/\/api.w.org\/{rel}","templated":true}]}}