{"id":221831,"date":"2025-12-27T23:21:20","date_gmt":"2025-12-27T20:21:20","guid":{"rendered":"https:\/\/baldumarket.lt\/?post_type=product&#038;p=221831"},"modified":"2026-02-03T23:11:38","modified_gmt":"2026-02-03T20:11:38","slug":"lozka-tapicerowane-everest-160x200-cm-pojemniki-stelaz-z-podnosnikiem-gr3","status":"publish","type":"product","link":"https:\/\/baldumarket.lt\/lt\/product\/lozka-tapicerowane-everest-160x200-cm-pojemniki-stelaz-z-podnosnikiem-gr3\/","title":{"rendered":"Mink\u0161tos lovos Everest 160&#215;200 cm, konteineriai, r\u0117mas su pak\u0117limo mechanizmu Gr3"},"content":{"rendered":"<p>\u201eEverest\u201c mink\u0161ta lova, kurios miegamojo plotas yra 160 \u00d7 200 cm, pasi\u017eymi vertikaliai dygsniuotu, mink\u0161tu galv\u016bgaliu, suteikian\u010diu baldui unikali\u0105 i\u0161vaizd\u0105. Komplektas pasi\u017eymi madingu, moderniu dizainu su klasikiniais elementais. D\u0117l sant\u016braus modernaus stiliaus jis puikiai dera prie beveik bet kokio interjero. \u010ciu\u017einys ar \u010diu\u017einio ant\u010diu\u017einys \u012f komplekt\u0105 ne\u012feina. Lov\u0105 galima prapl\u0117sti patalyn\u0117s d\u0117\u017ee ir \u010diu\u017einio pagrindu. Papildom\u0173 variant\u0173, taip pat koj\u0173 spalv\u0173 pavyzd\u017ei\u0173 ir apmu\u0161al\u0173 audini\u0173 pavyzd\u017ei\u0173 galite rasti \u201eProdukto k\u016br\u0117juje\u201c. Bald\u0105 reikia surinkti minimaliai.<\/p>","protected":false},"excerpt":{"rendered":"<p>Plotis: 179 cm<br \/>\nIlgis: 231 cm<br \/>\n\u016agis: 123 cm<br \/>\nMiegamoji erdv\u0117: 160 \u00d7 200 cm<br \/>\nPatalyn\u0117: pirkimo parinktis produkt\u0173 k\u016brimo priemon\u0117je<\/p>","protected":false},"featured_media":221856,"comment_status":"open","ping_status":"closed","template":"","meta":[],"product_brand":[],"product_cat":[9133],"product_tag":[],"class_list":{"0":"post-221831","1":"product","2":"type-product","3":"status-publish","4":"has-post-thumbnail","6":"product_cat-grouped","8":"first","9":"instock","10":"shipping-taxable","11":"purchasable","12":"product-type-variable","13":"wvs-archive-product-wrapper"},"_links":{"self":[{"href":"https:\/\/baldumarket.lt\/lt\/wp-json\/wp\/v2\/product\/221831","targetHints":{"allow":["GET"]}}],"collection":[{"href":"https:\/\/baldumarket.lt\/lt\/wp-json\/wp\/v2\/product"}],"about":[{"href":"https:\/\/baldumarket.lt\/lt\/wp-json\/wp\/v2\/types\/product"}],"replies":[{"embeddable":true,"href":"https:\/\/baldumarket.lt\/lt\/wp-json\/wp\/v2\/comments?post=221831"}],"wp:featuredmedia":[{"embeddable":true,"href":"https:\/\/baldumarket.lt\/lt\/wp-json\/wp\/v2\/media\/221856"}],"wp:attachment":[{"href":"https:\/\/baldumarket.lt\/lt\/wp-json\/wp\/v2\/media?parent=221831"}],"wp:term":[{"taxonomy":"product_brand","embeddable":true,"href":"https:\/\/baldumarket.lt\/lt\/wp-json\/wp\/v2\/product_brand?post=221831"},{"taxonomy":"product_cat","embeddable":true,"href":"https:\/\/baldumarket.lt\/lt\/wp-json\/wp\/v2\/product_cat?post=221831"},{"taxonomy":"product_tag","embeddable":true,"href":"https:\/\/baldumarket.lt\/lt\/wp-json\/wp\/v2\/product_tag?post=221831"}],"curies":[{"name":"wp","href":"https:\/\/api.w.org\/{rel}","templated":true}]}}