{"id":221808,"date":"2025-12-27T23:20:02","date_gmt":"2025-12-27T20:20:02","guid":{"rendered":"https:\/\/baldumarket.lt\/?post_type=product&#038;p=221808"},"modified":"2026-02-03T23:11:39","modified_gmt":"2026-02-03T20:11:39","slug":"lozka-tapicerowane-everest-180x200-cm-pojemniki-stelaz-z-podnosnikiem-gr1","status":"publish","type":"product","link":"https:\/\/baldumarket.lt\/lt\/product\/lozka-tapicerowane-everest-180x200-cm-pojemniki-stelaz-z-podnosnikiem-gr1\/","title":{"rendered":"Mink\u0161tos lovos Everest 180&#215;200 cm, konteineriai, r\u0117mas su pak\u0117limo mechanizmu Gr1"},"content":{"rendered":"<p>\u201eEverest\u201c mink\u0161ta lova \u017eavi unikaliu, vertikaliai dygsniuotu, mink\u0161tu galv\u016bgaliu. Ji si\u016blo erdv\u0173 miegojimo plot\u0105, kurio matmenys \u2013 180 \u00d7 200 cm. Komplektas pasi\u017eymi madingu, moderniu dizainu su klasikiniais elementais. D\u0117l sant\u016braus modernaus stiliaus jis puikiai dera prie beveik bet kokio interjero. \u010ciu\u017einys ar \u010diu\u017einio u\u017etiesalas \u012f komplekt\u0105 ne\u012feina. Lov\u0105 galima prapl\u0117sti patalyn\u0117s d\u0117\u017ee ir \u010diu\u017einio pagrindu. Papildom\u0173 variant\u0173, koj\u0173 spalv\u0173 pavyzd\u017ei\u0173 ir apmu\u0161al\u0173 audini\u0173 pavyzd\u017ei\u0173 rasite \u201eProdukto k\u016br\u0117j\u201c puslapyje. Komplekt\u0105 reikia surinkti minimaliai, o surinkimo instrukcijos yra ai\u0161kios.<\/p>","protected":false},"excerpt":{"rendered":"<p>Plotis: 199 cm<br \/>\nIlgis: 231 cm<br \/>\n\u016agis: 123 cm<br \/>\nMiegamoji erdv\u0117: 180 x 200 cm<br \/>\nPatalyn\u0117: pirkimo parinktis produkt\u0173 k\u016brimo priemon\u0117je<\/p>","protected":false},"featured_media":221846,"comment_status":"open","ping_status":"closed","template":"","meta":[],"product_brand":[],"product_cat":[9133],"product_tag":[],"class_list":{"0":"post-221808","1":"product","2":"type-product","3":"status-publish","4":"has-post-thumbnail","6":"product_cat-grouped","8":"first","9":"instock","10":"shipping-taxable","11":"purchasable","12":"product-type-variable","13":"wvs-archive-product-wrapper"},"_links":{"self":[{"href":"https:\/\/baldumarket.lt\/lt\/wp-json\/wp\/v2\/product\/221808","targetHints":{"allow":["GET"]}}],"collection":[{"href":"https:\/\/baldumarket.lt\/lt\/wp-json\/wp\/v2\/product"}],"about":[{"href":"https:\/\/baldumarket.lt\/lt\/wp-json\/wp\/v2\/types\/product"}],"replies":[{"embeddable":true,"href":"https:\/\/baldumarket.lt\/lt\/wp-json\/wp\/v2\/comments?post=221808"}],"wp:featuredmedia":[{"embeddable":true,"href":"https:\/\/baldumarket.lt\/lt\/wp-json\/wp\/v2\/media\/221846"}],"wp:attachment":[{"href":"https:\/\/baldumarket.lt\/lt\/wp-json\/wp\/v2\/media?parent=221808"}],"wp:term":[{"taxonomy":"product_brand","embeddable":true,"href":"https:\/\/baldumarket.lt\/lt\/wp-json\/wp\/v2\/product_brand?post=221808"},{"taxonomy":"product_cat","embeddable":true,"href":"https:\/\/baldumarket.lt\/lt\/wp-json\/wp\/v2\/product_cat?post=221808"},{"taxonomy":"product_tag","embeddable":true,"href":"https:\/\/baldumarket.lt\/lt\/wp-json\/wp\/v2\/product_tag?post=221808"}],"curies":[{"name":"wp","href":"https:\/\/api.w.org\/{rel}","templated":true}]}}