{"id":221795,"date":"2025-12-27T23:19:00","date_gmt":"2025-12-27T20:19:00","guid":{"rendered":"https:\/\/baldumarket.lt\/?post_type=product&#038;p=221795"},"modified":"2026-02-03T23:11:41","modified_gmt":"2026-02-03T20:11:41","slug":"lozka-tapicerowane-fiore-140x200-cm-gr2","status":"publish","type":"product","link":"https:\/\/baldumarket.lt\/lt\/product\/lozka-tapicerowane-fiore-140x200-cm-gr2\/","title":{"rendered":"Fiore mink\u0161tos lovos 140&#215;200 cm Gr2"},"content":{"rendered":"<p>\u201eFiore\u201c apmu\u0161ta lova pasi\u017eymi vertikaliai dygsniuotu galv\u016bgaliu, kuris pabr\u0117\u017eia komplekto presti\u017ein\u012f charakter\u012f. Joje yra du patalyn\u0117s skyriai ir \u010diu\u017einio pagrindas su dujiniais keltuvais. Visas komplektas stovi ant juodos metalin\u0117s kojos. Lova si\u016bloma su \u012fvairiais apmu\u0161al\u0173 audiniais, kuriuos galite rasti gamini\u0173 vedlyje. J\u0105 surinkti labai paprasta. Komplekte n\u0117ra \u010diu\u017einio, j\u012f reikia \u012fsigyti atskirai.<\/p>","protected":false},"excerpt":{"rendered":"<p>Plotis: 140 cm<br \/>\nIlgis: 214 cm<br \/>\n\u016agis: 118 cm<br \/>\nMiegamasis plotas: 140 \u00d7 200 cm<br \/>\n\u0160oninis auk\u0161tis: 38 cm<\/p>","protected":false},"featured_media":221825,"comment_status":"open","ping_status":"closed","template":"","meta":[],"product_brand":[],"product_cat":[9133],"product_tag":[],"class_list":{"0":"post-221795","1":"product","2":"type-product","3":"status-publish","4":"has-post-thumbnail","6":"product_cat-grouped","8":"first","9":"instock","10":"shipping-taxable","11":"purchasable","12":"product-type-variable","13":"wvs-archive-product-wrapper"},"_links":{"self":[{"href":"https:\/\/baldumarket.lt\/lt\/wp-json\/wp\/v2\/product\/221795","targetHints":{"allow":["GET"]}}],"collection":[{"href":"https:\/\/baldumarket.lt\/lt\/wp-json\/wp\/v2\/product"}],"about":[{"href":"https:\/\/baldumarket.lt\/lt\/wp-json\/wp\/v2\/types\/product"}],"replies":[{"embeddable":true,"href":"https:\/\/baldumarket.lt\/lt\/wp-json\/wp\/v2\/comments?post=221795"}],"wp:featuredmedia":[{"embeddable":true,"href":"https:\/\/baldumarket.lt\/lt\/wp-json\/wp\/v2\/media\/221825"}],"wp:attachment":[{"href":"https:\/\/baldumarket.lt\/lt\/wp-json\/wp\/v2\/media?parent=221795"}],"wp:term":[{"taxonomy":"product_brand","embeddable":true,"href":"https:\/\/baldumarket.lt\/lt\/wp-json\/wp\/v2\/product_brand?post=221795"},{"taxonomy":"product_cat","embeddable":true,"href":"https:\/\/baldumarket.lt\/lt\/wp-json\/wp\/v2\/product_cat?post=221795"},{"taxonomy":"product_tag","embeddable":true,"href":"https:\/\/baldumarket.lt\/lt\/wp-json\/wp\/v2\/product_tag?post=221795"}],"curies":[{"name":"wp","href":"https:\/\/api.w.org\/{rel}","templated":true}]}}