{"id":221790,"date":"2025-12-27T23:18:51","date_gmt":"2025-12-27T20:18:51","guid":{"rendered":"https:\/\/baldumarket.lt\/?post_type=product&#038;p=221790"},"modified":"2026-02-03T23:11:41","modified_gmt":"2026-02-03T20:11:41","slug":"lozka-tapicerowane-fiore-160x200-cm-gr5","status":"publish","type":"product","link":"https:\/\/baldumarket.lt\/lt\/product\/lozka-tapicerowane-fiore-160x200-cm-gr5\/","title":{"rendered":"Fiore mink\u0161tos lovos 160&#215;200 cm Gr5"},"content":{"rendered":"<p>\u201eFiore\u201c mink\u0161ta lova, kurios miegamojo plotas yra 160 x 200 cm, pasi\u017eymi vertikaliai dygsniuotu galv\u016bgaliu, pabr\u0117\u017eian\u010diu komplekto presti\u017ein\u012f charakter\u012f. Joje yra du lygiagret\u016bs patalyn\u0117s skyriai ir \u010diu\u017einio pagrindas su dujiniais keltuvais. Visas komplektas stovi ant juodos metalin\u0117s kojos. Lova si\u016bloma su \u012fvairiais apmu\u0161alais, kuriuos galite rasti gamini\u0173 vedlyje. J\u0105 surinkti labai paprasta. \u012e komplekt\u0105 ne\u012feina \u010diu\u017einys, kur\u012f reikia \u012fsigyti atskirai.<\/p>","protected":false},"excerpt":{"rendered":"<p>Plotis: 160 cm<br \/>\nIlgis: 214 cm<br \/>\n\u016agis: 118 cm<br \/>\nMiegamoji erdv\u0117: 160 \u00d7 200 cm<br \/>\n\u0160oninis auk\u0161tis: 38 cm<\/p>","protected":false},"featured_media":221816,"comment_status":"open","ping_status":"closed","template":"","meta":[],"product_brand":[],"product_cat":[9133],"product_tag":[],"class_list":{"0":"post-221790","1":"product","2":"type-product","3":"status-publish","4":"has-post-thumbnail","6":"product_cat-grouped","8":"first","9":"instock","10":"shipping-taxable","11":"purchasable","12":"product-type-variable","13":"wvs-archive-product-wrapper"},"_links":{"self":[{"href":"https:\/\/baldumarket.lt\/lt\/wp-json\/wp\/v2\/product\/221790","targetHints":{"allow":["GET"]}}],"collection":[{"href":"https:\/\/baldumarket.lt\/lt\/wp-json\/wp\/v2\/product"}],"about":[{"href":"https:\/\/baldumarket.lt\/lt\/wp-json\/wp\/v2\/types\/product"}],"replies":[{"embeddable":true,"href":"https:\/\/baldumarket.lt\/lt\/wp-json\/wp\/v2\/comments?post=221790"}],"wp:featuredmedia":[{"embeddable":true,"href":"https:\/\/baldumarket.lt\/lt\/wp-json\/wp\/v2\/media\/221816"}],"wp:attachment":[{"href":"https:\/\/baldumarket.lt\/lt\/wp-json\/wp\/v2\/media?parent=221790"}],"wp:term":[{"taxonomy":"product_brand","embeddable":true,"href":"https:\/\/baldumarket.lt\/lt\/wp-json\/wp\/v2\/product_brand?post=221790"},{"taxonomy":"product_cat","embeddable":true,"href":"https:\/\/baldumarket.lt\/lt\/wp-json\/wp\/v2\/product_cat?post=221790"},{"taxonomy":"product_tag","embeddable":true,"href":"https:\/\/baldumarket.lt\/lt\/wp-json\/wp\/v2\/product_tag?post=221790"}],"curies":[{"name":"wp","href":"https:\/\/api.w.org\/{rel}","templated":true}]}}