{"id":221776,"date":"2025-12-27T23:18:15","date_gmt":"2025-12-27T20:18:15","guid":{"rendered":"https:\/\/baldumarket.lt\/?post_type=product&#038;p=221776"},"modified":"2026-02-03T23:11:42","modified_gmt":"2026-02-03T20:11:42","slug":"lozka-tapicerowane-fiore-180x200-cm","status":"publish","type":"product","link":"https:\/\/baldumarket.lt\/lt\/product\/lozka-tapicerowane-fiore-180x200-cm\/","title":{"rendered":"Fiore mink\u0161tos lovos 180&#215;200 cm"},"content":{"rendered":"<p>Patraukli \u201eFiore\u201c 180 x 200 cm mink\u0161ta lova pasi\u017eymi vertikaliai dygsniuotu galv\u016bgaliu, kuris pabr\u0117\u017eia komplekto presti\u017ein\u012f charakter\u012f. Joje yra du lygiagret\u016bs patalyn\u0117s skyriai ir \u010diu\u017einio pagrindas su dujiniais keltuvais. Visas komplektas stovi ant 12 cm juodos metalin\u0117s kojel\u0117s. Lova gali b\u016bti apmu\u0161ta \u012fvairiais audiniais, kaip parodyta gaminio vedlyje. J\u0105 surinkti labai paprasta. \u010ciu\u017einys \u012f komplekt\u0105 ne\u012feina ir turi b\u016bti \u012fsigyjamas atskirai.<\/p>","protected":false},"excerpt":{"rendered":"<p>The attractive Fiore 180 x 200 cm upholstered bed features a vertically stitched headboard, emphasizing the set&#8217;s prestigious character. It features two parallel bedding compartments and a mattress base with gas lifts. The entire unit rests on a 12 cm black metal leg. The bed is available in a wide range of upholstery fabrics, as [&hellip;]<\/p>","protected":false},"featured_media":221796,"comment_status":"open","ping_status":"closed","template":"","meta":[],"product_brand":[],"product_cat":[505,1972,7906],"product_tag":[],"class_list":{"0":"post-221776","1":"product","2":"type-product","3":"status-publish","4":"has-post-thumbnail","6":"product_cat-bedroom-beds","7":"product_cat-beds-180x200","8":"product_cat-comforteo","10":"first","11":"instock","12":"shipping-taxable","13":"product-type-grouped"},"_links":{"self":[{"href":"https:\/\/baldumarket.lt\/lt\/wp-json\/wp\/v2\/product\/221776","targetHints":{"allow":["GET"]}}],"collection":[{"href":"https:\/\/baldumarket.lt\/lt\/wp-json\/wp\/v2\/product"}],"about":[{"href":"https:\/\/baldumarket.lt\/lt\/wp-json\/wp\/v2\/types\/product"}],"replies":[{"embeddable":true,"href":"https:\/\/baldumarket.lt\/lt\/wp-json\/wp\/v2\/comments?post=221776"}],"wp:featuredmedia":[{"embeddable":true,"href":"https:\/\/baldumarket.lt\/lt\/wp-json\/wp\/v2\/media\/221796"}],"wp:attachment":[{"href":"https:\/\/baldumarket.lt\/lt\/wp-json\/wp\/v2\/media?parent=221776"}],"wp:term":[{"taxonomy":"product_brand","embeddable":true,"href":"https:\/\/baldumarket.lt\/lt\/wp-json\/wp\/v2\/product_brand?post=221776"},{"taxonomy":"product_cat","embeddable":true,"href":"https:\/\/baldumarket.lt\/lt\/wp-json\/wp\/v2\/product_cat?post=221776"},{"taxonomy":"product_tag","embeddable":true,"href":"https:\/\/baldumarket.lt\/lt\/wp-json\/wp\/v2\/product_tag?post=221776"}],"curies":[{"name":"wp","href":"https:\/\/api.w.org\/{rel}","templated":true}]}}