{"id":221745,"date":"2025-12-27T23:16:14","date_gmt":"2025-12-27T20:16:14","guid":{"rendered":"https:\/\/baldumarket.lt\/?post_type=product&#038;p=221745"},"modified":"2026-02-03T23:11:43","modified_gmt":"2026-02-03T20:11:43","slug":"lozka-tapicerowane-genesis-140x200-cm-akcesoria-drewniane-gr1","status":"publish","type":"product","link":"https:\/\/baldumarket.lt\/lt\/product\/lozka-tapicerowane-genesis-140x200-cm-akcesoria-drewniane-gr1\/","title":{"rendered":"\u201eGenesis\u201c mink\u0161tos lovos 140&#215;200 cm, mediniai aksesuarai Gr1"},"content":{"rendered":"<p>\u201eGenesis by Comforteo\u201c mink\u0161ta lova, kurios miegamojo plotas yra 140 \u00d7 200 cm, traukia ak\u012f apvaliomis formomis. Auk\u0161tas, mink\u0161tas galv\u016bgalis taip pat suteikia puiki\u0105 nugaros atram\u0105 skaitant knyg\u0105 ar \u017ei\u016brint m\u0117gstam\u0105 serial\u0105. Baldai komplektuojami su mediniais aksesuarais, kurie tarnauja kaip knyg\u0173 lentynos arba naktin\u0117 lempa. Komplekt\u0105 galima i\u0161pl\u0117sti \u010diu\u017einiu, patalyn\u0117s d\u0117\u017ee, r\u0117mu ir r\u0117mu su \u010diu\u017einio pak\u0117limu. Baldams reikia minimalaus surinkimo ir jie gali b\u016bti pagaminti i\u0161 \u012fvairi\u0173 audini\u0173. Audini\u0173 pavyzd\u017eius galite rasti \u201eProduct Creator\u201c svetain\u0117je.<\/p>","protected":false},"excerpt":{"rendered":"<p>Plotis: 230 cm<br \/>\nIlgis: 238 cm<br \/>\n\u016agis: 118 cm<br \/>\nMiegamasis plotas: 140 \u00d7 200 cm<br \/>\n\u0160oninis auk\u0161tis: 34 cm<\/p>","protected":false},"featured_media":221785,"comment_status":"open","ping_status":"closed","template":"","meta":[],"product_brand":[],"product_cat":[9133],"product_tag":[],"class_list":{"0":"post-221745","1":"product","2":"type-product","3":"status-publish","4":"has-post-thumbnail","6":"product_cat-grouped","8":"first","9":"instock","10":"shipping-taxable","11":"purchasable","12":"product-type-variable","13":"wvs-archive-product-wrapper"},"_links":{"self":[{"href":"https:\/\/baldumarket.lt\/lt\/wp-json\/wp\/v2\/product\/221745","targetHints":{"allow":["GET"]}}],"collection":[{"href":"https:\/\/baldumarket.lt\/lt\/wp-json\/wp\/v2\/product"}],"about":[{"href":"https:\/\/baldumarket.lt\/lt\/wp-json\/wp\/v2\/types\/product"}],"replies":[{"embeddable":true,"href":"https:\/\/baldumarket.lt\/lt\/wp-json\/wp\/v2\/comments?post=221745"}],"wp:featuredmedia":[{"embeddable":true,"href":"https:\/\/baldumarket.lt\/lt\/wp-json\/wp\/v2\/media\/221785"}],"wp:attachment":[{"href":"https:\/\/baldumarket.lt\/lt\/wp-json\/wp\/v2\/media?parent=221745"}],"wp:term":[{"taxonomy":"product_brand","embeddable":true,"href":"https:\/\/baldumarket.lt\/lt\/wp-json\/wp\/v2\/product_brand?post=221745"},{"taxonomy":"product_cat","embeddable":true,"href":"https:\/\/baldumarket.lt\/lt\/wp-json\/wp\/v2\/product_cat?post=221745"},{"taxonomy":"product_tag","embeddable":true,"href":"https:\/\/baldumarket.lt\/lt\/wp-json\/wp\/v2\/product_tag?post=221745"}],"curies":[{"name":"wp","href":"https:\/\/api.w.org\/{rel}","templated":true}]}}