{"id":221744,"date":"2025-12-27T23:16:12","date_gmt":"2025-12-27T20:16:12","guid":{"rendered":"https:\/\/baldumarket.lt\/?post_type=product&#038;p=221744"},"modified":"2026-02-03T23:11:43","modified_gmt":"2026-02-03T20:11:43","slug":"lozka-tapicerowane-genesis-160x200-cm-akcesoria-drewniane","status":"publish","type":"product","link":"https:\/\/baldumarket.lt\/lt\/product\/lozka-tapicerowane-genesis-160x200-cm-akcesoria-drewniane\/","title":{"rendered":"\u201eGenesis\u201c mink\u0161tos lovos 160&#215;200 cm, mediniai aksesuarai"},"content":{"rendered":"<p>Kvap\u0105 gniau\u017eianti \u201eGenesis by Comforteo\u201c lova, kurios miegamojo plotas yra 160 \u00d7 200 cm, keri ak\u012f apvaliomis formomis ir \u012fkvepia pakeisti j\u016bs\u0173 miegam\u0105j\u012f. Auk\u0161tas, mink\u0161tas galv\u016bgalis taip pat suteikia puiki\u0105 nugaros atram\u0105 skaitant knyg\u0105 ar \u017ei\u016brint m\u0117gstam\u0105 serial\u0105. Baldai komplektuojami su mediniais aksesuarais, kurie tarnauja kaip lentynos \/ naktiniai staleliai knygai, puodeliui arbatos prie\u0161 mieg\u0105 ar naktinei lemputei. Komplekt\u0105 galima i\u0161pl\u0117sti \u010diu\u017einiu, patalyn\u0117s d\u0117\u017ee, r\u0117mu ir r\u0117mu su \u010diu\u017einio pak\u0117limu. Baldams reikia minimalaus surinkimo ir jie si\u016blomi su \u012fvairiais audiniais. Audini\u0173 pavyzd\u017eius galite rasti \u201eProduct Creator\u201c svetain\u0117je.<\/p>","protected":false},"excerpt":{"rendered":"<p>The breathtaking Genesis by Comforteo bed, with a sleeping area of \u200b\u200b160&#215;200 cm, captivates the eye with its rounded shapes and inspires changes to your bedroom. The high, soft headboard also provides excellent back support while reading a book or watching your favorite TV series. The furniture is equipped with wooden accessories that serve as [&hellip;]<\/p>","protected":false},"featured_media":221761,"comment_status":"open","ping_status":"closed","template":"","meta":[],"product_brand":[],"product_cat":[505,1971,7906],"product_tag":[],"class_list":{"0":"post-221744","1":"product","2":"type-product","3":"status-publish","4":"has-post-thumbnail","6":"product_cat-bedroom-beds","7":"product_cat-beds-160x200","8":"product_cat-comforteo","10":"first","11":"instock","12":"shipping-taxable","13":"product-type-grouped"},"_links":{"self":[{"href":"https:\/\/baldumarket.lt\/lt\/wp-json\/wp\/v2\/product\/221744","targetHints":{"allow":["GET"]}}],"collection":[{"href":"https:\/\/baldumarket.lt\/lt\/wp-json\/wp\/v2\/product"}],"about":[{"href":"https:\/\/baldumarket.lt\/lt\/wp-json\/wp\/v2\/types\/product"}],"replies":[{"embeddable":true,"href":"https:\/\/baldumarket.lt\/lt\/wp-json\/wp\/v2\/comments?post=221744"}],"wp:featuredmedia":[{"embeddable":true,"href":"https:\/\/baldumarket.lt\/lt\/wp-json\/wp\/v2\/media\/221761"}],"wp:attachment":[{"href":"https:\/\/baldumarket.lt\/lt\/wp-json\/wp\/v2\/media?parent=221744"}],"wp:term":[{"taxonomy":"product_brand","embeddable":true,"href":"https:\/\/baldumarket.lt\/lt\/wp-json\/wp\/v2\/product_brand?post=221744"},{"taxonomy":"product_cat","embeddable":true,"href":"https:\/\/baldumarket.lt\/lt\/wp-json\/wp\/v2\/product_cat?post=221744"},{"taxonomy":"product_tag","embeddable":true,"href":"https:\/\/baldumarket.lt\/lt\/wp-json\/wp\/v2\/product_tag?post=221744"}],"curies":[{"name":"wp","href":"https:\/\/api.w.org\/{rel}","templated":true}]}}