{"id":22172,"date":"2025-11-14T14:11:48","date_gmt":"2025-11-14T11:11:48","guid":{"rendered":"https:\/\/baldumarket.lt\/product\/materac-piankowy-luna-200x200-medicott-silver\/"},"modified":"2026-03-24T18:21:50","modified_gmt":"2026-03-24T15:21:50","slug":"materac-piankowy-luna-200x200-medicott-silver","status":"publish","type":"product","link":"https:\/\/baldumarket.lt\/lt\/product\/materac-piankowy-luna-200x200-medicott-silver\/","title":{"rendered":"\u010ciu\u017einys \u201eLuna\u201c putplas\u010dio pagrindu, 200\u00d7200, \u201eMedicott\u201c, sidabrinis"},"content":{"rendered":"<p>Tre\u010ddal\u012f savo gyvenimo praleid\u017eiame lovoje, tod\u0117l \u017einome, kaip svarbu pasirinkti tobul\u0105 \u010diu\u017ein\u012f pagal savo poreikius. Putplas\u010dio ir kokoso pluo\u0161to plok\u0161t\u0117s derinys garantuoja patog\u0173 poils\u012f. \u201eLuna\u201c putplas\u010dio \u010diu\u017einys su sidabro spalvos u\u017evalkalu yra puikus pasirinkimas putplas\u010dio \u010diu\u017eini\u0173 m\u0117g\u0117jams. Storo T2542 putplas\u010dio, apgaubto nuimamu u\u017evalkalu, naudojimas garantuoja ger\u0105 nakties mieg\u0105.<\/p>","protected":false},"excerpt":{"rendered":"<p>Tre\u010ddal\u012f savo gyvenimo praleid\u017eiame lovoje, tod\u0117l \u017einome, kaip svarbu pasirinkti tobul\u0105 \u010diu\u017ein\u012f pagal savo poreikius. Putplas\u010dio ir kokoso pluo\u0161to plok\u0161t\u0117s derinys garantuoja patog\u0173 poils\u012f. \u201eLuna\u201c putplas\u010dio \u010diu\u017einys su sidabro spalvos u\u017evalkalu yra puikus pasirinkimas putplas\u010dio \u010diu\u017eini\u0173 m\u0117g\u0117jams. Naudojant [\u2026]<\/p>","protected":false},"featured_media":22152,"comment_status":"open","ping_status":"open","template":"","meta":[],"product_brand":[],"product_cat":[2012,1099,9144],"product_tag":[],"class_list":{"0":"post-22172","1":"product","2":"type-product","3":"status-publish","4":"has-post-thumbnail","6":"product_cat-eltap","7":"product_cat-mattresses","8":"product_cat-mattresses-200x200","10":"first","11":"instock","12":"purchasable","13":"product-type-simple"},"_links":{"self":[{"href":"https:\/\/baldumarket.lt\/lt\/wp-json\/wp\/v2\/product\/22172","targetHints":{"allow":["GET"]}}],"collection":[{"href":"https:\/\/baldumarket.lt\/lt\/wp-json\/wp\/v2\/product"}],"about":[{"href":"https:\/\/baldumarket.lt\/lt\/wp-json\/wp\/v2\/types\/product"}],"replies":[{"embeddable":true,"href":"https:\/\/baldumarket.lt\/lt\/wp-json\/wp\/v2\/comments?post=22172"}],"wp:featuredmedia":[{"embeddable":true,"href":"https:\/\/baldumarket.lt\/lt\/wp-json\/wp\/v2\/media\/22152"}],"wp:attachment":[{"href":"https:\/\/baldumarket.lt\/lt\/wp-json\/wp\/v2\/media?parent=22172"}],"wp:term":[{"taxonomy":"product_brand","embeddable":true,"href":"https:\/\/baldumarket.lt\/lt\/wp-json\/wp\/v2\/product_brand?post=22172"},{"taxonomy":"product_cat","embeddable":true,"href":"https:\/\/baldumarket.lt\/lt\/wp-json\/wp\/v2\/product_cat?post=22172"},{"taxonomy":"product_tag","embeddable":true,"href":"https:\/\/baldumarket.lt\/lt\/wp-json\/wp\/v2\/product_tag?post=22172"}],"curies":[{"name":"wp","href":"https:\/\/api.w.org\/{rel}","templated":true}]}}