{"id":221712,"date":"2025-12-27T23:14:16","date_gmt":"2025-12-27T20:14:16","guid":{"rendered":"https:\/\/baldumarket.lt\/?post_type=product&#038;p=221712"},"modified":"2026-02-03T23:11:45","modified_gmt":"2026-02-03T20:11:45","slug":"lozka-tapicerowane-kasandra-standard-140x200-cm","status":"publish","type":"product","link":"https:\/\/baldumarket.lt\/lt\/product\/lozka-tapicerowane-kasandra-standard-140x200-cm\/","title":{"rendered":"Kasandra mink\u0161tos lovos standartin\u0117s 140&#215;200 cm"},"content":{"rendered":"<p>\u201eKassandra\u201c lova pasi\u017eymi nuostabiu, dygsniuotu ir rankomis si\u016btu galv\u016bgaliu, primenan\u010diu \u017euv\u0173 \u017evynus. Klasikinis galv\u016bgalio dizainas puikiai tinka bet kokiam tuo pa\u010diu stiliumi dekoruotam interjerui. Eleganti\u0161k\u0105 miegamojo stili\u0173 pary\u0161kina audiniu apsi\u016btos apmu\u0161al\u0173 sagos. Komplekt\u0105 galima i\u0161pl\u0117sti papildomais priedais, tokiais kaip priekyje atidaroma patalyn\u0117s spintel\u0117, \u010diu\u017einio pagrindas su pakeltuvais arba \u010diu\u017einio pagrindas be pakeltuv\u0173. Galima rinktis i\u0161 plataus spalv\u0173, koj\u0173 tip\u0173 ir apmu\u0161al\u0173 audini\u0173 asortimento. Papildomus priedus, audini\u0173 ir spalv\u0173 pavyzd\u017eius galite rasti produkt\u0173 k\u016br\u0117jo svetain\u0117je.<\/p>","protected":false},"excerpt":{"rendered":"<p>The Kassandra bed features a gorgeous, quilted and hand-stitched headboard, reminiscent of fish scales. The classic headboard design makes it a perfect fit for any interior decorated in the same style. The elegant style of the bedroom is enhanced by fabric-trimmed upholstery buttons. The set can be expanded with optional accessories, such as a front-opening [&hellip;]<\/p>","protected":false},"featured_media":221730,"comment_status":"open","ping_status":"closed","template":"","meta":[],"product_brand":[],"product_cat":[505,1970,7906],"product_tag":[],"class_list":{"0":"post-221712","1":"product","2":"type-product","3":"status-publish","4":"has-post-thumbnail","6":"product_cat-bedroom-beds","7":"product_cat-beds-140x200","8":"product_cat-comforteo","10":"first","11":"instock","12":"shipping-taxable","13":"product-type-grouped"},"_links":{"self":[{"href":"https:\/\/baldumarket.lt\/lt\/wp-json\/wp\/v2\/product\/221712","targetHints":{"allow":["GET"]}}],"collection":[{"href":"https:\/\/baldumarket.lt\/lt\/wp-json\/wp\/v2\/product"}],"about":[{"href":"https:\/\/baldumarket.lt\/lt\/wp-json\/wp\/v2\/types\/product"}],"replies":[{"embeddable":true,"href":"https:\/\/baldumarket.lt\/lt\/wp-json\/wp\/v2\/comments?post=221712"}],"wp:featuredmedia":[{"embeddable":true,"href":"https:\/\/baldumarket.lt\/lt\/wp-json\/wp\/v2\/media\/221730"}],"wp:attachment":[{"href":"https:\/\/baldumarket.lt\/lt\/wp-json\/wp\/v2\/media?parent=221712"}],"wp:term":[{"taxonomy":"product_brand","embeddable":true,"href":"https:\/\/baldumarket.lt\/lt\/wp-json\/wp\/v2\/product_brand?post=221712"},{"taxonomy":"product_cat","embeddable":true,"href":"https:\/\/baldumarket.lt\/lt\/wp-json\/wp\/v2\/product_cat?post=221712"},{"taxonomy":"product_tag","embeddable":true,"href":"https:\/\/baldumarket.lt\/lt\/wp-json\/wp\/v2\/product_tag?post=221712"}],"curies":[{"name":"wp","href":"https:\/\/api.w.org\/{rel}","templated":true}]}}