{"id":221679,"date":"2025-12-27T23:12:16","date_gmt":"2025-12-27T20:12:16","guid":{"rendered":"https:\/\/baldumarket.lt\/?post_type=product&#038;p=221679"},"modified":"2026-02-03T23:11:47","modified_gmt":"2026-02-03T20:11:47","slug":"lozka-tapicerowane-kasandra-standard-160x200-cm-gr1","status":"publish","type":"product","link":"https:\/\/baldumarket.lt\/lt\/product\/lozka-tapicerowane-kasandra-standard-160x200-cm-gr1\/","title":{"rendered":"Mink\u0161tos lovos Kasandra standartin\u0117 160&#215;200 cm Gr1"},"content":{"rendered":"<p>\u201eKassandra\u201c lova, kurios miegamojo plotas yra 160 \u00d7 200 cm, pasi\u017eymi gra\u017eiai eleganti\u0161ku, dygsniuotu ir rankomis si\u016btu galv\u016bgaliu su i\u0161skirtiniu \u017euv\u0173 \u017evyn\u0173 ra\u0161tu. Klasikinis galv\u016bgalio dizainas puikiai tinka bet kokiam tuo pa\u010diu stiliumi dekoruotam interjerui. Presti\u017ein\u012f miegamojo stili\u0173 pary\u0161kina dekoratyviniu audiniu aptrauktos apmu\u0161al\u0173 sagos. Komplekt\u0105 galima i\u0161pl\u0117sti papildomais elementais, tokiais kaip erdvi priekyje atidaroma patalyn\u0117s d\u0117\u017e\u0117, \u010diu\u017einio pagrindas su pakeltuvais arba \u010diu\u017einio pagrindas be pakeltuv\u0173. Taip pat galimas platus spalv\u0173, koj\u0173 tip\u0173 ir apmu\u0161al\u0173 pasirinkimas. Papildomus elementus, audini\u0173 ir spalv\u0173 pavyzd\u017eius galite rasti produkt\u0173 k\u016br\u0117jo svetain\u0117je.<\/p>","protected":false},"excerpt":{"rendered":"<p>Plotis: 175 cm<br \/>\nIlgis: 220 cm<br \/>\n\u016agis: 108 cm<br \/>\nMiegamoji erdv\u0117: 160 \u00d7 200 cm<br \/>\n\u0160oninis auk\u0161tis: 32 cm<\/p>","protected":false},"featured_media":221720,"comment_status":"open","ping_status":"closed","template":"","meta":[],"product_brand":[],"product_cat":[9133],"product_tag":[],"class_list":{"0":"post-221679","1":"product","2":"type-product","3":"status-publish","4":"has-post-thumbnail","6":"product_cat-grouped","8":"first","9":"instock","10":"shipping-taxable","11":"purchasable","12":"product-type-variable","13":"wvs-archive-product-wrapper"},"_links":{"self":[{"href":"https:\/\/baldumarket.lt\/lt\/wp-json\/wp\/v2\/product\/221679","targetHints":{"allow":["GET"]}}],"collection":[{"href":"https:\/\/baldumarket.lt\/lt\/wp-json\/wp\/v2\/product"}],"about":[{"href":"https:\/\/baldumarket.lt\/lt\/wp-json\/wp\/v2\/types\/product"}],"replies":[{"embeddable":true,"href":"https:\/\/baldumarket.lt\/lt\/wp-json\/wp\/v2\/comments?post=221679"}],"wp:featuredmedia":[{"embeddable":true,"href":"https:\/\/baldumarket.lt\/lt\/wp-json\/wp\/v2\/media\/221720"}],"wp:attachment":[{"href":"https:\/\/baldumarket.lt\/lt\/wp-json\/wp\/v2\/media?parent=221679"}],"wp:term":[{"taxonomy":"product_brand","embeddable":true,"href":"https:\/\/baldumarket.lt\/lt\/wp-json\/wp\/v2\/product_brand?post=221679"},{"taxonomy":"product_cat","embeddable":true,"href":"https:\/\/baldumarket.lt\/lt\/wp-json\/wp\/v2\/product_cat?post=221679"},{"taxonomy":"product_tag","embeddable":true,"href":"https:\/\/baldumarket.lt\/lt\/wp-json\/wp\/v2\/product_tag?post=221679"}],"curies":[{"name":"wp","href":"https:\/\/api.w.org\/{rel}","templated":true}]}}