{"id":221678,"date":"2025-12-27T23:12:14","date_gmt":"2025-12-27T20:12:14","guid":{"rendered":"https:\/\/baldumarket.lt\/?post_type=product&#038;p=221678"},"modified":"2026-02-03T23:11:47","modified_gmt":"2026-02-03T20:11:47","slug":"lozka-tapicerowane-kasandra-standard-180x200-cm","status":"publish","type":"product","link":"https:\/\/baldumarket.lt\/lt\/product\/lozka-tapicerowane-kasandra-standard-180x200-cm\/","title":{"rendered":"Kasandra mink\u0161tos lovos standartin\u0117s 180\u00d7200 cm"},"content":{"rendered":"<p>Didel\u0117 ir erdvi mink\u0161ta \u201eKassandra\u201c lova, kurios miegamojo plotas yra 180 x 200 cm, pasi\u017eymi eleganti\u0161ku, dygsniuotu ir rankomis siuvin\u0117tu galv\u016bgaliu, pasi\u017eymin\u010diu i\u0161skirtiniu \u017euv\u0173 \u017evyn\u0173 ra\u0161tu. Klasikinis galv\u016bgalio dizainas puikiai tinka bet kokiam tuo pa\u010diu stiliumi dekoruotam interjerui. Presti\u017ein\u012f miegamojo dizain\u0105 pabr\u0117\u017eia dekoratyviniu audiniu aptrauktos apmu\u0161al\u0173 sagos. Komplekt\u0105 galima i\u0161pl\u0117sti papildomais elementais, tokiais kaip erdvus ir labai prakti\u0161kas priekyje atidaromas patalyn\u0117s skyrius, \u010diu\u017einio pagrindas su dujin\u0117mis spyruokl\u0117mis arba \u010diu\u017einio pagrindas be dujini\u0173 spyruokli\u0173. Taip pat galima \u012fsigyti \u012fvairi\u0173 spalv\u0173, medini\u0173 kojeli\u0173 tip\u0173 ir klasi\u0173 bei apmu\u0161al\u0173 med\u017eiag\u0173. Papildomus elementus, audini\u0173 ir spalv\u0173 pavyzd\u017eius galite rasti produkt\u0173 k\u016br\u0117jo svetain\u0117je.<\/p>","protected":false},"excerpt":{"rendered":"<p>Didel\u0117 ir erdvi mink\u0161ta \u201eKassandra\u201c lova, kurios miegamojo plotas yra 180 x 200 cm, pasi\u017eymi eleganti\u0161ku, dygsniuotu ir rankomis si\u016btu galv\u016bgaliu, pasi\u017eymin\u010diu i\u0161skirtiniu \u017euv\u0173 \u017evyn\u0173 ra\u0161tu. Klasikinis galv\u016bgalio dizainas puikiai tinka bet kokiam tuo pa\u010diu stiliumi dekoruotam interjerui. Presti\u017ein\u012f miegamojo dizain\u0105 pabr\u0117\u017eia apmu\u0161alai [\u2026]<\/p>","protected":false},"featured_media":221697,"comment_status":"open","ping_status":"closed","template":"","meta":[],"product_brand":[],"product_cat":[505,1972,7906],"product_tag":[],"class_list":{"0":"post-221678","1":"product","2":"type-product","3":"status-publish","4":"has-post-thumbnail","6":"product_cat-bedroom-beds","7":"product_cat-beds-180x200","8":"product_cat-comforteo","10":"first","11":"instock","12":"shipping-taxable","13":"product-type-grouped"},"_links":{"self":[{"href":"https:\/\/baldumarket.lt\/lt\/wp-json\/wp\/v2\/product\/221678","targetHints":{"allow":["GET"]}}],"collection":[{"href":"https:\/\/baldumarket.lt\/lt\/wp-json\/wp\/v2\/product"}],"about":[{"href":"https:\/\/baldumarket.lt\/lt\/wp-json\/wp\/v2\/types\/product"}],"replies":[{"embeddable":true,"href":"https:\/\/baldumarket.lt\/lt\/wp-json\/wp\/v2\/comments?post=221678"}],"wp:featuredmedia":[{"embeddable":true,"href":"https:\/\/baldumarket.lt\/lt\/wp-json\/wp\/v2\/media\/221697"}],"wp:attachment":[{"href":"https:\/\/baldumarket.lt\/lt\/wp-json\/wp\/v2\/media?parent=221678"}],"wp:term":[{"taxonomy":"product_brand","embeddable":true,"href":"https:\/\/baldumarket.lt\/lt\/wp-json\/wp\/v2\/product_brand?post=221678"},{"taxonomy":"product_cat","embeddable":true,"href":"https:\/\/baldumarket.lt\/lt\/wp-json\/wp\/v2\/product_cat?post=221678"},{"taxonomy":"product_tag","embeddable":true,"href":"https:\/\/baldumarket.lt\/lt\/wp-json\/wp\/v2\/product_tag?post=221678"}],"curies":[{"name":"wp","href":"https:\/\/api.w.org\/{rel}","templated":true}]}}