{"id":221627,"date":"2025-12-27T23:08:57","date_gmt":"2025-12-27T20:08:57","guid":{"rendered":"https:\/\/baldumarket.lt\/?post_type=product&#038;p=221627"},"modified":"2026-02-03T23:11:50","modified_gmt":"2026-02-03T20:11:50","slug":"lozka-tapicerowane-lancaster-160x200-cm-gr1","status":"publish","type":"product","link":"https:\/\/baldumarket.lt\/lt\/product\/lozka-tapicerowane-lancaster-160x200-cm-gr1\/","title":{"rendered":"Lancaster mink\u0161tos lovos 160\u00d7200 cm Gr1"},"content":{"rendered":"<p>Klasikin\u0117 apmu\u0161ta lova su atlo\u0161u ir i\u0161skirtin\u0117mis \u0161onin\u0117mis panel\u0117mis bei dailiu sag\u0173 dygsniavimu. B\u016btent tokia ir yra \u201eLancaster\u201c lova, kurios miegamoji erdv\u0117 yra 160 \u00d7 200 cm. \u0160is klasikinio stiliaus baldas taps tikru romanti\u0161ko miegamojo akcentu. D\u0117l nedideli\u0173 matmen\u0173 jis puikiai tiks net ir ma\u017eose erdv\u0117se. Komplekt\u0105 galima i\u0161pl\u0117sti patalyn\u0117s d\u0117\u017ee ir \u010diu\u017eini\u0173 pagrindais. \u012esigyti galima ir apmu\u0161al\u0173 pavyzd\u017eius rasite \u201eProduct Creator\u201c svetain\u0117je.<\/p>","protected":false},"excerpt":{"rendered":"<p>Plotis: 196 cm<br \/>\nIlgis: 220 cm<br \/>\n\u016agis: 126 cm<br \/>\nMiegamoji erdv\u0117: 160 \u00d7 200 cm<br \/>\nPatalyn\u0117: pirkimo parinktis produkt\u0173 k\u016brimo priemon\u0117je<\/p>","protected":false},"featured_media":221669,"comment_status":"open","ping_status":"closed","template":"","meta":[],"product_brand":[],"product_cat":[9133],"product_tag":[],"class_list":{"0":"post-221627","1":"product","2":"type-product","3":"status-publish","4":"has-post-thumbnail","6":"product_cat-grouped","8":"first","9":"instock","10":"shipping-taxable","11":"purchasable","12":"product-type-variable","13":"wvs-archive-product-wrapper"},"_links":{"self":[{"href":"https:\/\/baldumarket.lt\/lt\/wp-json\/wp\/v2\/product\/221627","targetHints":{"allow":["GET"]}}],"collection":[{"href":"https:\/\/baldumarket.lt\/lt\/wp-json\/wp\/v2\/product"}],"about":[{"href":"https:\/\/baldumarket.lt\/lt\/wp-json\/wp\/v2\/types\/product"}],"replies":[{"embeddable":true,"href":"https:\/\/baldumarket.lt\/lt\/wp-json\/wp\/v2\/comments?post=221627"}],"wp:featuredmedia":[{"embeddable":true,"href":"https:\/\/baldumarket.lt\/lt\/wp-json\/wp\/v2\/media\/221669"}],"wp:attachment":[{"href":"https:\/\/baldumarket.lt\/lt\/wp-json\/wp\/v2\/media?parent=221627"}],"wp:term":[{"taxonomy":"product_brand","embeddable":true,"href":"https:\/\/baldumarket.lt\/lt\/wp-json\/wp\/v2\/product_brand?post=221627"},{"taxonomy":"product_cat","embeddable":true,"href":"https:\/\/baldumarket.lt\/lt\/wp-json\/wp\/v2\/product_cat?post=221627"},{"taxonomy":"product_tag","embeddable":true,"href":"https:\/\/baldumarket.lt\/lt\/wp-json\/wp\/v2\/product_tag?post=221627"}],"curies":[{"name":"wp","href":"https:\/\/api.w.org\/{rel}","templated":true}]}}