{"id":221626,"date":"2025-12-27T23:08:55","date_gmt":"2025-12-27T20:08:55","guid":{"rendered":"https:\/\/baldumarket.lt\/?post_type=product&#038;p=221626"},"modified":"2026-02-03T23:11:50","modified_gmt":"2026-02-03T20:11:50","slug":"lozka-tapicerowane-lancaster-180x200-cm","status":"publish","type":"product","link":"https:\/\/baldumarket.lt\/lt\/product\/lozka-tapicerowane-lancaster-180x200-cm\/","title":{"rendered":"Lancaster mink\u0161tos lovos 180&#215;200 cm"},"content":{"rendered":"<p>Klasikin\u0117 apmu\u0161ta lova su atlo\u0161u ir i\u0161skirtin\u0117mis \u0161onin\u0117mis panel\u0117mis bei dailiu sag\u0173 apmu\u0161alu. \u201eLancaster\u201c lova pasi\u017eymi didele 180 \u00d7 200 cm miegojimo erdve. \u0160is klasikinio stiliaus baldas puikiai tiks romanti\u0161kam miegamajam, suteikdamas jam presti\u017einio elegancijos. D\u0117l nedideli\u0173 matmen\u0173 jis puikiai tiks net ir ma\u017eose erdv\u0117se. Komplekt\u0105 galima i\u0161pl\u0117sti patalyn\u0117s d\u0117\u017ee ir \u010diu\u017eini\u0173 pagrindais. \u012esigijimo parinktys ir apmu\u0161al\u0173 audini\u0173 pavyzd\u017eiai pateikiami gamini\u0173 vedlyje.<\/p>","protected":false},"excerpt":{"rendered":"<p>Klasikin\u0117 apmu\u0161ta lova su sparneliais atlo\u0161u, i\u0161skirtin\u0117mis \u0161onin\u0117mis panel\u0117mis ir dailiu sag\u0173 apmu\u0161alu. \u201eLancaster\u201c lova si\u016blo didel\u0119 180 \u00d7 200 cm miegojimo erdv\u0119. \u0160is klasikinio stiliaus baldas bus tikras romanti\u0161ko miegamojo papildymas, suteikiantis presti\u017einio elegancijos akcent\u0105. D\u0117l nedideli\u0173 matmen\u0173 jis puikiai tinka net ir ma\u017eoms erdv\u0117ms. [\u2026]<\/p>","protected":false},"featured_media":221645,"comment_status":"open","ping_status":"closed","template":"","meta":[],"product_brand":[],"product_cat":[505,1972,7906],"product_tag":[],"class_list":{"0":"post-221626","1":"product","2":"type-product","3":"status-publish","4":"has-post-thumbnail","6":"product_cat-bedroom-beds","7":"product_cat-beds-180x200","8":"product_cat-comforteo","10":"first","11":"instock","12":"shipping-taxable","13":"product-type-grouped"},"_links":{"self":[{"href":"https:\/\/baldumarket.lt\/lt\/wp-json\/wp\/v2\/product\/221626","targetHints":{"allow":["GET"]}}],"collection":[{"href":"https:\/\/baldumarket.lt\/lt\/wp-json\/wp\/v2\/product"}],"about":[{"href":"https:\/\/baldumarket.lt\/lt\/wp-json\/wp\/v2\/types\/product"}],"replies":[{"embeddable":true,"href":"https:\/\/baldumarket.lt\/lt\/wp-json\/wp\/v2\/comments?post=221626"}],"wp:featuredmedia":[{"embeddable":true,"href":"https:\/\/baldumarket.lt\/lt\/wp-json\/wp\/v2\/media\/221645"}],"wp:attachment":[{"href":"https:\/\/baldumarket.lt\/lt\/wp-json\/wp\/v2\/media?parent=221626"}],"wp:term":[{"taxonomy":"product_brand","embeddable":true,"href":"https:\/\/baldumarket.lt\/lt\/wp-json\/wp\/v2\/product_brand?post=221626"},{"taxonomy":"product_cat","embeddable":true,"href":"https:\/\/baldumarket.lt\/lt\/wp-json\/wp\/v2\/product_cat?post=221626"},{"taxonomy":"product_tag","embeddable":true,"href":"https:\/\/baldumarket.lt\/lt\/wp-json\/wp\/v2\/product_tag?post=221626"}],"curies":[{"name":"wp","href":"https:\/\/api.w.org\/{rel}","templated":true}]}}