{"id":221608,"date":"2025-12-27T23:07:22","date_gmt":"2025-12-27T20:07:22","guid":{"rendered":"https:\/\/baldumarket.lt\/?post_type=product&#038;p=221608"},"modified":"2026-02-03T23:11:51","modified_gmt":"2026-02-03T20:11:51","slug":"lozka-tapicerowane-logan-140x200-cm-pojemniki-stelaz-z-podnosnikiem-gr5","status":"publish","type":"product","link":"https:\/\/baldumarket.lt\/lt\/product\/lozka-tapicerowane-logan-140x200-cm-pojemniki-stelaz-z-podnosnikiem-gr5\/","title":{"rendered":"Logan mink\u0161tos lovos 140\u00d7200 cm, konteineriai, r\u0117mas su Gr5 pak\u0117limu"},"content":{"rendered":"<p>Eleganti\u0161kai siuvin\u0117tas, \u0161okolado plytel\u0119 primenantis galv\u016bgalis \u2013 i\u0161skirtinis \u201eLogan by Comforteo\u201c mink\u0161tos lovos, kurios miegamojo plotas yra 140 \u00d7 200 cm, bruo\u017eas. Lovoje yra du patalyn\u0117s skyriai, kuriuose taip pat galima susid\u0117ti smulkius daiktus ir kitus daiktus, anks\u010diau laikytus spintoje. Komplekte yra dujiniai keltuvai, tod\u0117l patekti \u012f lovos vid\u0173 lengva ir paprasta. Lova si\u016bloma su \u012fvairiomis apmu\u0161al\u0173 med\u017eiagomis, kurias galite rasti pas gaminio k\u016br\u0117j\u0105. \u010ciu\u017einys \u012f komplekt\u0105 ne\u012feina.<\/p>","protected":false},"excerpt":{"rendered":"<p>Plotis: 140 cm<br \/>\nIlgis: 214 cm<br \/>\n\u016agis: 117 cm<br \/>\nMiegamasis plotas: 140 \u00d7 200 cm<br \/>\n\u0160oninis auk\u0161tis: 37 cm<\/p>","protected":false},"featured_media":221635,"comment_status":"open","ping_status":"closed","template":"","meta":[],"product_brand":[],"product_cat":[9133],"product_tag":[],"class_list":{"0":"post-221608","1":"product","2":"type-product","3":"status-publish","4":"has-post-thumbnail","6":"product_cat-grouped","8":"first","9":"instock","10":"shipping-taxable","11":"purchasable","12":"product-type-variable","13":"wvs-archive-product-wrapper"},"_links":{"self":[{"href":"https:\/\/baldumarket.lt\/lt\/wp-json\/wp\/v2\/product\/221608","targetHints":{"allow":["GET"]}}],"collection":[{"href":"https:\/\/baldumarket.lt\/lt\/wp-json\/wp\/v2\/product"}],"about":[{"href":"https:\/\/baldumarket.lt\/lt\/wp-json\/wp\/v2\/types\/product"}],"replies":[{"embeddable":true,"href":"https:\/\/baldumarket.lt\/lt\/wp-json\/wp\/v2\/comments?post=221608"}],"wp:featuredmedia":[{"embeddable":true,"href":"https:\/\/baldumarket.lt\/lt\/wp-json\/wp\/v2\/media\/221635"}],"wp:attachment":[{"href":"https:\/\/baldumarket.lt\/lt\/wp-json\/wp\/v2\/media?parent=221608"}],"wp:term":[{"taxonomy":"product_brand","embeddable":true,"href":"https:\/\/baldumarket.lt\/lt\/wp-json\/wp\/v2\/product_brand?post=221608"},{"taxonomy":"product_cat","embeddable":true,"href":"https:\/\/baldumarket.lt\/lt\/wp-json\/wp\/v2\/product_cat?post=221608"},{"taxonomy":"product_tag","embeddable":true,"href":"https:\/\/baldumarket.lt\/lt\/wp-json\/wp\/v2\/product_tag?post=221608"}],"curies":[{"name":"wp","href":"https:\/\/api.w.org\/{rel}","templated":true}]}}