{"id":221579,"date":"2025-12-27T23:05:34","date_gmt":"2025-12-27T20:05:34","guid":{"rendered":"https:\/\/baldumarket.lt\/?post_type=product&#038;p=221579"},"modified":"2026-02-03T23:11:52","modified_gmt":"2026-02-03T20:11:52","slug":"lozka-tapicerowane-logan-160x200-cm-pojemniki-stelaz-z-podnosnikiem-gr1","status":"publish","type":"product","link":"https:\/\/baldumarket.lt\/lt\/product\/lozka-tapicerowane-logan-160x200-cm-pojemniki-stelaz-z-podnosnikiem-gr1\/","title":{"rendered":"Logan mink\u0161tos lovos 160&#215;200 cm, konteineriai, r\u0117mas su pak\u0117limo mechanizmu Gr1"},"content":{"rendered":"<p>Eleganti\u0161kai siuvin\u0117tas, \u0161okolado plytel\u0119 primenantis galv\u016bgalis \u2013 i\u0161skirtinis \u201eLogan by Comforteo\u201c mink\u0161tos lovos, kurios miegamojo plotas yra 160 \u00d7 200 cm, bruo\u017eas. Lovoje yra du erdv\u016bs ir erdv\u016bs patalyn\u0117s skyriai, kuriuose taip pat galima susid\u0117ti smulkius daiktus ir kitus daiktus, anks\u010diau laikytus spintoje ar spintoje. Komplekte yra r\u0117mas su dujiniais keltuvais, tod\u0117l prieiga prie lovos vidaus yra lengva ir paprasta. Lova si\u016bloma su \u012fvairiomis apmu\u0161al\u0173 med\u017eiagomis, kurias galite rasti gaminio k\u016br\u0117jo svetain\u0117je. \u012e komplekt\u0105 ne\u012feina \u010diu\u017einys ir jis pristatomas i\u0161 anksto supakuotas.<\/p>","protected":false},"excerpt":{"rendered":"<p>Plotis: 160 cm<br \/>\nIlgis: 214 cm<br \/>\n\u016agis: 117 cm<br \/>\nMiegamoji erdv\u0117: 160 \u00d7 200 cm<br \/>\n\u0160oninis auk\u0161tis: 37 cm<\/p>","protected":false},"featured_media":221612,"comment_status":"open","ping_status":"closed","template":"","meta":[],"product_brand":[],"product_cat":[9133],"product_tag":[],"class_list":{"0":"post-221579","1":"product","2":"type-product","3":"status-publish","4":"has-post-thumbnail","6":"product_cat-grouped","8":"first","9":"instock","10":"shipping-taxable","11":"purchasable","12":"product-type-variable","13":"wvs-archive-product-wrapper"},"_links":{"self":[{"href":"https:\/\/baldumarket.lt\/lt\/wp-json\/wp\/v2\/product\/221579","targetHints":{"allow":["GET"]}}],"collection":[{"href":"https:\/\/baldumarket.lt\/lt\/wp-json\/wp\/v2\/product"}],"about":[{"href":"https:\/\/baldumarket.lt\/lt\/wp-json\/wp\/v2\/types\/product"}],"replies":[{"embeddable":true,"href":"https:\/\/baldumarket.lt\/lt\/wp-json\/wp\/v2\/comments?post=221579"}],"wp:featuredmedia":[{"embeddable":true,"href":"https:\/\/baldumarket.lt\/lt\/wp-json\/wp\/v2\/media\/221612"}],"wp:attachment":[{"href":"https:\/\/baldumarket.lt\/lt\/wp-json\/wp\/v2\/media?parent=221579"}],"wp:term":[{"taxonomy":"product_brand","embeddable":true,"href":"https:\/\/baldumarket.lt\/lt\/wp-json\/wp\/v2\/product_brand?post=221579"},{"taxonomy":"product_cat","embeddable":true,"href":"https:\/\/baldumarket.lt\/lt\/wp-json\/wp\/v2\/product_cat?post=221579"},{"taxonomy":"product_tag","embeddable":true,"href":"https:\/\/baldumarket.lt\/lt\/wp-json\/wp\/v2\/product_tag?post=221579"}],"curies":[{"name":"wp","href":"https:\/\/api.w.org\/{rel}","templated":true}]}}