{"id":221578,"date":"2025-12-27T23:05:33","date_gmt":"2025-12-27T20:05:33","guid":{"rendered":"https:\/\/baldumarket.lt\/?post_type=product&#038;p=221578"},"modified":"2026-02-03T23:11:52","modified_gmt":"2026-02-03T20:11:52","slug":"lozka-tapicerowane-logan-180x200-cm-pojemniki-stelaz-z-podnosnikiem","status":"publish","type":"product","link":"https:\/\/baldumarket.lt\/lt\/product\/lozka-tapicerowane-logan-180x200-cm-pojemniki-stelaz-z-podnosnikiem\/","title":{"rendered":"Logan mink\u0161tos lovos 180&#215;200 cm, konteineriai, r\u0117mas su pak\u0117limo mechanizmu"},"content":{"rendered":"<p>Eleganti\u0161kai siuvin\u0117tas, \u0161okolado plytel\u0119 primenantis galv\u016bgalis yra i\u0161skirtinis \u201eLogan by Comforteo\u201c mink\u0161tos lovos bruo\u017eas, pasi\u017eymintis didele 180 x 200 cm miegojimo erdve. D\u0117l gana universalaus, modernaus dizaino \u0161is baldas puikiai papildys beveik bet kur\u012f \u0161iuolaiki\u0161k\u0105 kambar\u012f. Komplekte yra du erdv\u016bs ir talp\u016bs patalyn\u0117s skyriai, kuriuose taip pat galima susid\u0117ti smulkius daiktus ir kitus daiktus, anks\u010diau laikytus spintoje ar spintoje. Lova turi r\u0117m\u0105 su dujiniais keltuvais, tod\u0117l prieiga prie jos vidaus yra lengva ir paprasta. Baldai si\u016blomi su \u012fvairiomis apmu\u0161al\u0173 med\u017eiagomis, kurios i\u0161vardytos produkto k\u016br\u0117jo instrukcijoje. Komplekte n\u0117ra \u010diu\u017einio ir jis pristatomas supakuotas su ai\u0161kiomis surinkimo instrukcijomis.<\/p>","protected":false},"excerpt":{"rendered":"<p>An elegantly stitched headboard resembling a chocolate bar is a distinctive feature of the Logan by Comforteo upholstered bed, boasting a generous sleeping area of \u200b\u200b180 x 200 cm. Thanks to its relatively versatile, modern design, this piece of furniture will be a perfect complement to almost any contemporary room. The set is equipped with [&hellip;]<\/p>","protected":false},"featured_media":221603,"comment_status":"open","ping_status":"closed","template":"","meta":[],"product_brand":[],"product_cat":[505,1972,7906],"product_tag":[],"class_list":{"0":"post-221578","1":"product","2":"type-product","3":"status-publish","4":"has-post-thumbnail","6":"product_cat-bedroom-beds","7":"product_cat-beds-180x200","8":"product_cat-comforteo","10":"first","11":"instock","12":"shipping-taxable","13":"product-type-grouped"},"_links":{"self":[{"href":"https:\/\/baldumarket.lt\/lt\/wp-json\/wp\/v2\/product\/221578","targetHints":{"allow":["GET"]}}],"collection":[{"href":"https:\/\/baldumarket.lt\/lt\/wp-json\/wp\/v2\/product"}],"about":[{"href":"https:\/\/baldumarket.lt\/lt\/wp-json\/wp\/v2\/types\/product"}],"replies":[{"embeddable":true,"href":"https:\/\/baldumarket.lt\/lt\/wp-json\/wp\/v2\/comments?post=221578"}],"wp:featuredmedia":[{"embeddable":true,"href":"https:\/\/baldumarket.lt\/lt\/wp-json\/wp\/v2\/media\/221603"}],"wp:attachment":[{"href":"https:\/\/baldumarket.lt\/lt\/wp-json\/wp\/v2\/media?parent=221578"}],"wp:term":[{"taxonomy":"product_brand","embeddable":true,"href":"https:\/\/baldumarket.lt\/lt\/wp-json\/wp\/v2\/product_brand?post=221578"},{"taxonomy":"product_cat","embeddable":true,"href":"https:\/\/baldumarket.lt\/lt\/wp-json\/wp\/v2\/product_cat?post=221578"},{"taxonomy":"product_tag","embeddable":true,"href":"https:\/\/baldumarket.lt\/lt\/wp-json\/wp\/v2\/product_tag?post=221578"}],"curies":[{"name":"wp","href":"https:\/\/api.w.org\/{rel}","templated":true}]}}