{"id":221562,"date":"2025-12-27T23:04:56","date_gmt":"2025-12-27T20:04:56","guid":{"rendered":"https:\/\/baldumarket.lt\/?post_type=product&#038;p=221562"},"modified":"2026-02-03T23:11:53","modified_gmt":"2026-02-03T20:11:53","slug":"lozka-tapicerowane-mars-standard-140x200-cm","status":"publish","type":"product","link":"https:\/\/baldumarket.lt\/lt\/product\/lozka-tapicerowane-mars-standard-140x200-cm\/","title":{"rendered":"Mink\u0161tos lovos Mars standartin\u0117s 140&#215;200 cm"},"content":{"rendered":"<p>\u201eMars by Comforteo\u201c lova pasi\u017eymi mink\u0161tu, si\u016btu galv\u016bgaliu, padalintu \u012f tris pagrindines dalis. Paprastos, eleganti\u0161kos auk\u0161to galv\u016bgalio linijos suteikia kambariui eleganti\u0161kos harmonijos. Jis taip pat suteikia puiki\u0105 nugaros atram\u0105 vakare skaitant. Komplekt\u0105 galima i\u0161pl\u0117sti pasirenkamais elementais, tokiais kaip r\u0117mas su dujin\u0117mis amortizatoriais, \u010diu\u017einio atrama ir prakti\u0161ka patalyn\u0117s laikymo vieta. Baldams si\u016blomas \u012fvairi\u0173 apmu\u0161al\u0173 audini\u0173 pasirinkimas, kelios spalvos ir koj\u0173 tipai. Lova pristatoma minimaliai surinkus. Spalv\u0173 ir audini\u0173 pavyzd\u017eius rasite produkto k\u016br\u0117jo dokumente.<\/p>","protected":false},"excerpt":{"rendered":"<p>The Mars by Comforteo bed features a soft, stitched headboard divided into three main sections. The simple, elegant lines of the high headboard bring elegant harmony to the room. It also provides excellent back support during evening reading. The set can be expanded with optional elements such as a frame with gas struts, a mattress [&hellip;]<\/p>","protected":false},"featured_media":221581,"comment_status":"open","ping_status":"closed","template":"","meta":[],"product_brand":[],"product_cat":[505,1970,7906],"product_tag":[],"class_list":{"0":"post-221562","1":"product","2":"type-product","3":"status-publish","4":"has-post-thumbnail","6":"product_cat-bedroom-beds","7":"product_cat-beds-140x200","8":"product_cat-comforteo","10":"first","11":"instock","12":"shipping-taxable","13":"product-type-grouped"},"_links":{"self":[{"href":"https:\/\/baldumarket.lt\/lt\/wp-json\/wp\/v2\/product\/221562","targetHints":{"allow":["GET"]}}],"collection":[{"href":"https:\/\/baldumarket.lt\/lt\/wp-json\/wp\/v2\/product"}],"about":[{"href":"https:\/\/baldumarket.lt\/lt\/wp-json\/wp\/v2\/types\/product"}],"replies":[{"embeddable":true,"href":"https:\/\/baldumarket.lt\/lt\/wp-json\/wp\/v2\/comments?post=221562"}],"wp:featuredmedia":[{"embeddable":true,"href":"https:\/\/baldumarket.lt\/lt\/wp-json\/wp\/v2\/media\/221581"}],"wp:attachment":[{"href":"https:\/\/baldumarket.lt\/lt\/wp-json\/wp\/v2\/media?parent=221562"}],"wp:term":[{"taxonomy":"product_brand","embeddable":true,"href":"https:\/\/baldumarket.lt\/lt\/wp-json\/wp\/v2\/product_brand?post=221562"},{"taxonomy":"product_cat","embeddable":true,"href":"https:\/\/baldumarket.lt\/lt\/wp-json\/wp\/v2\/product_cat?post=221562"},{"taxonomy":"product_tag","embeddable":true,"href":"https:\/\/baldumarket.lt\/lt\/wp-json\/wp\/v2\/product_tag?post=221562"}],"curies":[{"name":"wp","href":"https:\/\/api.w.org\/{rel}","templated":true}]}}