{"id":221530,"date":"2025-12-27T23:03:12","date_gmt":"2025-12-27T20:03:12","guid":{"rendered":"https:\/\/baldumarket.lt\/?post_type=product&#038;p=221530"},"modified":"2026-02-03T23:11:54","modified_gmt":"2026-02-03T20:11:54","slug":"lozka-tapicerowane-mars-standard-160x200-cm-gr1","status":"publish","type":"product","link":"https:\/\/baldumarket.lt\/lt\/product\/lozka-tapicerowane-mars-standard-160x200-cm-gr1\/","title":{"rendered":"Mink\u0161tos lovos Mars standartin\u0117s 160\u00d7200 cm Gr1"},"content":{"rendered":"<p>\u201eMars by Comforteo\u201c lova, kurios miegamojo plotas yra 160 \u00d7 200 cm, pasi\u017eymi patraukliu, mink\u0161tu, si\u016btu galv\u016bgaliu, padalintu \u012f tris pagrindines dalis. Paprastos, eleganti\u0161kos auk\u0161to galv\u016bgalio linijos suteikia kambariui eleganti\u0161kos harmonijos. Jis taip pat suteikia puiki\u0105 nugaros atram\u0105 \u017ei\u016brint televizori\u0173 vakare ar skaitant m\u0117gstam\u0105 knyg\u0105. Komplekt\u0105 galima i\u0161pl\u0117sti pasirenkamais elementais, tokiais kaip r\u0117mas su dujin\u0117mis atramomis, \u010diu\u017einio atrama ir prakti\u0161ka patalyn\u0117s d\u0117\u017e\u0117. Baldai gali b\u016bti pagaminti i\u0161 \u012fvairi\u0173 apmu\u0161al\u0173 audini\u0173, spalv\u0173 ir koj\u0173 tip\u0173. Lova pristatoma minimaliai surinkus. Spalv\u0173 ir audini\u0173 pavyzd\u017eius rasite gaminio k\u016br\u0117jo dokumente.<\/p>","protected":false},"excerpt":{"rendered":"<p>Plotis: 178 cm<br \/>\nIlgis: 223 cm<br \/>\n\u016agis: 106 cm<br \/>\nMiegamoji erdv\u0117: 160 \u00d7 200 cm<br \/>\n\u0160oninis auk\u0161tis: 34 cm<\/p>","protected":false},"featured_media":221570,"comment_status":"open","ping_status":"closed","template":"","meta":[],"product_brand":[],"product_cat":[9133],"product_tag":[],"class_list":{"0":"post-221530","1":"product","2":"type-product","3":"status-publish","4":"has-post-thumbnail","6":"product_cat-grouped","8":"first","9":"instock","10":"shipping-taxable","11":"purchasable","12":"product-type-variable","13":"wvs-archive-product-wrapper"},"_links":{"self":[{"href":"https:\/\/baldumarket.lt\/lt\/wp-json\/wp\/v2\/product\/221530","targetHints":{"allow":["GET"]}}],"collection":[{"href":"https:\/\/baldumarket.lt\/lt\/wp-json\/wp\/v2\/product"}],"about":[{"href":"https:\/\/baldumarket.lt\/lt\/wp-json\/wp\/v2\/types\/product"}],"replies":[{"embeddable":true,"href":"https:\/\/baldumarket.lt\/lt\/wp-json\/wp\/v2\/comments?post=221530"}],"wp:featuredmedia":[{"embeddable":true,"href":"https:\/\/baldumarket.lt\/lt\/wp-json\/wp\/v2\/media\/221570"}],"wp:attachment":[{"href":"https:\/\/baldumarket.lt\/lt\/wp-json\/wp\/v2\/media?parent=221530"}],"wp:term":[{"taxonomy":"product_brand","embeddable":true,"href":"https:\/\/baldumarket.lt\/lt\/wp-json\/wp\/v2\/product_brand?post=221530"},{"taxonomy":"product_cat","embeddable":true,"href":"https:\/\/baldumarket.lt\/lt\/wp-json\/wp\/v2\/product_cat?post=221530"},{"taxonomy":"product_tag","embeddable":true,"href":"https:\/\/baldumarket.lt\/lt\/wp-json\/wp\/v2\/product_tag?post=221530"}],"curies":[{"name":"wp","href":"https:\/\/api.w.org\/{rel}","templated":true}]}}