{"id":221529,"date":"2025-12-27T23:03:11","date_gmt":"2025-12-27T20:03:11","guid":{"rendered":"https:\/\/baldumarket.lt\/?post_type=product&#038;p=221529"},"modified":"2026-02-03T23:11:55","modified_gmt":"2026-02-03T20:11:55","slug":"lozka-tapicerowane-mars-standard-180x200-cm","status":"publish","type":"product","link":"https:\/\/baldumarket.lt\/lt\/product\/lozka-tapicerowane-mars-standard-180x200-cm\/","title":{"rendered":"Standartin\u0117s mink\u0161tos \u201eMars\u201c lovos 180\u00d7200 cm"},"content":{"rendered":"<p>Erdvi \u201eComforteo\u201c mink\u0161ta lova \u201eMars\u201c su 180 x 200 cm miegamojo plotu pasi\u017eymi patraukliu, mink\u0161tu, si\u016btu galv\u016bgaliu, padalintu \u012f tris pagrindines dalis. Paprastos, eleganti\u0161kos auk\u0161to galv\u016bgalio linijos suteikia kambariui eleganti\u0161kos harmonijos. Jis taip pat suteikia puiki\u0105 nugaros atram\u0105 vakarui \u017ei\u016brint m\u0117gstam\u0105 serial\u0105 ar skaitant knyg\u0105. Komplekt\u0105 galima i\u0161pl\u0117sti pasirenkamais elementais, tokiais kaip r\u0117mas su dujin\u0117mis amortizatoriais, \u010diu\u017einio pagrindas ir prakti\u0161ka patalyn\u0117s laikymo vieta. Baldams si\u016blomas \u012fvairi\u0173 apmu\u0161al\u0173 audini\u0173 pasirinkimas, kelios spalvos ir koj\u0173 tipai. Lova pristatoma minimaliai surinkus. Spalv\u0173 ir audini\u0173 pavyzd\u017eius rasite gaminio k\u016br\u0117jo dokumente.<\/p>","protected":false},"excerpt":{"rendered":"<p>Erdvi mink\u0161ta \u201eComforteo\u201c lova \u201eMars\u201c, kurios miegamojo plotas yra 180 x 200 cm, pasi\u017eymi patraukliu, mink\u0161tu, si\u016btu galv\u016bgaliu, padalintu \u012f tris pagrindines dalis. Paprastos, eleganti\u0161kos auk\u0161to galv\u016bgalio linijos suteikia kambariui eleganti\u0161kos harmonijos. Jis taip pat suteikia puiki\u0105 nugaros atram\u0105 vakarui \u017ei\u016brint m\u0117gstam\u0105 [\u2026]<\/p>","protected":false},"featured_media":221549,"comment_status":"open","ping_status":"closed","template":"","meta":[],"product_brand":[],"product_cat":[505,1972,7906],"product_tag":[],"class_list":{"0":"post-221529","1":"product","2":"type-product","3":"status-publish","4":"has-post-thumbnail","6":"product_cat-bedroom-beds","7":"product_cat-beds-180x200","8":"product_cat-comforteo","10":"first","11":"instock","12":"shipping-taxable","13":"product-type-grouped"},"_links":{"self":[{"href":"https:\/\/baldumarket.lt\/lt\/wp-json\/wp\/v2\/product\/221529","targetHints":{"allow":["GET"]}}],"collection":[{"href":"https:\/\/baldumarket.lt\/lt\/wp-json\/wp\/v2\/product"}],"about":[{"href":"https:\/\/baldumarket.lt\/lt\/wp-json\/wp\/v2\/types\/product"}],"replies":[{"embeddable":true,"href":"https:\/\/baldumarket.lt\/lt\/wp-json\/wp\/v2\/comments?post=221529"}],"wp:featuredmedia":[{"embeddable":true,"href":"https:\/\/baldumarket.lt\/lt\/wp-json\/wp\/v2\/media\/221549"}],"wp:attachment":[{"href":"https:\/\/baldumarket.lt\/lt\/wp-json\/wp\/v2\/media?parent=221529"}],"wp:term":[{"taxonomy":"product_brand","embeddable":true,"href":"https:\/\/baldumarket.lt\/lt\/wp-json\/wp\/v2\/product_brand?post=221529"},{"taxonomy":"product_cat","embeddable":true,"href":"https:\/\/baldumarket.lt\/lt\/wp-json\/wp\/v2\/product_cat?post=221529"},{"taxonomy":"product_tag","embeddable":true,"href":"https:\/\/baldumarket.lt\/lt\/wp-json\/wp\/v2\/product_tag?post=221529"}],"curies":[{"name":"wp","href":"https:\/\/api.w.org\/{rel}","templated":true}]}}