{"id":221510,"date":"2025-12-27T23:01:42","date_gmt":"2025-12-27T20:01:42","guid":{"rendered":"https:\/\/baldumarket.lt\/?post_type=product&#038;p=221510"},"modified":"2026-02-03T23:11:55","modified_gmt":"2026-02-03T20:11:55","slug":"lozka-tapicerowane-mona-140x200-cm-pojemniki-stelaz-z-podnosnikiem-gr5","status":"publish","type":"product","link":"https:\/\/baldumarket.lt\/lt\/product\/lozka-tapicerowane-mona-140x200-cm-pojemniki-stelaz-z-podnosnikiem-gr5\/","title":{"rendered":"Mona mink\u0161tos lovos 140\u00d7200 cm, konteineriai, r\u0117mas su pak\u0117limo mechanizmu Gr5"},"content":{"rendered":"<p>Lova turi didel\u012f, dygsniuot\u0105 ir dygsniuot\u0105 galv\u016bgal\u012f, kuris taip pat suteikia puiki\u0105 nugaros atram\u0105 \u017ei\u016brint televizori\u0173 vakare. Lovoje yra du patalyn\u0117s skyriai, vir\u0161 kuri\u0173 yra \u010diu\u017einio r\u0117mas su dujiniais keltuvais, kad b\u016bt\u0173 lengva pakelti. \u0160i konstrukcija u\u017etikrina, kad \u010diu\u017einio kra\u0161tai b\u016bt\u0173 lyg\u016bs su lovos \u0161onais. Auk\u0161tos medin\u0117s kojel\u0117s komplekto apa\u010dioje suteikia baldui elegancijos ir lengvumo. Lova pristatoma i\u0161ardyta ir gali b\u016bti apmu\u0161ta \u012fvairiais audiniais. Kojeli\u0173 tip\u0173 ir spalv\u0173 pavyzd\u017eius, taip pat audini\u0173 pavyzd\u017eius, galite rasti \u201eProduct Creator\u201c svetain\u0117je.<\/p>","protected":false},"excerpt":{"rendered":"<p>Plotis: 140 cm<br \/>\nIlgis: 216 cm<br \/>\n\u016agis: 117 cm<br \/>\nMiegamasis plotas: 140 \u00d7 200 cm<br \/>\nPatalyn\u0117: Taip<\/p>","protected":false},"featured_media":221538,"comment_status":"open","ping_status":"closed","template":"","meta":[],"product_brand":[],"product_cat":[9133],"product_tag":[],"class_list":{"0":"post-221510","1":"product","2":"type-product","3":"status-publish","4":"has-post-thumbnail","6":"product_cat-grouped","8":"first","9":"instock","10":"shipping-taxable","11":"purchasable","12":"product-type-variable","13":"wvs-archive-product-wrapper"},"_links":{"self":[{"href":"https:\/\/baldumarket.lt\/lt\/wp-json\/wp\/v2\/product\/221510","targetHints":{"allow":["GET"]}}],"collection":[{"href":"https:\/\/baldumarket.lt\/lt\/wp-json\/wp\/v2\/product"}],"about":[{"href":"https:\/\/baldumarket.lt\/lt\/wp-json\/wp\/v2\/types\/product"}],"replies":[{"embeddable":true,"href":"https:\/\/baldumarket.lt\/lt\/wp-json\/wp\/v2\/comments?post=221510"}],"wp:featuredmedia":[{"embeddable":true,"href":"https:\/\/baldumarket.lt\/lt\/wp-json\/wp\/v2\/media\/221538"}],"wp:attachment":[{"href":"https:\/\/baldumarket.lt\/lt\/wp-json\/wp\/v2\/media?parent=221510"}],"wp:term":[{"taxonomy":"product_brand","embeddable":true,"href":"https:\/\/baldumarket.lt\/lt\/wp-json\/wp\/v2\/product_brand?post=221510"},{"taxonomy":"product_cat","embeddable":true,"href":"https:\/\/baldumarket.lt\/lt\/wp-json\/wp\/v2\/product_cat?post=221510"},{"taxonomy":"product_tag","embeddable":true,"href":"https:\/\/baldumarket.lt\/lt\/wp-json\/wp\/v2\/product_tag?post=221510"}],"curies":[{"name":"wp","href":"https:\/\/api.w.org\/{rel}","templated":true}]}}