{"id":221489,"date":"2025-12-27T23:00:21","date_gmt":"2025-12-27T20:00:21","guid":{"rendered":"https:\/\/baldumarket.lt\/?post_type=product&#038;p=221489"},"modified":"2026-02-03T23:11:56","modified_gmt":"2026-02-03T20:11:56","slug":"lozka-tapicerowane-mona-160x200-cm-pojemniki-stelaz-z-podnosnikiem-gr3","status":"publish","type":"product","link":"https:\/\/baldumarket.lt\/lt\/product\/lozka-tapicerowane-mona-160x200-cm-pojemniki-stelaz-z-podnosnikiem-gr3\/","title":{"rendered":"Mona mink\u0161tos lovos 160\u00d7200 cm, konteineriai, r\u0117mas su pak\u0117limo mechanizmu Gr3"},"content":{"rendered":"<p>Lova \u201eMona\u201c, kurios miegamojo plotas yra 160 \u00d7 200 cm, pasi\u017eymi dideliu, dygsniuotu ir dygsniuotu galv\u016bgaliu, kuris taip pat suteikia puiki\u0105 nugaros atram\u0105 \u017ei\u016brint m\u0117gstamus serialus vakare. Baldas turi du patalyn\u0117s skyrius, vir\u0161 kuri\u0173 yra \u010diu\u017einio r\u0117mas su dujin\u0117mis atramomis, kad b\u016bt\u0173 lengva pakelti. \u0160i konstrukcija u\u017etikrina, kad \u010diu\u017einio kra\u0161tai b\u016bt\u0173 lyg\u016bs su lovos \u0161onais. Auk\u0161tos medin\u0117s kojel\u0117s komplekto apa\u010dioje suteikia baldui elegancijos ir lengvumo. Lova pristatoma i\u0161ardyta su ai\u0161kiomis instrukcijomis. Baldai gali b\u016bti pagaminti i\u0161 \u012fvairi\u0173 audini\u0173. Kojeli\u0173 spalv\u0173 ir tip\u0173 pavyzd\u017eius, taip pat apmu\u0161al\u0173 audini\u0173 pavyzd\u017eius galite rasti produkto k\u016br\u0117jo svetain\u0117je.<\/p>","protected":false},"excerpt":{"rendered":"<p>Plotis: 160 cm<br \/>\nIlgis: 216 cm<br \/>\n\u016agis: 117 cm<br \/>\nMiegamoji erdv\u0117: 160 \u00d7 200 cm<br \/>\nPatalyn\u0117: Taip<\/p>","protected":false},"featured_media":221513,"comment_status":"open","ping_status":"closed","template":"","meta":[],"product_brand":[],"product_cat":[9133],"product_tag":[],"class_list":{"0":"post-221489","1":"product","2":"type-product","3":"status-publish","4":"has-post-thumbnail","6":"product_cat-grouped","8":"first","9":"instock","10":"shipping-taxable","11":"purchasable","12":"product-type-variable","13":"wvs-archive-product-wrapper"},"_links":{"self":[{"href":"https:\/\/baldumarket.lt\/lt\/wp-json\/wp\/v2\/product\/221489","targetHints":{"allow":["GET"]}}],"collection":[{"href":"https:\/\/baldumarket.lt\/lt\/wp-json\/wp\/v2\/product"}],"about":[{"href":"https:\/\/baldumarket.lt\/lt\/wp-json\/wp\/v2\/types\/product"}],"replies":[{"embeddable":true,"href":"https:\/\/baldumarket.lt\/lt\/wp-json\/wp\/v2\/comments?post=221489"}],"wp:featuredmedia":[{"embeddable":true,"href":"https:\/\/baldumarket.lt\/lt\/wp-json\/wp\/v2\/media\/221513"}],"wp:attachment":[{"href":"https:\/\/baldumarket.lt\/lt\/wp-json\/wp\/v2\/media?parent=221489"}],"wp:term":[{"taxonomy":"product_brand","embeddable":true,"href":"https:\/\/baldumarket.lt\/lt\/wp-json\/wp\/v2\/product_brand?post=221489"},{"taxonomy":"product_cat","embeddable":true,"href":"https:\/\/baldumarket.lt\/lt\/wp-json\/wp\/v2\/product_cat?post=221489"},{"taxonomy":"product_tag","embeddable":true,"href":"https:\/\/baldumarket.lt\/lt\/wp-json\/wp\/v2\/product_tag?post=221489"}],"curies":[{"name":"wp","href":"https:\/\/api.w.org\/{rel}","templated":true}]}}