{"id":221469,"date":"2025-12-27T22:59:18","date_gmt":"2025-12-27T19:59:18","guid":{"rendered":"https:\/\/baldumarket.lt\/?post_type=product&#038;p=221469"},"modified":"2026-02-03T23:11:58","modified_gmt":"2026-02-03T20:11:58","slug":"lozka-tapicerowane-mona-180x200-cm-pojemniki-stelaz-z-podnosnikiem-gr1","status":"publish","type":"product","link":"https:\/\/baldumarket.lt\/lt\/product\/lozka-tapicerowane-mona-180x200-cm-pojemniki-stelaz-z-podnosnikiem-gr1\/","title":{"rendered":"Mona mink\u0161tos lovos 180\u00d7200 cm, konteineriai, r\u0117mas su pak\u0117limo mechanizmu Gr1"},"content":{"rendered":"<p>Didel\u0117 ir patogi lova \u201eMona\u201c, kurios miegamojo plotas yra 180 x 200 cm, pasi\u017eymi patraukliu, dygsniuotu galv\u016bgaliu, kuris taip pat suteikia puiki\u0105 nugaros atram\u0105 skaitant vakare. Lovoje yra du patalyn\u0117s skyriai, vir\u0161 kuri\u0173 yra \u010diu\u017einio r\u0117mas su dujin\u0117mis spyruokl\u0117mis, kad b\u016bt\u0173 lengva pakelti. \u0160i konstrukcija u\u017etikrina, kad \u010diu\u017einio kra\u0161tai b\u016bt\u0173 lyg\u016bs su lovos \u0161onais. Auk\u0161tos medin\u0117s kojel\u0117s komplekto apa\u010dioje suteikia baldui elegancijos ir lengvumo. Lova pristatoma supakuota, su ai\u0161kiomis surinkimo instrukcijomis. Komplekt\u0105 galima \u012fsigyti i\u0161 \u012fvairi\u0173 audini\u0173. Kojeli\u0173 spalv\u0173 ir tip\u0173 pavyzd\u017eius, taip pat apmu\u0161al\u0173 audini\u0173 pavyzd\u017eius galite rasti \u201eProdukto k\u016br\u0117jo\u201c svetain\u0117je. \u0160i lova bus tikra bet kurio miegamojo puo\u0161mena.<\/p>","protected":false},"excerpt":{"rendered":"<p>Plotis: 180 cm<br \/>\nIlgis: 216 cm<br \/>\n\u016agis: 117 cm<br \/>\nMiegamoji erdv\u0117: 180 \u00d7 200 cm<br \/>\nPatalyn\u0117: Taip<\/p>","protected":false},"featured_media":221504,"comment_status":"open","ping_status":"closed","template":"","meta":[],"product_brand":[],"product_cat":[9133],"product_tag":[],"class_list":{"0":"post-221469","1":"product","2":"type-product","3":"status-publish","4":"has-post-thumbnail","6":"product_cat-grouped","8":"first","9":"instock","10":"shipping-taxable","11":"purchasable","12":"product-type-variable","13":"wvs-archive-product-wrapper"},"_links":{"self":[{"href":"https:\/\/baldumarket.lt\/lt\/wp-json\/wp\/v2\/product\/221469","targetHints":{"allow":["GET"]}}],"collection":[{"href":"https:\/\/baldumarket.lt\/lt\/wp-json\/wp\/v2\/product"}],"about":[{"href":"https:\/\/baldumarket.lt\/lt\/wp-json\/wp\/v2\/types\/product"}],"replies":[{"embeddable":true,"href":"https:\/\/baldumarket.lt\/lt\/wp-json\/wp\/v2\/comments?post=221469"}],"wp:featuredmedia":[{"embeddable":true,"href":"https:\/\/baldumarket.lt\/lt\/wp-json\/wp\/v2\/media\/221504"}],"wp:attachment":[{"href":"https:\/\/baldumarket.lt\/lt\/wp-json\/wp\/v2\/media?parent=221469"}],"wp:term":[{"taxonomy":"product_brand","embeddable":true,"href":"https:\/\/baldumarket.lt\/lt\/wp-json\/wp\/v2\/product_brand?post=221469"},{"taxonomy":"product_cat","embeddable":true,"href":"https:\/\/baldumarket.lt\/lt\/wp-json\/wp\/v2\/product_cat?post=221469"},{"taxonomy":"product_tag","embeddable":true,"href":"https:\/\/baldumarket.lt\/lt\/wp-json\/wp\/v2\/product_tag?post=221469"}],"curies":[{"name":"wp","href":"https:\/\/api.w.org\/{rel}","templated":true}]}}