{"id":221459,"date":"2025-12-27T22:58:36","date_gmt":"2025-12-27T19:58:36","guid":{"rendered":"https:\/\/baldumarket.lt\/?post_type=product&#038;p=221459"},"modified":"2026-02-03T23:11:58","modified_gmt":"2026-02-03T20:11:58","slug":"lozka-tapicerowane-nashville-140x200-cm-gr4","status":"publish","type":"product","link":"https:\/\/baldumarket.lt\/lt\/product\/lozka-tapicerowane-nashville-140x200-cm-gr4\/","title":{"rendered":"Na\u0161vilio apmu\u0161tos lovos 140\u00d7200 cm Gr4"},"content":{"rendered":"<p>Patraukli \u201eNashville\u201c lova pasi\u017eymi dailia 15 cm metaline koja ir mink\u0161tu galv\u016bgaliu, si\u016btu pagal parketlen\u010di\u0173 ra\u0161t\u0105. Komplekt\u0105 galima i\u0161pl\u0117sti patalyn\u0117s d\u0117\u017ee, \u010diu\u017einio pagrindu ir \u010diu\u017einio pagrindu su dujin\u0117mis spyruokl\u0117mis. Komplektas pristatomas supakuotas ir reikalauja minimalaus surinkimo.<\/p>","protected":false},"excerpt":{"rendered":"<p>Plotis: 140 cm<br \/>\nIlgis: 220 cm<br \/>\n\u016agis: 114 cm<br \/>\nMiegamasis plotas: 140 \u00d7 200 cm<br \/>\n\u0160oninis auk\u0161tis: 40 cm<\/p>","protected":false},"featured_media":221478,"comment_status":"open","ping_status":"closed","template":"","meta":[],"product_brand":[],"product_cat":[9133],"product_tag":[],"class_list":{"0":"post-221459","1":"product","2":"type-product","3":"status-publish","4":"has-post-thumbnail","6":"product_cat-grouped","8":"first","9":"instock","10":"shipping-taxable","11":"purchasable","12":"product-type-variable","13":"wvs-archive-product-wrapper"},"_links":{"self":[{"href":"https:\/\/baldumarket.lt\/lt\/wp-json\/wp\/v2\/product\/221459","targetHints":{"allow":["GET"]}}],"collection":[{"href":"https:\/\/baldumarket.lt\/lt\/wp-json\/wp\/v2\/product"}],"about":[{"href":"https:\/\/baldumarket.lt\/lt\/wp-json\/wp\/v2\/types\/product"}],"replies":[{"embeddable":true,"href":"https:\/\/baldumarket.lt\/lt\/wp-json\/wp\/v2\/comments?post=221459"}],"wp:featuredmedia":[{"embeddable":true,"href":"https:\/\/baldumarket.lt\/lt\/wp-json\/wp\/v2\/media\/221478"}],"wp:attachment":[{"href":"https:\/\/baldumarket.lt\/lt\/wp-json\/wp\/v2\/media?parent=221459"}],"wp:term":[{"taxonomy":"product_brand","embeddable":true,"href":"https:\/\/baldumarket.lt\/lt\/wp-json\/wp\/v2\/product_brand?post=221459"},{"taxonomy":"product_cat","embeddable":true,"href":"https:\/\/baldumarket.lt\/lt\/wp-json\/wp\/v2\/product_cat?post=221459"},{"taxonomy":"product_tag","embeddable":true,"href":"https:\/\/baldumarket.lt\/lt\/wp-json\/wp\/v2\/product_tag?post=221459"}],"curies":[{"name":"wp","href":"https:\/\/api.w.org\/{rel}","templated":true}]}}