{"id":221447,"date":"2025-12-27T22:57:55","date_gmt":"2025-12-27T19:57:55","guid":{"rendered":"https:\/\/baldumarket.lt\/?post_type=product&#038;p=221447"},"modified":"2026-02-03T23:11:59","modified_gmt":"2026-02-03T20:11:59","slug":"lozka-tapicerowane-nashville-160x200-cm","status":"publish","type":"product","link":"https:\/\/baldumarket.lt\/lt\/product\/lozka-tapicerowane-nashville-160x200-cm\/","title":{"rendered":"Nashville mink\u0161tos lovos 160&#215;200 cm"},"content":{"rendered":"<p>Patraukli \u201eNashville\u201c lova, kurios miegamoji erdv\u0117 yra 160 \u00d7 200 cm, pasi\u017eymi gra\u017eia 15 cm auk\u0161\u010dio metaline koja ir mink\u0161tu galv\u016bgaliu, si\u016btu pagal parketlen\u010di\u0173 ra\u0161t\u0105. Bald\u0105 galima i\u0161pl\u0117sti patalyn\u0117s daiktad\u0117\u017ee, \u010diu\u017einio pagrindu ir \u010diu\u017einio pagrindu su dujin\u0117mis amortizatoriais. Komplektas pristatomas supakuotas ir reikalauja minimalaus surinkimo. Lova si\u016bloma su \u012fvairiais audiniais, kuri\u0173 pavyzd\u012f rasite gaminio k\u016br\u0117jo dokumente.<\/p>","protected":false},"excerpt":{"rendered":"<p>Patraukli \u201eNashville\u201c lova, kurios miegamoji erdv\u0117 yra 160 \u00d7 200 cm, pasi\u017eymi gra\u017eia 15 cm auk\u0161\u010dio metaline koja ir mink\u0161tu galv\u016bgaliu, si\u016btu pagal parketlen\u010di\u0173 ra\u0161t\u0105. Bald\u0173 komplekt\u0105 galima i\u0161pl\u0117sti patalyn\u0117s daiktad\u0117\u017ee, \u010diu\u017einio pagrindu ir \u010diu\u017einio pagrindu su dujin\u0117mis amortizatoriais. Komplektas pristatomas [\u2026]<\/p>","protected":false},"featured_media":221462,"comment_status":"open","ping_status":"closed","template":"","meta":[],"product_brand":[],"product_cat":[505,1971,7906],"product_tag":[],"class_list":{"0":"post-221447","1":"product","2":"type-product","3":"status-publish","4":"has-post-thumbnail","6":"product_cat-bedroom-beds","7":"product_cat-beds-160x200","8":"product_cat-comforteo","10":"first","11":"instock","12":"shipping-taxable","13":"product-type-grouped"},"_links":{"self":[{"href":"https:\/\/baldumarket.lt\/lt\/wp-json\/wp\/v2\/product\/221447","targetHints":{"allow":["GET"]}}],"collection":[{"href":"https:\/\/baldumarket.lt\/lt\/wp-json\/wp\/v2\/product"}],"about":[{"href":"https:\/\/baldumarket.lt\/lt\/wp-json\/wp\/v2\/types\/product"}],"replies":[{"embeddable":true,"href":"https:\/\/baldumarket.lt\/lt\/wp-json\/wp\/v2\/comments?post=221447"}],"wp:featuredmedia":[{"embeddable":true,"href":"https:\/\/baldumarket.lt\/lt\/wp-json\/wp\/v2\/media\/221462"}],"wp:attachment":[{"href":"https:\/\/baldumarket.lt\/lt\/wp-json\/wp\/v2\/media?parent=221447"}],"wp:term":[{"taxonomy":"product_brand","embeddable":true,"href":"https:\/\/baldumarket.lt\/lt\/wp-json\/wp\/v2\/product_brand?post=221447"},{"taxonomy":"product_cat","embeddable":true,"href":"https:\/\/baldumarket.lt\/lt\/wp-json\/wp\/v2\/product_cat?post=221447"},{"taxonomy":"product_tag","embeddable":true,"href":"https:\/\/baldumarket.lt\/lt\/wp-json\/wp\/v2\/product_tag?post=221447"}],"curies":[{"name":"wp","href":"https:\/\/api.w.org\/{rel}","templated":true}]}}