{"id":221426,"date":"2025-12-27T22:56:43","date_gmt":"2025-12-27T19:56:43","guid":{"rendered":"https:\/\/baldumarket.lt\/?post_type=product&#038;p=221426"},"modified":"2026-02-03T23:12:00","modified_gmt":"2026-02-03T20:12:00","slug":"lozka-tapicerowane-nashville-180x200-cm-gr4","status":"publish","type":"product","link":"https:\/\/baldumarket.lt\/lt\/product\/lozka-tapicerowane-nashville-180x200-cm-gr4\/","title":{"rendered":"Nashville mink\u0161tos lovos 180\u00d7200 cm Gr4"},"content":{"rendered":"<p>Didel\u0117 ir patogi \u201eNashville\u201c lova, kurios miegamoji erdv\u0117 yra 180 \u00d7 200 cm, pasi\u017eymi gra\u017eia 15 cm auk\u0161\u010dio juoda metaline koja ir mink\u0161tu galv\u016bgaliu, dygsniuotu parketlen\u010di\u0173 ra\u0161tu. Bald\u0173 komplekt\u0105 galima i\u0161pl\u0117sti patalyn\u0117s daiktad\u0117\u017ee, \u010diu\u017einio pagrindu ir \u010diu\u017einio pagrindu su dujin\u0117mis amortizatoriais. Komplektas pristatomas supakuotas ir reikalauja minimalaus surinkimo. Lova si\u016bloma su madingais ir pla\u010diu apmu\u0161al\u0173 audini\u0173 asortimentu, kuri\u0173 pavyzd\u017eius rasite \u201eProduct Creator\u201c dokumente.<\/p>","protected":false},"excerpt":{"rendered":"<p>Plotis: 180 cm<br \/>\nIlgis: 220 cm<br \/>\n\u016agis: 114 cm<br \/>\nMiegamoji erdv\u0117: 180 \u00d7 200 cm<br \/>\n\u0160oninis auk\u0161tis: 40 cm<\/p>","protected":false},"featured_media":221448,"comment_status":"open","ping_status":"closed","template":"","meta":[],"product_brand":[],"product_cat":[9133],"product_tag":[],"class_list":{"0":"post-221426","1":"product","2":"type-product","3":"status-publish","4":"has-post-thumbnail","6":"product_cat-grouped","8":"first","9":"instock","10":"shipping-taxable","11":"purchasable","12":"product-type-variable","13":"wvs-archive-product-wrapper"},"_links":{"self":[{"href":"https:\/\/baldumarket.lt\/lt\/wp-json\/wp\/v2\/product\/221426","targetHints":{"allow":["GET"]}}],"collection":[{"href":"https:\/\/baldumarket.lt\/lt\/wp-json\/wp\/v2\/product"}],"about":[{"href":"https:\/\/baldumarket.lt\/lt\/wp-json\/wp\/v2\/types\/product"}],"replies":[{"embeddable":true,"href":"https:\/\/baldumarket.lt\/lt\/wp-json\/wp\/v2\/comments?post=221426"}],"wp:featuredmedia":[{"embeddable":true,"href":"https:\/\/baldumarket.lt\/lt\/wp-json\/wp\/v2\/media\/221448"}],"wp:attachment":[{"href":"https:\/\/baldumarket.lt\/lt\/wp-json\/wp\/v2\/media?parent=221426"}],"wp:term":[{"taxonomy":"product_brand","embeddable":true,"href":"https:\/\/baldumarket.lt\/lt\/wp-json\/wp\/v2\/product_brand?post=221426"},{"taxonomy":"product_cat","embeddable":true,"href":"https:\/\/baldumarket.lt\/lt\/wp-json\/wp\/v2\/product_cat?post=221426"},{"taxonomy":"product_tag","embeddable":true,"href":"https:\/\/baldumarket.lt\/lt\/wp-json\/wp\/v2\/product_tag?post=221426"}],"curies":[{"name":"wp","href":"https:\/\/api.w.org\/{rel}","templated":true}]}}