{"id":221401,"date":"2025-12-27T22:55:17","date_gmt":"2025-12-27T19:55:17","guid":{"rendered":"https:\/\/baldumarket.lt\/?post_type=product&#038;p=221401"},"modified":"2026-02-03T23:12:00","modified_gmt":"2026-02-03T20:12:00","slug":"lozka-tapicerowane-nature-140x200-cm-gr3","status":"publish","type":"product","link":"https:\/\/baldumarket.lt\/lt\/product\/lozka-tapicerowane-nature-140x200-cm-gr3\/","title":{"rendered":"Mink\u0161tos lovos \u201eNature\u201c 140&#215;200 cm Gr3"},"content":{"rendered":"<p>\u201eNature\u201c mink\u0161ta lova, kurios miegamojo plotas yra 140 \u00d7 200 cm, pabr\u0117\u017eia savo skandinavi\u0161k\u0105 charakter\u012f auk\u0161tomis medin\u0117mis kojel\u0117mis (16 cm) ir mediniais galv\u016bgalio elementais, pagamintais i\u0161 nat\u016bralios buko spalvos. D\u0117l \u0161i\u0173 auk\u0161t\u0173 kojeli\u0173 galima valyti po lova naudojant robotinius dulki\u0173 siurblius. Baldai si\u016blomi su \u012fvairiais apmu\u0161al\u0173 audiniais, kuriuos galite rasti gamini\u0173 vedlyje. Komplekt\u0105 reikia surinkti minimaliai.<\/p>","protected":false},"excerpt":{"rendered":"<p>Plotis: 155 cm<br \/>\nIlgis: 220 cm<br \/>\n\u016agis: 114 cm<br \/>\nMiegamasis plotas: 140 \u00d7 200 cm<br \/>\n\u0160oninis auk\u0161tis: 42 cm<\/p>","protected":false},"featured_media":221437,"comment_status":"open","ping_status":"closed","template":"","meta":[],"product_brand":[],"product_cat":[9133],"product_tag":[],"class_list":{"0":"post-221401","1":"product","2":"type-product","3":"status-publish","4":"has-post-thumbnail","6":"product_cat-grouped","8":"first","9":"instock","10":"shipping-taxable","11":"purchasable","12":"product-type-variable","13":"wvs-archive-product-wrapper"},"_links":{"self":[{"href":"https:\/\/baldumarket.lt\/lt\/wp-json\/wp\/v2\/product\/221401","targetHints":{"allow":["GET"]}}],"collection":[{"href":"https:\/\/baldumarket.lt\/lt\/wp-json\/wp\/v2\/product"}],"about":[{"href":"https:\/\/baldumarket.lt\/lt\/wp-json\/wp\/v2\/types\/product"}],"replies":[{"embeddable":true,"href":"https:\/\/baldumarket.lt\/lt\/wp-json\/wp\/v2\/comments?post=221401"}],"wp:featuredmedia":[{"embeddable":true,"href":"https:\/\/baldumarket.lt\/lt\/wp-json\/wp\/v2\/media\/221437"}],"wp:attachment":[{"href":"https:\/\/baldumarket.lt\/lt\/wp-json\/wp\/v2\/media?parent=221401"}],"wp:term":[{"taxonomy":"product_brand","embeddable":true,"href":"https:\/\/baldumarket.lt\/lt\/wp-json\/wp\/v2\/product_brand?post=221401"},{"taxonomy":"product_cat","embeddable":true,"href":"https:\/\/baldumarket.lt\/lt\/wp-json\/wp\/v2\/product_cat?post=221401"},{"taxonomy":"product_tag","embeddable":true,"href":"https:\/\/baldumarket.lt\/lt\/wp-json\/wp\/v2\/product_tag?post=221401"}],"curies":[{"name":"wp","href":"https:\/\/api.w.org\/{rel}","templated":true}]}}