{"id":221396,"date":"2025-12-27T22:55:09","date_gmt":"2025-12-27T19:55:09","guid":{"rendered":"https:\/\/baldumarket.lt\/?post_type=product&#038;p=221396"},"modified":"2026-02-03T23:12:01","modified_gmt":"2026-02-03T20:12:01","slug":"lozka-tapicerowane-nature-160x200-cm","status":"publish","type":"product","link":"https:\/\/baldumarket.lt\/lt\/product\/lozka-tapicerowane-nature-160x200-cm\/","title":{"rendered":"\u201eNature\u201c mink\u0161tos lovos 160\u00d7200 cm"},"content":{"rendered":"<p>\u201eNature\u201c apmu\u0161ta lova, kurios miegamojo plotas yra 160 \u00d7 200 cm, pabr\u0117\u017eia savo skandinavi\u0161k\u0105 charakter\u012f auk\u0161tomis medin\u0117mis kojel\u0117mis (16 cm) ir nat\u016bralios buko spalvos mediniais galv\u016bgalio elementais. Apmu\u0161tas, mink\u0161tas galv\u016bgalis turi i\u0161skirtinio kont\u016bro vir\u0161utin\u012f kra\u0161t\u0105, suteikiant\u012f komplektui stiliaus ir elegancijos. D\u0117l auk\u0161t\u0173 kojeli\u0173 valymo robotai gali i\u0161valyti erdv\u0119 po lova. Baldai si\u016blomi su \u012fvairiais apmu\u0161al\u0173 audiniais, kuriuos galite rasti \u201eProduct Creator\u201c svetain\u0117je. Komplekt\u0105 reikia surinkti minimaliai.<\/p>","protected":false},"excerpt":{"rendered":"<p>\u201eNature\u201c mink\u0161ta lova, kurios miegamojo plotas yra 160 \u00d7 200 cm, pabr\u0117\u017eia savo skandinavi\u0161k\u0105 charakter\u012f auk\u0161tomis medin\u0117mis kojel\u0117mis (16 cm) ir nat\u016bralios buko spalvos mediniais galv\u016bgalio elementais. Mink\u0161tas, mink\u0161tas galv\u016bgalis turi i\u0161skirtinio kont\u016bro vir\u0161utin\u012f kra\u0161t\u0105, suteikiant\u012f komplektui stiliaus ir elegancijos. D\u0117l auk\u0161t\u0173 kojeli\u0173 valymo robotai gali [\u2026]<\/p>","protected":false},"featured_media":221414,"comment_status":"open","ping_status":"closed","template":"","meta":[],"product_brand":[],"product_cat":[505,1971,7906],"product_tag":[],"class_list":{"0":"post-221396","1":"product","2":"type-product","3":"status-publish","4":"has-post-thumbnail","6":"product_cat-bedroom-beds","7":"product_cat-beds-160x200","8":"product_cat-comforteo","10":"first","11":"instock","12":"shipping-taxable","13":"product-type-grouped"},"_links":{"self":[{"href":"https:\/\/baldumarket.lt\/lt\/wp-json\/wp\/v2\/product\/221396","targetHints":{"allow":["GET"]}}],"collection":[{"href":"https:\/\/baldumarket.lt\/lt\/wp-json\/wp\/v2\/product"}],"about":[{"href":"https:\/\/baldumarket.lt\/lt\/wp-json\/wp\/v2\/types\/product"}],"replies":[{"embeddable":true,"href":"https:\/\/baldumarket.lt\/lt\/wp-json\/wp\/v2\/comments?post=221396"}],"wp:featuredmedia":[{"embeddable":true,"href":"https:\/\/baldumarket.lt\/lt\/wp-json\/wp\/v2\/media\/221414"}],"wp:attachment":[{"href":"https:\/\/baldumarket.lt\/lt\/wp-json\/wp\/v2\/media?parent=221396"}],"wp:term":[{"taxonomy":"product_brand","embeddable":true,"href":"https:\/\/baldumarket.lt\/lt\/wp-json\/wp\/v2\/product_brand?post=221396"},{"taxonomy":"product_cat","embeddable":true,"href":"https:\/\/baldumarket.lt\/lt\/wp-json\/wp\/v2\/product_cat?post=221396"},{"taxonomy":"product_tag","embeddable":true,"href":"https:\/\/baldumarket.lt\/lt\/wp-json\/wp\/v2\/product_tag?post=221396"}],"curies":[{"name":"wp","href":"https:\/\/api.w.org\/{rel}","templated":true}]}}