{"id":221381,"date":"2025-12-27T22:53:48","date_gmt":"2025-12-27T19:53:48","guid":{"rendered":"https:\/\/baldumarket.lt\/?post_type=product&#038;p=221381"},"modified":"2026-02-03T23:12:02","modified_gmt":"2026-02-03T20:12:02","slug":"lozka-tapicerowane-nature-180x200-cm","status":"publish","type":"product","link":"https:\/\/baldumarket.lt\/lt\/product\/lozka-tapicerowane-nature-180x200-cm\/","title":{"rendered":"\u201eNature\u201c mink\u0161tos lovos 180\u00d7200 cm"},"content":{"rendered":"<p>Eleganti\u0161ka \u201eNature\u201c mink\u0161ta lova su didele 180 \u00d7 200 cm miegamojo erdve pabr\u0117\u017eia unikal\u0173 skandinavi\u0161k\u0105 charakter\u012f auk\u0161tomis medin\u0117mis kojel\u0117mis (16 cm) ir mediniais galv\u016bgalio elementais, pagamintais i\u0161 nat\u016bralios buko spalvos. I\u0161skirtinio dizaino mink\u0161tas galv\u016bgalis pasi\u017eymi i\u0161lenktu vir\u0161utiniu kra\u0161tu. D\u0117l auk\u0161t\u0173, nat\u016brali\u0173 kojeli\u0173 valymo robotai gali i\u0161valyti grindis po lova. Lova si\u016bloma su \u012fvairiais apmu\u0161alais, kuriuos galite rasti gamini\u0173 vedlyje. Komplekt\u0105 reikia surinkti minimaliai.<\/p>","protected":false},"excerpt":{"rendered":"<p>Eleganti\u0161ka \u201eNature\u201c mink\u0161ta lova su didele 180 \u00d7 200 cm miegamojo erdve pabr\u0117\u017eia unikal\u0173 skandinavi\u0161k\u0105 charakter\u012f auk\u0161tomis medin\u0117mis kojel\u0117mis (16 cm) ir mediniais galv\u016bgalio elementais, pagamintais i\u0161 nat\u016bralios buko spalvos. I\u0161skirtinio dizaino mink\u0161tas galv\u016bgalis pasi\u017eymi i\u0161lenktu vir\u0161utiniu kra\u0161tu. D\u0117l auk\u0161t\u0173, nat\u016brali\u0173 kojeli\u0173 valymo robotai gali i\u0161valyti [\u2026]<\/p>","protected":false},"featured_media":221404,"comment_status":"open","ping_status":"closed","template":"","meta":[],"product_brand":[],"product_cat":[505,1972,7906],"product_tag":[],"class_list":{"0":"post-221381","1":"product","2":"type-product","3":"status-publish","4":"has-post-thumbnail","6":"product_cat-bedroom-beds","7":"product_cat-beds-180x200","8":"product_cat-comforteo","10":"first","11":"instock","12":"shipping-taxable","13":"product-type-grouped"},"_links":{"self":[{"href":"https:\/\/baldumarket.lt\/lt\/wp-json\/wp\/v2\/product\/221381","targetHints":{"allow":["GET"]}}],"collection":[{"href":"https:\/\/baldumarket.lt\/lt\/wp-json\/wp\/v2\/product"}],"about":[{"href":"https:\/\/baldumarket.lt\/lt\/wp-json\/wp\/v2\/types\/product"}],"replies":[{"embeddable":true,"href":"https:\/\/baldumarket.lt\/lt\/wp-json\/wp\/v2\/comments?post=221381"}],"wp:featuredmedia":[{"embeddable":true,"href":"https:\/\/baldumarket.lt\/lt\/wp-json\/wp\/v2\/media\/221404"}],"wp:attachment":[{"href":"https:\/\/baldumarket.lt\/lt\/wp-json\/wp\/v2\/media?parent=221381"}],"wp:term":[{"taxonomy":"product_brand","embeddable":true,"href":"https:\/\/baldumarket.lt\/lt\/wp-json\/wp\/v2\/product_brand?post=221381"},{"taxonomy":"product_cat","embeddable":true,"href":"https:\/\/baldumarket.lt\/lt\/wp-json\/wp\/v2\/product_cat?post=221381"},{"taxonomy":"product_tag","embeddable":true,"href":"https:\/\/baldumarket.lt\/lt\/wp-json\/wp\/v2\/product_tag?post=221381"}],"curies":[{"name":"wp","href":"https:\/\/api.w.org\/{rel}","templated":true}]}}