{"id":221358,"date":"2025-12-27T22:52:26","date_gmt":"2025-12-27T19:52:26","guid":{"rendered":"https:\/\/baldumarket.lt\/?post_type=product&#038;p=221358"},"modified":"2026-02-03T23:12:03","modified_gmt":"2026-02-03T20:12:03","slug":"lozka-tapicerowane-nevada-140x200-cm-pojemniki-stelaz-z-podnosnikiem-gr4","status":"publish","type":"product","link":"https:\/\/baldumarket.lt\/lt\/product\/lozka-tapicerowane-nevada-140x200-cm-pojemniki-stelaz-z-podnosnikiem-gr4\/","title":{"rendered":"Nevada mink\u0161tos lovos 140&#215;200 cm, konteineriai, r\u0117mas su pak\u0117limo mechanizmu Gr4"},"content":{"rendered":"<p>Lova pasi\u017eymi kont\u016bruotu ir dygsniuotu galv\u016bgaliu bei auk\u0161ta daiktad\u0117\u017ee. Baldas gali b\u016bti komplektuojamas su patalyn\u0117s d\u0117\u017ee, \u010diu\u017einio pagrindu arba dujiniu pak\u0117limo mechanizmu. Mink\u0161tas ir patrauklus galv\u016bgalis yra ne tik dekoratyvinis elementas, bet ir suteikia puiki\u0105 nugaros atram\u0105 vakare skaitant. Komplekt\u0105 galima \u012fsigyti su \u012fvairiomis apmu\u0161al\u0173 med\u017eiagomis. Kojeli\u0173 spalv\u0173 pavyzd\u017eiai ir apmu\u0161al\u0173 audini\u0173 pavyzd\u017eiai \u012ftraukti \u012f gaminio vedl\u012f. Lovai surinkti reikia minimalaus surinkimo.<\/p>","protected":false},"excerpt":{"rendered":"<p>Plotis: 159 cm<br \/>\nIlgis: 231 cm<br \/>\n\u016agis: 123 cm<br \/>\nMiegamasis plotas: 140 \u00d7 200 cm<br \/>\nPatalyn\u0117: pirkimo parinktis produkt\u0173 k\u016brimo priemon\u0117je<\/p>","protected":false},"featured_media":221382,"comment_status":"open","ping_status":"closed","template":"","meta":[],"product_brand":[],"product_cat":[9133],"product_tag":[],"class_list":{"0":"post-221358","1":"product","2":"type-product","3":"status-publish","4":"has-post-thumbnail","6":"product_cat-grouped","8":"first","9":"instock","10":"shipping-taxable","11":"purchasable","12":"product-type-variable","13":"wvs-archive-product-wrapper"},"_links":{"self":[{"href":"https:\/\/baldumarket.lt\/lt\/wp-json\/wp\/v2\/product\/221358","targetHints":{"allow":["GET"]}}],"collection":[{"href":"https:\/\/baldumarket.lt\/lt\/wp-json\/wp\/v2\/product"}],"about":[{"href":"https:\/\/baldumarket.lt\/lt\/wp-json\/wp\/v2\/types\/product"}],"replies":[{"embeddable":true,"href":"https:\/\/baldumarket.lt\/lt\/wp-json\/wp\/v2\/comments?post=221358"}],"wp:featuredmedia":[{"embeddable":true,"href":"https:\/\/baldumarket.lt\/lt\/wp-json\/wp\/v2\/media\/221382"}],"wp:attachment":[{"href":"https:\/\/baldumarket.lt\/lt\/wp-json\/wp\/v2\/media?parent=221358"}],"wp:term":[{"taxonomy":"product_brand","embeddable":true,"href":"https:\/\/baldumarket.lt\/lt\/wp-json\/wp\/v2\/product_brand?post=221358"},{"taxonomy":"product_cat","embeddable":true,"href":"https:\/\/baldumarket.lt\/lt\/wp-json\/wp\/v2\/product_cat?post=221358"},{"taxonomy":"product_tag","embeddable":true,"href":"https:\/\/baldumarket.lt\/lt\/wp-json\/wp\/v2\/product_tag?post=221358"}],"curies":[{"name":"wp","href":"https:\/\/api.w.org\/{rel}","templated":true}]}}