{"id":221343,"date":"2025-12-27T22:51:33","date_gmt":"2025-12-27T19:51:33","guid":{"rendered":"https:\/\/baldumarket.lt\/?post_type=product&#038;p=221343"},"modified":"2026-02-03T23:12:04","modified_gmt":"2026-02-03T20:12:04","slug":"lozka-tapicerowane-nevada-160x200-cm-pojemniki-stelaz-z-podnosnikiem-gr2","status":"publish","type":"product","link":"https:\/\/baldumarket.lt\/lt\/product\/lozka-tapicerowane-nevada-160x200-cm-pojemniki-stelaz-z-podnosnikiem-gr2\/","title":{"rendered":"Nevada mink\u0161tos lovos 160\u00d7200 cm, konteineriai, r\u0117mas su pak\u0117limo mechanizmu Gr2"},"content":{"rendered":"<p>\u201eVegos\u201c lova, kurios miegamojo plotas yra 160 \u00d7 200 cm, pasi\u017eymi kont\u016bruotu galv\u016bgaliu su i\u0161skirtiniu dygsniuotu ra\u0161tu ir auk\u0161ta komoda. Baldas gali b\u016bti komplektuojamas su patalyn\u0117s d\u0117\u017ee, \u010diu\u017einio pagrindu arba dujiniu pak\u0117limo r\u0117mu. Mink\u0161tas ir patrauklus galv\u016bgalis yra ne tik dekoratyvinis elementas, bet ir puiki nugaros atrama vakarais \u017ei\u016brint m\u0117gstamus serialus. Baldai pristatomi supakuoti su ai\u0161kiomis surinkimo instrukcijomis ir gali b\u016bti apmu\u0161ti \u012fvairiomis med\u017eiagomis. Spalv\u0173, koj\u0173 tip\u0173 ir audini\u0173 pavyzd\u017eius galite rasti \u201eProdukto k\u016br\u0117jo\u201c svetain\u0117je.<\/p>","protected":false},"excerpt":{"rendered":"<p>Plotis: 179 cm<br \/>\nIlgis: 231 cm<br \/>\n\u016agis: 123 cm<br \/>\nMiegamoji erdv\u0117: 160 \u00d7 200 cm<br \/>\nPatalyn\u0117: pirkimo parinktis produkt\u0173 k\u016brimo priemon\u0117je<\/p>","protected":false},"featured_media":221371,"comment_status":"open","ping_status":"closed","template":"","meta":[],"product_brand":[],"product_cat":[9133],"product_tag":[],"class_list":{"0":"post-221343","1":"product","2":"type-product","3":"status-publish","4":"has-post-thumbnail","6":"product_cat-grouped","8":"first","9":"instock","10":"shipping-taxable","11":"purchasable","12":"product-type-variable","13":"wvs-archive-product-wrapper"},"_links":{"self":[{"href":"https:\/\/baldumarket.lt\/lt\/wp-json\/wp\/v2\/product\/221343","targetHints":{"allow":["GET"]}}],"collection":[{"href":"https:\/\/baldumarket.lt\/lt\/wp-json\/wp\/v2\/product"}],"about":[{"href":"https:\/\/baldumarket.lt\/lt\/wp-json\/wp\/v2\/types\/product"}],"replies":[{"embeddable":true,"href":"https:\/\/baldumarket.lt\/lt\/wp-json\/wp\/v2\/comments?post=221343"}],"wp:featuredmedia":[{"embeddable":true,"href":"https:\/\/baldumarket.lt\/lt\/wp-json\/wp\/v2\/media\/221371"}],"wp:attachment":[{"href":"https:\/\/baldumarket.lt\/lt\/wp-json\/wp\/v2\/media?parent=221343"}],"wp:term":[{"taxonomy":"product_brand","embeddable":true,"href":"https:\/\/baldumarket.lt\/lt\/wp-json\/wp\/v2\/product_brand?post=221343"},{"taxonomy":"product_cat","embeddable":true,"href":"https:\/\/baldumarket.lt\/lt\/wp-json\/wp\/v2\/product_cat?post=221343"},{"taxonomy":"product_tag","embeddable":true,"href":"https:\/\/baldumarket.lt\/lt\/wp-json\/wp\/v2\/product_tag?post=221343"}],"curies":[{"name":"wp","href":"https:\/\/api.w.org\/{rel}","templated":true}]}}