{"id":221320,"date":"2025-12-27T22:50:26","date_gmt":"2025-12-27T19:50:26","guid":{"rendered":"https:\/\/baldumarket.lt\/?post_type=product&#038;p=221320"},"modified":"2026-02-03T23:12:05","modified_gmt":"2026-02-03T20:12:05","slug":"lozka-tapicerowane-nevada-180x200-cm-pojemniki-stelaz-z-podnosnikiem-gr3","status":"publish","type":"product","link":"https:\/\/baldumarket.lt\/lt\/product\/lozka-tapicerowane-nevada-180x200-cm-pojemniki-stelaz-z-podnosnikiem-gr3\/","title":{"rendered":"Nevada mink\u0161tos lovos 180\u00d7200 cm, konteineriai, r\u0117mas su pak\u0117limo mechanizmu Gr3"},"content":{"rendered":"<p>Didel\u0117 ir eleganti\u0161ka \u201eVegos\u201c lova, kurios miegamojo plotas yra 180 \u00d7 200 cm, pasi\u017eymi kont\u016bruotu galv\u016bgaliu su i\u0161skirtiniu dygsniuotu ra\u0161tu ir auk\u0161ta skrynia. Komplekt\u0105 galima papildyti patalyn\u0117s d\u0117\u017ee, \u010diu\u017einio pagrindu ir priekiniu pakeliamu pagrindu su dujiniais keltuvais. Mink\u0161tas ir patrauklus galv\u016bgalis yra ne tik dekoratyvinis elementas, bet ir suteikia puiki\u0105 nugaros atram\u0105 skaitant vakare. Baldai pristatomi supakuoti su ai\u0161kiomis surinkimo instrukcijomis ir gali b\u016bti apmu\u0161ti \u012fvairiomis med\u017eiagomis. Spalv\u0173 ir koj\u0173 tip\u0173 pavyzd\u017eius, taip pat audini\u0173 pavyzd\u017eius galite rasti \u201eProduct Creator\u201c svetain\u0117je.<\/p>","protected":false},"excerpt":{"rendered":"<p>Plotis: 199 cm<br \/>\nIlgis: 231 cm<br \/>\n\u016agis: 123 cm<br \/>\nMiegamoji erdv\u0117: 180 x 200 cm<br \/>\nPatalyn\u0117: pirkimo parinktis produkt\u0173 k\u016brimo priemon\u0117je<\/p>","protected":false},"featured_media":221360,"comment_status":"open","ping_status":"closed","template":"","meta":[],"product_brand":[],"product_cat":[9133],"product_tag":[],"class_list":{"0":"post-221320","1":"product","2":"type-product","3":"status-publish","4":"has-post-thumbnail","6":"product_cat-grouped","8":"first","9":"instock","10":"shipping-taxable","11":"purchasable","12":"product-type-variable","13":"wvs-archive-product-wrapper"},"_links":{"self":[{"href":"https:\/\/baldumarket.lt\/lt\/wp-json\/wp\/v2\/product\/221320","targetHints":{"allow":["GET"]}}],"collection":[{"href":"https:\/\/baldumarket.lt\/lt\/wp-json\/wp\/v2\/product"}],"about":[{"href":"https:\/\/baldumarket.lt\/lt\/wp-json\/wp\/v2\/types\/product"}],"replies":[{"embeddable":true,"href":"https:\/\/baldumarket.lt\/lt\/wp-json\/wp\/v2\/comments?post=221320"}],"wp:featuredmedia":[{"embeddable":true,"href":"https:\/\/baldumarket.lt\/lt\/wp-json\/wp\/v2\/media\/221360"}],"wp:attachment":[{"href":"https:\/\/baldumarket.lt\/lt\/wp-json\/wp\/v2\/media?parent=221320"}],"wp:term":[{"taxonomy":"product_brand","embeddable":true,"href":"https:\/\/baldumarket.lt\/lt\/wp-json\/wp\/v2\/product_brand?post=221320"},{"taxonomy":"product_cat","embeddable":true,"href":"https:\/\/baldumarket.lt\/lt\/wp-json\/wp\/v2\/product_cat?post=221320"},{"taxonomy":"product_tag","embeddable":true,"href":"https:\/\/baldumarket.lt\/lt\/wp-json\/wp\/v2\/product_tag?post=221320"}],"curies":[{"name":"wp","href":"https:\/\/api.w.org\/{rel}","templated":true}]}}