{"id":221315,"date":"2025-12-27T22:50:20","date_gmt":"2025-12-27T19:50:20","guid":{"rendered":"https:\/\/baldumarket.lt\/?post_type=product&#038;p=221315"},"modified":"2026-02-03T23:12:06","modified_gmt":"2026-02-03T20:12:06","slug":"lozka-tapicerowane-paris-standard-140x200-cm","status":"publish","type":"product","link":"https:\/\/baldumarket.lt\/lt\/product\/lozka-tapicerowane-paris-standard-140x200-cm\/","title":{"rendered":"Mink\u0161tos lovos \u201eParis standard\u201c 140&#215;200 cm"},"content":{"rendered":"<p>Lova \u201eParis\u201c, kurios miegamojo plotas yra 140 \u00d7 200 cm, pasi\u017eymi geometri\u0161kai dygsniuotu galv\u016bgaliu, padalintu \u012f simetri\u0161kas dalis. Mink\u0161tas, madingas ir patogus galv\u016bgalis suteikia puiki\u0105 atram\u0105 skaitant knyg\u0105 ar \u017ei\u016brint m\u0117gstam\u0105 serial\u0105. Lova taip pat turi \u0161onus ir pakoj\u012f, pasi\u016btus i\u0161 to paties dekoratyvinio audinio kaip ir galv\u016bgalis. Komplekt\u0105 galima i\u0161pl\u0117sti papildomais elementais, tokiais kaip medinis \u010diu\u017einio r\u0117mas su dujin\u0117mis spyruokl\u0117mis, medinis \u010diu\u017einio r\u0117mas su dujin\u0117mis spyruokl\u0117mis ir \u0161oniniu atidarymu, medinis \u010diu\u017einio r\u0117mas be pakel\u0117j\u0173 ir patalyn\u0117s laikymo skyrius. Taip pat galite pasirinkti medini\u0173 kojeli\u0173 tip\u0105 ir spalv\u0105. Apmu\u0161al\u0173 audini\u0173 pavyzd\u017eius, spalv\u0173 pavyzd\u017eius ir papildomas komplekto i\u0161pl\u0117timo galimybes rasite produkt\u0173 k\u016br\u0117jo svetain\u0117je. Lovai reikia minimalaus surinkimo.<\/p>","protected":false},"excerpt":{"rendered":"<p>The Paris bed, with a sleeping area of \u200b\u200b140&#215;200 cm, features a geometrically stitched headboard divided into symmetrical sections. The soft, fashionable, and comfortable headboard provides excellent support while reading a book or watching your favorite TV series. The bed also features sides and a footrest made in the same decorative fabric as the headboard. [&hellip;]<\/p>","protected":false},"featured_media":221336,"comment_status":"open","ping_status":"closed","template":"","meta":[],"product_brand":[],"product_cat":[505,1970,7906],"product_tag":[],"class_list":{"0":"post-221315","1":"product","2":"type-product","3":"status-publish","4":"has-post-thumbnail","6":"product_cat-bedroom-beds","7":"product_cat-beds-140x200","8":"product_cat-comforteo","10":"first","11":"instock","12":"shipping-taxable","13":"product-type-grouped"},"_links":{"self":[{"href":"https:\/\/baldumarket.lt\/lt\/wp-json\/wp\/v2\/product\/221315","targetHints":{"allow":["GET"]}}],"collection":[{"href":"https:\/\/baldumarket.lt\/lt\/wp-json\/wp\/v2\/product"}],"about":[{"href":"https:\/\/baldumarket.lt\/lt\/wp-json\/wp\/v2\/types\/product"}],"replies":[{"embeddable":true,"href":"https:\/\/baldumarket.lt\/lt\/wp-json\/wp\/v2\/comments?post=221315"}],"wp:featuredmedia":[{"embeddable":true,"href":"https:\/\/baldumarket.lt\/lt\/wp-json\/wp\/v2\/media\/221336"}],"wp:attachment":[{"href":"https:\/\/baldumarket.lt\/lt\/wp-json\/wp\/v2\/media?parent=221315"}],"wp:term":[{"taxonomy":"product_brand","embeddable":true,"href":"https:\/\/baldumarket.lt\/lt\/wp-json\/wp\/v2\/product_brand?post=221315"},{"taxonomy":"product_cat","embeddable":true,"href":"https:\/\/baldumarket.lt\/lt\/wp-json\/wp\/v2\/product_cat?post=221315"},{"taxonomy":"product_tag","embeddable":true,"href":"https:\/\/baldumarket.lt\/lt\/wp-json\/wp\/v2\/product_tag?post=221315"}],"curies":[{"name":"wp","href":"https:\/\/api.w.org\/{rel}","templated":true}]}}