{"id":221270,"date":"2025-12-27T22:47:23","date_gmt":"2025-12-27T19:47:23","guid":{"rendered":"https:\/\/baldumarket.lt\/?post_type=product&#038;p=221270"},"modified":"2026-04-11T01:45:08","modified_gmt":"2026-04-10T22:45:08","slug":"lozka-tapicerowane-paris-standard-180x200-cm-gr4","status":"publish","type":"product","link":"https:\/\/baldumarket.lt\/lt\/product\/lozka-tapicerowane-paris-standard-180x200-cm-gr4\/","title":{"rendered":"Mink\u0161tos lovos Paris Standard 180&#215;200 cm Gr4"},"content":{"rendered":"<p>Didel\u0117 ir patogi \u201eParis Standard\u201c mink\u0161ta lova, kurios miegamojo plotas yra 180 \u00d7 200 cm, pasi\u017eymi geometri\u0161kai dygsniuotu galv\u016bgaliu, padalintu \u012f patrauklias, simetri\u0161kas dalis. Mink\u0161tas, madingas ir patogus galv\u016bgalis suteikia puiki\u0105 atram\u0105 skaitant knyg\u0105 ar \u017ei\u016brint m\u0117gstam\u0105 serial\u0105. Lovos \u0161onai ir koj\u016bgalis taip pat aptraukti dekoratyviniu galv\u016bgalio audiniu. Komplekt\u0105 galima i\u0161pl\u0117sti papildomais elementais, tokiais kaip medinis \u010diu\u017einio r\u0117mas su dujin\u0117mis spyruokl\u0117mis ir priekiniu atidarymu, medinis \u010diu\u017einio r\u0117mas su dujin\u0117mis spyruokl\u0117mis ir \u0161oniniu atidarymu, medinis \u010diu\u017einio r\u0117mas be pakel\u0117j\u0173 ir patalyn\u0117s laikymo skyrius. Taip pat galite pasirinkti medin\u0117s kojel\u0117s tip\u0105 ir spalv\u0105. Apmu\u0161al\u0173 audini\u0173 pavyzd\u017eius, spalv\u0173 pavyzd\u017eius ir papildomas komplekto i\u0161pl\u0117timo galimybes rasite \u201eProdukto k\u016br\u0117juje\u201c. Lovai reikia minimalaus surinkimo.<\/p>","protected":false},"excerpt":{"rendered":"<p>Plotis: 198 cm<br \/>\nIlgis: 223 cm<br \/>\n\u016agis: 106 cm<br \/>\nMiegamoji erdv\u0117: 180 \u00d7 200 cm<br \/>\n\u0160oninis auk\u0161tis: 34 cm<\/p>","protected":false},"featured_media":221300,"comment_status":"open","ping_status":"closed","template":"","meta":[],"product_brand":[],"product_cat":[9133],"product_tag":[],"class_list":{"0":"post-221270","1":"product","2":"type-product","3":"status-publish","4":"has-post-thumbnail","6":"product_cat-grouped","8":"first","9":"instock","10":"shipping-taxable","11":"purchasable","12":"product-type-variable","13":"wvs-archive-product-wrapper"},"_links":{"self":[{"href":"https:\/\/baldumarket.lt\/lt\/wp-json\/wp\/v2\/product\/221270","targetHints":{"allow":["GET"]}}],"collection":[{"href":"https:\/\/baldumarket.lt\/lt\/wp-json\/wp\/v2\/product"}],"about":[{"href":"https:\/\/baldumarket.lt\/lt\/wp-json\/wp\/v2\/types\/product"}],"replies":[{"embeddable":true,"href":"https:\/\/baldumarket.lt\/lt\/wp-json\/wp\/v2\/comments?post=221270"}],"wp:featuredmedia":[{"embeddable":true,"href":"https:\/\/baldumarket.lt\/lt\/wp-json\/wp\/v2\/media\/221300"}],"wp:attachment":[{"href":"https:\/\/baldumarket.lt\/lt\/wp-json\/wp\/v2\/media?parent=221270"}],"wp:term":[{"taxonomy":"product_brand","embeddable":true,"href":"https:\/\/baldumarket.lt\/lt\/wp-json\/wp\/v2\/product_brand?post=221270"},{"taxonomy":"product_cat","embeddable":true,"href":"https:\/\/baldumarket.lt\/lt\/wp-json\/wp\/v2\/product_cat?post=221270"},{"taxonomy":"product_tag","embeddable":true,"href":"https:\/\/baldumarket.lt\/lt\/wp-json\/wp\/v2\/product_tag?post=221270"}],"curies":[{"name":"wp","href":"https:\/\/api.w.org\/{rel}","templated":true}]}}