{"id":22127,"date":"2025-11-14T14:06:35","date_gmt":"2025-11-14T11:06:35","guid":{"rendered":"https:\/\/baldumarket.lt\/product\/materac-piankowy-lauren-120x200-aloevera\/"},"modified":"2026-03-24T18:22:23","modified_gmt":"2026-03-24T15:22:23","slug":"materac-piankowy-lauren-120x200-aloevera","status":"publish","type":"product","link":"https:\/\/baldumarket.lt\/lt\/product\/materac-piankowy-lauren-120x200-aloevera\/","title":{"rendered":"Lauren put\u0173 \u010diu\u017einys 120\u00d7200 Aloevera"},"content":{"rendered":"<p>Gerai parinktas \u010diu\u017einys yra raktas \u012f ger\u0105 mieg\u0105. \u017dinome, koks svarbus \u0161is pasirinkimas, tod\u0117l pristatome jums putplas\u010dio \u010diu\u017ein\u012f su alavijo u\u017evalkalu. D\u0117l itin elasting\u0173 HR put\u0173 naudojimo \u010diu\u017einys laikui b\u0117gant nesideformuos, o tai labai svarbu miego komfortui. Be to, \u201eLauren\u201c putplas\u010dio \u010diu\u017einys turi stor\u0105 T2542 put\u0173 sluoksn\u012f, kuris dar labiau padidina miego komfort\u0105. \u201eLauren\u201c \u010diu\u017einys su nuimamu alavijo u\u017evalkalu garantuoja sald\u017eius sapnus.<\/p>","protected":false},"excerpt":{"rendered":"<p>Gerai parinktas \u010diu\u017einys yra raktas \u012f ger\u0105 mieg\u0105. \u017dinome, koks svarbus \u0161is pasirinkimas, tod\u0117l pristatome jums putplas\u010dio \u010diu\u017ein\u012f su alavijo u\u017evalkalu. D\u0117l itin elastingo HR putplas\u010dio \u010diu\u017einys laikui b\u0117gant nesideformuos, o tai labai svarbu miego komfortui. Be to, \u201eLauren\u201c putplas\u010dio \u010diu\u017einys [\u2026]<\/p>","protected":false},"featured_media":22115,"comment_status":"open","ping_status":"open","template":"","meta":[],"product_brand":[],"product_cat":[2012,1099,1976],"product_tag":[],"class_list":{"0":"post-22127","1":"product","2":"type-product","3":"status-publish","4":"has-post-thumbnail","6":"product_cat-eltap","7":"product_cat-mattresses","8":"product_cat-mattresses-120x200","10":"first","11":"instock","12":"purchasable","13":"product-type-simple"},"_links":{"self":[{"href":"https:\/\/baldumarket.lt\/lt\/wp-json\/wp\/v2\/product\/22127","targetHints":{"allow":["GET"]}}],"collection":[{"href":"https:\/\/baldumarket.lt\/lt\/wp-json\/wp\/v2\/product"}],"about":[{"href":"https:\/\/baldumarket.lt\/lt\/wp-json\/wp\/v2\/types\/product"}],"replies":[{"embeddable":true,"href":"https:\/\/baldumarket.lt\/lt\/wp-json\/wp\/v2\/comments?post=22127"}],"wp:featuredmedia":[{"embeddable":true,"href":"https:\/\/baldumarket.lt\/lt\/wp-json\/wp\/v2\/media\/22115"}],"wp:attachment":[{"href":"https:\/\/baldumarket.lt\/lt\/wp-json\/wp\/v2\/media?parent=22127"}],"wp:term":[{"taxonomy":"product_brand","embeddable":true,"href":"https:\/\/baldumarket.lt\/lt\/wp-json\/wp\/v2\/product_brand?post=22127"},{"taxonomy":"product_cat","embeddable":true,"href":"https:\/\/baldumarket.lt\/lt\/wp-json\/wp\/v2\/product_cat?post=22127"},{"taxonomy":"product_tag","embeddable":true,"href":"https:\/\/baldumarket.lt\/lt\/wp-json\/wp\/v2\/product_tag?post=22127"}],"curies":[{"name":"wp","href":"https:\/\/api.w.org\/{rel}","templated":true}]}}