{"id":221259,"date":"2025-12-27T22:46:38","date_gmt":"2025-12-27T19:46:38","guid":{"rendered":"https:\/\/baldumarket.lt\/?post_type=product&#038;p=221259"},"modified":"2026-02-03T23:12:08","modified_gmt":"2026-02-03T20:12:08","slug":"lozka-tapicerowane-parma-standard-140x200-cm-gr4","status":"publish","type":"product","link":"https:\/\/baldumarket.lt\/lt\/product\/lozka-tapicerowane-parma-standard-140x200-cm-gr4\/","title":{"rendered":"Mink\u0161tos lovos Parma standartin\u0117s 140&#215;200 cm Gr4"},"content":{"rendered":"<p>Mink\u0161ta \u2019Parma Standard\u201c lova, kurios miegamojo plotas yra 140 \u00d7 200 cm, puikiai tinka ne tik dideliems miegamiesiems, bet ir ma\u017eesniems kambariams bei paaugli\u0173 miegamiesiems. Komplekt\u0105 sudaro auk\u0161tas, mink\u0161tas galv\u016bgalis, dekoruotas vertikaliomis si\u016bl\u0117mis, kuris taip pat tarnauja kaip atlo\u0161as skaitant knyg\u0105. Mink\u0161ta pakoja ir \u0161onai taip pat yra dekoratyviai dygsniuoti. Bald\u0105 galima papildyti patalyn\u0117s d\u0117\u017ee ir \u010diu\u017eini\u0173 pagrindais. \u012esigyti galima ir su i\u0161samiu audinio pavyzd\u017eiu, kuriuos rasite gaminio k\u016br\u0117jo skiltyje. Reikalingas minimalus surinkimas.<\/p>","protected":false},"excerpt":{"rendered":"<p>Plotis: 170 cm<br \/>\nIlgis: 223 cm<br \/>\n\u016agis: 106 cm<br \/>\nMiegamasis plotas: 140 \u00d7 200 cm<br \/>\n\u0160oninis auk\u0161tis: 34 cm<\/p>","protected":false},"featured_media":221289,"comment_status":"open","ping_status":"closed","template":"","meta":[],"product_brand":[],"product_cat":[9133],"product_tag":[],"class_list":{"0":"post-221259","1":"product","2":"type-product","3":"status-publish","4":"has-post-thumbnail","6":"product_cat-grouped","8":"first","9":"instock","10":"shipping-taxable","11":"purchasable","12":"product-type-variable","13":"wvs-archive-product-wrapper"},"_links":{"self":[{"href":"https:\/\/baldumarket.lt\/lt\/wp-json\/wp\/v2\/product\/221259","targetHints":{"allow":["GET"]}}],"collection":[{"href":"https:\/\/baldumarket.lt\/lt\/wp-json\/wp\/v2\/product"}],"about":[{"href":"https:\/\/baldumarket.lt\/lt\/wp-json\/wp\/v2\/types\/product"}],"replies":[{"embeddable":true,"href":"https:\/\/baldumarket.lt\/lt\/wp-json\/wp\/v2\/comments?post=221259"}],"wp:featuredmedia":[{"embeddable":true,"href":"https:\/\/baldumarket.lt\/lt\/wp-json\/wp\/v2\/media\/221289"}],"wp:attachment":[{"href":"https:\/\/baldumarket.lt\/lt\/wp-json\/wp\/v2\/media?parent=221259"}],"wp:term":[{"taxonomy":"product_brand","embeddable":true,"href":"https:\/\/baldumarket.lt\/lt\/wp-json\/wp\/v2\/product_brand?post=221259"},{"taxonomy":"product_cat","embeddable":true,"href":"https:\/\/baldumarket.lt\/lt\/wp-json\/wp\/v2\/product_cat?post=221259"},{"taxonomy":"product_tag","embeddable":true,"href":"https:\/\/baldumarket.lt\/lt\/wp-json\/wp\/v2\/product_tag?post=221259"}],"curies":[{"name":"wp","href":"https:\/\/api.w.org\/{rel}","templated":true}]}}