{"id":22125,"date":"2025-11-14T14:06:12","date_gmt":"2025-11-14T11:06:12","guid":{"rendered":"https:\/\/baldumarket.lt\/product\/materac-piankowy-lauren-90x200-medicott-silver\/"},"modified":"2026-03-24T18:22:23","modified_gmt":"2026-03-24T15:22:23","slug":"materac-piankowy-lauren-90x200-medicott-silver","status":"publish","type":"product","link":"https:\/\/baldumarket.lt\/lt\/product\/materac-piankowy-lauren-90x200-medicott-silver\/","title":{"rendered":"Lauren put\u0173 \u010diu\u017einys 90\u00d7200 Medicott sidabrinis"},"content":{"rendered":"<p>Gerai parinktas \u010diu\u017einys yra raktas \u012f ger\u0105 mieg\u0105. \u017dinome, koks svarbus \u0161is pasirinkimas, tod\u0117l pristatome jums porolono \u010diu\u017ein\u012f su sidabro spalvos u\u017evalkalu. D\u0117l itin elastingo HR putplas\u010dio \u010diu\u017einys laikui b\u0117gant nesideformuos, o tai labai svarbu miego komfortui. Be to, \u201eLauren\u201c porolono \u010diu\u017einys turi stor\u0105 T2542 putplas\u010dio sluoksn\u012f, kuris dar labiau padidina miego komfort\u0105. \u201eLauren\u201c \u010diu\u017einys su nuimamu sidabro spalvos u\u017evalkalu garantuoja sald\u017eius sapnus.<\/p>","protected":false},"excerpt":{"rendered":"<p>Gerai parinktas \u010diu\u017einys yra raktas \u012f ger\u0105 nakties mieg\u0105. \u017dinome, koks svarbus \u0161is pasirinkimas, tod\u0117l pristatome jums porolono \u010diu\u017ein\u012f su sidabro spalvos u\u017evalkalu. D\u0117l itin elastingo HR putplas\u010dio \u010diu\u017einys laikui b\u0117gant nesideformuos, o tai labai svarbu miego komfortui. Be to, \u201eLauren\u201c porolono \u010diu\u017einys [\u2026]<\/p>","protected":false},"featured_media":22117,"comment_status":"open","ping_status":"open","template":"","meta":[],"product_brand":[],"product_cat":[2012,1099,1975],"product_tag":[],"class_list":{"0":"post-22125","1":"product","2":"type-product","3":"status-publish","4":"has-post-thumbnail","6":"product_cat-eltap","7":"product_cat-mattresses","8":"product_cat-mattresses-90x200","10":"first","11":"instock","12":"purchasable","13":"product-type-simple"},"_links":{"self":[{"href":"https:\/\/baldumarket.lt\/lt\/wp-json\/wp\/v2\/product\/22125","targetHints":{"allow":["GET"]}}],"collection":[{"href":"https:\/\/baldumarket.lt\/lt\/wp-json\/wp\/v2\/product"}],"about":[{"href":"https:\/\/baldumarket.lt\/lt\/wp-json\/wp\/v2\/types\/product"}],"replies":[{"embeddable":true,"href":"https:\/\/baldumarket.lt\/lt\/wp-json\/wp\/v2\/comments?post=22125"}],"wp:featuredmedia":[{"embeddable":true,"href":"https:\/\/baldumarket.lt\/lt\/wp-json\/wp\/v2\/media\/22117"}],"wp:attachment":[{"href":"https:\/\/baldumarket.lt\/lt\/wp-json\/wp\/v2\/media?parent=22125"}],"wp:term":[{"taxonomy":"product_brand","embeddable":true,"href":"https:\/\/baldumarket.lt\/lt\/wp-json\/wp\/v2\/product_brand?post=22125"},{"taxonomy":"product_cat","embeddable":true,"href":"https:\/\/baldumarket.lt\/lt\/wp-json\/wp\/v2\/product_cat?post=22125"},{"taxonomy":"product_tag","embeddable":true,"href":"https:\/\/baldumarket.lt\/lt\/wp-json\/wp\/v2\/product_tag?post=22125"}],"curies":[{"name":"wp","href":"https:\/\/api.w.org\/{rel}","templated":true}]}}