{"id":221246,"date":"2025-12-27T22:46:06","date_gmt":"2025-12-27T19:46:06","guid":{"rendered":"https:\/\/baldumarket.lt\/?post_type=product&#038;p=221246"},"modified":"2026-02-03T23:12:09","modified_gmt":"2026-02-03T20:12:09","slug":"lozka-tapicerowane-parma-standard-160x200-cm","status":"publish","type":"product","link":"https:\/\/baldumarket.lt\/lt\/product\/lozka-tapicerowane-parma-standard-160x200-cm\/","title":{"rendered":"Standartin\u0117s mink\u0161tos lovos \u201eParma\u201c 160&#215;200 cm"},"content":{"rendered":"<p>Mink\u0161ta \u201eParma Standard\u201c lova, kurios miegamoji erdv\u0117 yra 160 \u00d7 200 cm, pasi\u017eymi saikingai moderniu dizainu, tod\u0117l puikiai dera prie beveik bet kokio interjero stiliaus. Komplekt\u0105 sudaro auk\u0161tas, mink\u0161tas galv\u016bgalis, dekoruotas vertikaliomis si\u016bl\u0117mis, kuris taip pat tarnauja kaip atlo\u0161as skaitant knyg\u0105. Mink\u0161ta pakoja ir \u0161onai taip pat yra dekoratyviai dygsniuoti. Bald\u0105 galima i\u0161pl\u0117sti patalyn\u0117s d\u0117\u017ee ir \u010diu\u017eini\u0173 pagrindais. \u012esigijimo parinktys, taip pat i\u0161samus audinio pavyzdys, pateikiami gaminio vedlyje. Reikalingas minimalus surinkimas.<\/p>","protected":false},"excerpt":{"rendered":"<p>The Parma Standard upholstered bed, with a sleeping area of \u200b\u200b160&#215;200 cm, features a moderately modern design, making it a perfect addition to almost any interior design style. The set features a high, soft headboard decorated with vertical stitching, which also serves as a backrest while reading a book. The upholstered footrest and sides also [&hellip;]<\/p>","protected":false},"featured_media":221272,"comment_status":"open","ping_status":"closed","template":"","meta":[],"product_brand":[],"product_cat":[505,1971,7906],"product_tag":[],"class_list":{"0":"post-221246","1":"product","2":"type-product","3":"status-publish","4":"has-post-thumbnail","6":"product_cat-bedroom-beds","7":"product_cat-beds-160x200","8":"product_cat-comforteo","10":"first","11":"instock","12":"shipping-taxable","13":"product-type-grouped"},"_links":{"self":[{"href":"https:\/\/baldumarket.lt\/lt\/wp-json\/wp\/v2\/product\/221246","targetHints":{"allow":["GET"]}}],"collection":[{"href":"https:\/\/baldumarket.lt\/lt\/wp-json\/wp\/v2\/product"}],"about":[{"href":"https:\/\/baldumarket.lt\/lt\/wp-json\/wp\/v2\/types\/product"}],"replies":[{"embeddable":true,"href":"https:\/\/baldumarket.lt\/lt\/wp-json\/wp\/v2\/comments?post=221246"}],"wp:featuredmedia":[{"embeddable":true,"href":"https:\/\/baldumarket.lt\/lt\/wp-json\/wp\/v2\/media\/221272"}],"wp:attachment":[{"href":"https:\/\/baldumarket.lt\/lt\/wp-json\/wp\/v2\/media?parent=221246"}],"wp:term":[{"taxonomy":"product_brand","embeddable":true,"href":"https:\/\/baldumarket.lt\/lt\/wp-json\/wp\/v2\/product_brand?post=221246"},{"taxonomy":"product_cat","embeddable":true,"href":"https:\/\/baldumarket.lt\/lt\/wp-json\/wp\/v2\/product_cat?post=221246"},{"taxonomy":"product_tag","embeddable":true,"href":"https:\/\/baldumarket.lt\/lt\/wp-json\/wp\/v2\/product_tag?post=221246"}],"curies":[{"name":"wp","href":"https:\/\/api.w.org\/{rel}","templated":true}]}}