{"id":221233,"date":"2025-12-27T22:45:28","date_gmt":"2025-12-27T19:45:28","guid":{"rendered":"https:\/\/baldumarket.lt\/?post_type=product&#038;p=221233"},"modified":"2026-02-03T23:12:10","modified_gmt":"2026-02-03T20:12:10","slug":"lozka-tapicerowane-parma-standard-180x200-cm","status":"publish","type":"product","link":"https:\/\/baldumarket.lt\/lt\/product\/lozka-tapicerowane-parma-standard-180x200-cm\/","title":{"rendered":"Standartin\u0117s mink\u0161tos lovos \u201eParma\u201c 180\u00d7200 cm"},"content":{"rendered":"<p>Didel\u0117 ir patogi \u201eParma Standard\u201c apmu\u0161ta lova, kurios matmenys \u2013 180 \u00d7 200 cm, pasi\u017eymi saikingai moderniu dizainu, tod\u0117l puikiai dera prie beveik bet kokio interjero stiliaus. Komplekt\u0105 sudaro auk\u0161tas, mink\u0161tas galv\u016bgalis, dekoruotas vertikaliomis si\u016bl\u0117mis, kuris taip pat tarnauja kaip atlo\u0161as \u017ei\u016brint m\u0117gstamus serialus vakare. Apmu\u0161ta pakoja ir \u0161onai taip pat yra dekoruoti si\u016bl\u0117mis. Bald\u0173 komplekt\u0105 galima papildyti prakti\u0161ka ir labai naudinga patalyn\u0117s d\u0117\u017ee bei \u010diu\u017einio pagrindu. \u012esigyti galima ir per\u017evelgti i\u0161sam\u0173 audini\u0173 pavyzd\u012f gamini\u0173 vedlyje. Komplektas pristatomas supakuotas ir j\u012f reikia minimaliai surinkti.<\/p>","protected":false},"excerpt":{"rendered":"<p>Didel\u0117 ir patogi \u201eParma Standard\u201c mink\u0161ta lova, kurios matmenys \u2013 180 \u00d7 200 cm, pasi\u017eymi saikingai moderniu dizainu, tod\u0117l puikiai dera prie beveik bet kokio interjero stiliaus. Komplekte yra auk\u0161tas, mink\u0161tas galv\u016bgalis, dekoruotas vertikaliomis si\u016bl\u0117mis, kuris taip pat tarnauja kaip atlo\u0161as \u017ei\u016brint m\u0117gstam\u0105 serial\u0105 vakare. Mink\u0161ta [\u2026]<\/p>","protected":false},"featured_media":221251,"comment_status":"open","ping_status":"closed","template":"","meta":[],"product_brand":[],"product_cat":[505,1972,7906],"product_tag":[],"class_list":{"0":"post-221233","1":"product","2":"type-product","3":"status-publish","4":"has-post-thumbnail","6":"product_cat-bedroom-beds","7":"product_cat-beds-180x200","8":"product_cat-comforteo","10":"first","11":"instock","12":"shipping-taxable","13":"product-type-grouped"},"_links":{"self":[{"href":"https:\/\/baldumarket.lt\/lt\/wp-json\/wp\/v2\/product\/221233","targetHints":{"allow":["GET"]}}],"collection":[{"href":"https:\/\/baldumarket.lt\/lt\/wp-json\/wp\/v2\/product"}],"about":[{"href":"https:\/\/baldumarket.lt\/lt\/wp-json\/wp\/v2\/types\/product"}],"replies":[{"embeddable":true,"href":"https:\/\/baldumarket.lt\/lt\/wp-json\/wp\/v2\/comments?post=221233"}],"wp:featuredmedia":[{"embeddable":true,"href":"https:\/\/baldumarket.lt\/lt\/wp-json\/wp\/v2\/media\/221251"}],"wp:attachment":[{"href":"https:\/\/baldumarket.lt\/lt\/wp-json\/wp\/v2\/media?parent=221233"}],"wp:term":[{"taxonomy":"product_brand","embeddable":true,"href":"https:\/\/baldumarket.lt\/lt\/wp-json\/wp\/v2\/product_brand?post=221233"},{"taxonomy":"product_cat","embeddable":true,"href":"https:\/\/baldumarket.lt\/lt\/wp-json\/wp\/v2\/product_cat?post=221233"},{"taxonomy":"product_tag","embeddable":true,"href":"https:\/\/baldumarket.lt\/lt\/wp-json\/wp\/v2\/product_tag?post=221233"}],"curies":[{"name":"wp","href":"https:\/\/api.w.org\/{rel}","templated":true}]}}