{"id":221218,"date":"2025-12-27T22:44:23","date_gmt":"2025-12-27T19:44:23","guid":{"rendered":"https:\/\/baldumarket.lt\/?post_type=product&#038;p=221218"},"modified":"2026-02-03T23:12:11","modified_gmt":"2026-02-03T20:12:11","slug":"lozka-tapicerowane-polibox-120x200-cm-gr5","status":"publish","type":"product","link":"https:\/\/baldumarket.lt\/lt\/product\/lozka-tapicerowane-polibox-120x200-cm-gr5\/","title":{"rendered":"\u201ePolibox\u201c apmu\u0161tos lovos 120&#215;200 cm Gr5"},"content":{"rendered":"<p>\u201ePolibox\u201c lova, kurios miegamoji erdv\u0117 yra 120 \u00d7 200 cm, yra minimalistinis baldas. Bazin\u0117je versijoje yra apmu\u0161tas lovos r\u0117mas su kojel\u0117mis. Subtilus baldo dizainas leid\u017eia rinktis i\u0161 daugyb\u0117s sien\u0173 dizaino variant\u0173 lovos galv\u016bgaliui ir \u0161onams. Galite naudoti \u012fdomius tekst\u016bruotus tapetus arba apmu\u0161tas paneles, kurios d\u0117l plataus apmu\u0161al\u0173 audini\u0173 pasirinkimo neabejotinai pabr\u0117\u0161 viso kambario charakter\u012f. Lov\u0105 taip pat galima i\u0161pl\u0117sti naudojant \u201eProduct Creator\u201c si\u016blomus variantus:<\/p>","protected":false},"excerpt":{"rendered":"<p>Plotis: 138 cm<br \/>\nIlgis: 218 cm<br \/>\nAuk\u0161tis: 35 cm<br \/>\nMiegamasis plotas: 120 \u00d7 200 cm<br \/>\n\u0160oninis auk\u0161tis: 35 cm<\/p>","protected":false},"featured_media":221240,"comment_status":"open","ping_status":"closed","template":"","meta":[],"product_brand":[],"product_cat":[9133],"product_tag":[],"class_list":{"0":"post-221218","1":"product","2":"type-product","3":"status-publish","4":"has-post-thumbnail","6":"product_cat-grouped","8":"first","9":"instock","10":"shipping-taxable","11":"purchasable","12":"product-type-variable","13":"wvs-archive-product-wrapper"},"_links":{"self":[{"href":"https:\/\/baldumarket.lt\/lt\/wp-json\/wp\/v2\/product\/221218","targetHints":{"allow":["GET"]}}],"collection":[{"href":"https:\/\/baldumarket.lt\/lt\/wp-json\/wp\/v2\/product"}],"about":[{"href":"https:\/\/baldumarket.lt\/lt\/wp-json\/wp\/v2\/types\/product"}],"replies":[{"embeddable":true,"href":"https:\/\/baldumarket.lt\/lt\/wp-json\/wp\/v2\/comments?post=221218"}],"wp:featuredmedia":[{"embeddable":true,"href":"https:\/\/baldumarket.lt\/lt\/wp-json\/wp\/v2\/media\/221240"}],"wp:attachment":[{"href":"https:\/\/baldumarket.lt\/lt\/wp-json\/wp\/v2\/media?parent=221218"}],"wp:term":[{"taxonomy":"product_brand","embeddable":true,"href":"https:\/\/baldumarket.lt\/lt\/wp-json\/wp\/v2\/product_brand?post=221218"},{"taxonomy":"product_cat","embeddable":true,"href":"https:\/\/baldumarket.lt\/lt\/wp-json\/wp\/v2\/product_cat?post=221218"},{"taxonomy":"product_tag","embeddable":true,"href":"https:\/\/baldumarket.lt\/lt\/wp-json\/wp\/v2\/product_tag?post=221218"}],"curies":[{"name":"wp","href":"https:\/\/api.w.org\/{rel}","templated":true}]}}