{"id":221199,"date":"2025-12-27T22:43:07","date_gmt":"2025-12-27T19:43:07","guid":{"rendered":"https:\/\/baldumarket.lt\/?post_type=product&#038;p=221199"},"modified":"2026-02-03T23:12:12","modified_gmt":"2026-02-03T20:12:12","slug":"lozka-tapicerowane-polibox-140x200-cm-gr3","status":"publish","type":"product","link":"https:\/\/baldumarket.lt\/lt\/product\/lozka-tapicerowane-polibox-140x200-cm-gr3\/","title":{"rendered":"\u201ePolibox\u201c apmu\u0161tos lovos 140\u00d7200 cm Gr3"},"content":{"rendered":"<p>\u201ePolibox\u201c lova, kurios miegamoji erdv\u0117 yra 140 \u00d7 200 cm, pasi\u017eymi minimalistiniu dizainu, kuris atveria daugyb\u0119 galimybi\u0173 novatori\u0161kai i\u0161naudoti erdv\u0119 vir\u0161 lovos galv\u016bgalio arba \u0161ono. Bazin\u0117 lovos versija turi mink\u0161t\u0105 r\u0117m\u0105 ir atramines kojeles. Norint visapusi\u0161kai i\u0161naudoti baldo savybes, komplekt\u0105 galima i\u0161pl\u0117sti \u0161iais \u201eProduct Creator\u201c si\u016blomais elementais:<\/p>\n<p>\u2013 r\u0117mas be pak\u0117limo ir be \u201eEasypack\u201c patalyn\u0117s laikymo vietos<br \/>\n\u2013 r\u0117mas su \u010diu\u017einio pak\u0117l\u0117ju ir patalyn\u0117s d\u0117\u017ee, ilgis 200 cm (atidaroma i\u0161 \u0161ono)<br \/>\n\u2013 r\u0117mas su \u010diu\u017einio pak\u0117l\u0117ju ir patalyn\u0117s d\u0117\u017ee, 220 cm ilgio, 140, 160 ir 180 cm dyd\u017eio lovoms (atidaroma priekyje)<br \/>\n\u2013 r\u0117mas su \u010diu\u017einio pak\u0117l\u0117ju ir patalyn\u0117s d\u0117\u017ee, ilgis 200 cm (atidaroma priekyje)<br \/>\n\u2013 koj\u0173 pasirinkimas<br \/>\n\u2013 koj\u0173 spalvos pasirinkimas<br \/>\n\u2013 apmu\u0161al\u0173 audini\u0173 pasirinkimas.<\/p>","protected":false},"excerpt":{"rendered":"<p>Plotis: 158 cm<br \/>\nIlgis: 218 cm<br \/>\nAuk\u0161tis: 34 cm<br \/>\nMiegamasis plotas: 140 \u00d7 200 cm<br \/>\n\u0160oninis auk\u0161tis: 34 cm<\/p>","protected":false},"featured_media":221229,"comment_status":"open","ping_status":"closed","template":"","meta":[],"product_brand":[],"product_cat":[9133],"product_tag":[],"class_list":{"0":"post-221199","1":"product","2":"type-product","3":"status-publish","4":"has-post-thumbnail","6":"product_cat-grouped","8":"first","9":"instock","10":"shipping-taxable","11":"purchasable","12":"product-type-variable","13":"wvs-archive-product-wrapper"},"_links":{"self":[{"href":"https:\/\/baldumarket.lt\/lt\/wp-json\/wp\/v2\/product\/221199","targetHints":{"allow":["GET"]}}],"collection":[{"href":"https:\/\/baldumarket.lt\/lt\/wp-json\/wp\/v2\/product"}],"about":[{"href":"https:\/\/baldumarket.lt\/lt\/wp-json\/wp\/v2\/types\/product"}],"replies":[{"embeddable":true,"href":"https:\/\/baldumarket.lt\/lt\/wp-json\/wp\/v2\/comments?post=221199"}],"wp:featuredmedia":[{"embeddable":true,"href":"https:\/\/baldumarket.lt\/lt\/wp-json\/wp\/v2\/media\/221229"}],"wp:attachment":[{"href":"https:\/\/baldumarket.lt\/lt\/wp-json\/wp\/v2\/media?parent=221199"}],"wp:term":[{"taxonomy":"product_brand","embeddable":true,"href":"https:\/\/baldumarket.lt\/lt\/wp-json\/wp\/v2\/product_brand?post=221199"},{"taxonomy":"product_cat","embeddable":true,"href":"https:\/\/baldumarket.lt\/lt\/wp-json\/wp\/v2\/product_cat?post=221199"},{"taxonomy":"product_tag","embeddable":true,"href":"https:\/\/baldumarket.lt\/lt\/wp-json\/wp\/v2\/product_tag?post=221199"}],"curies":[{"name":"wp","href":"https:\/\/api.w.org\/{rel}","templated":true}]}}