{"id":221182,"date":"2025-12-27T22:42:23","date_gmt":"2025-12-27T19:42:23","guid":{"rendered":"https:\/\/baldumarket.lt\/?post_type=product&#038;p=221182"},"modified":"2026-02-03T23:12:13","modified_gmt":"2026-02-03T20:12:13","slug":"lozka-tapicerowane-polibox-160x200-cm-gr1","status":"publish","type":"product","link":"https:\/\/baldumarket.lt\/lt\/product\/lozka-tapicerowane-polibox-160x200-cm-gr1\/","title":{"rendered":"\u201ePolibox\u201c mink\u0161tos lovos 160&#215;200 cm Gr1"},"content":{"rendered":"<p>\u201ePolibox\u201c lova, kurios miegamojo plotas yra 160 \u00d7 200 cm, standarti\u0161kai turi mink\u0161t\u0105 r\u0117m\u0105 ir kojeles. Kitus komponentus, tokius kaip \u010diu\u017einys, patalyn\u0117s skyrius ir \u010diu\u017eini\u0173 pagrindai, galima \u012fsigyti atskirai, pasirinktinai. D\u0117l modernaus ir minimalistinio dizaino lova suteikia pla\u010dias galimybes pritaikyti sienas vir\u0161 lovos. Papildomos i\u0161pl\u0117timo galimyb\u0117s pateikiamos produkt\u0173 k\u016br\u0117jo skiltyje:<\/p>","protected":false},"excerpt":{"rendered":"<p>Plotis: 178 cm<br \/>\nIlgis: 218 cm<br \/>\nAuk\u0161tis: 34 cm<br \/>\nMiegamoji erdv\u0117: 160 \u00d7 200 cm<br \/>\n\u0160oninis auk\u0161tis: 34 cm<\/p>","protected":false},"featured_media":221210,"comment_status":"open","ping_status":"closed","template":"","meta":[],"product_brand":[],"product_cat":[9133],"product_tag":[],"class_list":{"0":"post-221182","1":"product","2":"type-product","3":"status-publish","4":"has-post-thumbnail","6":"product_cat-grouped","8":"first","9":"instock","10":"shipping-taxable","11":"purchasable","12":"product-type-variable","13":"wvs-archive-product-wrapper"},"_links":{"self":[{"href":"https:\/\/baldumarket.lt\/lt\/wp-json\/wp\/v2\/product\/221182","targetHints":{"allow":["GET"]}}],"collection":[{"href":"https:\/\/baldumarket.lt\/lt\/wp-json\/wp\/v2\/product"}],"about":[{"href":"https:\/\/baldumarket.lt\/lt\/wp-json\/wp\/v2\/types\/product"}],"replies":[{"embeddable":true,"href":"https:\/\/baldumarket.lt\/lt\/wp-json\/wp\/v2\/comments?post=221182"}],"wp:featuredmedia":[{"embeddable":true,"href":"https:\/\/baldumarket.lt\/lt\/wp-json\/wp\/v2\/media\/221210"}],"wp:attachment":[{"href":"https:\/\/baldumarket.lt\/lt\/wp-json\/wp\/v2\/media?parent=221182"}],"wp:term":[{"taxonomy":"product_brand","embeddable":true,"href":"https:\/\/baldumarket.lt\/lt\/wp-json\/wp\/v2\/product_brand?post=221182"},{"taxonomy":"product_cat","embeddable":true,"href":"https:\/\/baldumarket.lt\/lt\/wp-json\/wp\/v2\/product_cat?post=221182"},{"taxonomy":"product_tag","embeddable":true,"href":"https:\/\/baldumarket.lt\/lt\/wp-json\/wp\/v2\/product_tag?post=221182"}],"curies":[{"name":"wp","href":"https:\/\/api.w.org\/{rel}","templated":true}]}}