{"id":221152,"date":"2025-12-27T22:40:32","date_gmt":"2025-12-27T19:40:32","guid":{"rendered":"https:\/\/baldumarket.lt\/?post_type=product&#038;p=221152"},"modified":"2026-02-03T23:12:15","modified_gmt":"2026-02-03T20:12:15","slug":"lozka-tapicerowane-polibox-90x200-cm-gr4","status":"publish","type":"product","link":"https:\/\/baldumarket.lt\/lt\/product\/lozka-tapicerowane-polibox-90x200-cm-gr4\/","title":{"rendered":"\u201ePolibox\u201c apmu\u0161tos lovos 90\u00d7200 cm Gr4"},"content":{"rendered":"<p>\u201ePolibox\u201c lova pasi\u017eymi moderniu ir labai minimalistiniu dizainu. Nor\u0117dami pilnai i\u0161naudoti jos funkcijas, produkt\u0173 k\u016br\u0117jo svetain\u0117je galite \u012fsigyti \u0161ias parinktis:<\/p>\n<p>\u2013 r\u0117mas be pak\u0117limo ir be \u201eEasypack\u201c patalyn\u0117s laikymo vietos<br \/>\n\u2013 r\u0117mas su \u010diu\u017einio pak\u0117l\u0117ju ir patalyn\u0117s d\u0117\u017ee, ilgis 200 cm (atidaromas \u012f \u0161on\u0105)<br \/>\n\u2013 r\u0117mas su \u010diu\u017einio pak\u0117limu ir patalyn\u0117s d\u0117\u017ee, 220 cm ilgio, 140, 160 ir 180 cm plo\u010dio lovoms (atidaroma priekyje)<br \/>\n\u2013 r\u0117mas su \u010diu\u017einio pak\u0117l\u0117ju ir patalyn\u0117s d\u0117\u017ee, ilgis 200 cm (atidaroma priekyje)<br \/>\n\u2013 koj\u0173 pasirinkimas<br \/>\n\u2013 koj\u0173 spalvos pasirinkimas<br \/>\n\u2013 apmu\u0161al\u0173 med\u017eiag\u0173 pasirinkimas.<\/p>","protected":false},"excerpt":{"rendered":"<p>Plotis: 108 cm<br \/>\nIlgis: 218 cm<br \/>\nAuk\u0161tis: 34 cm<br \/>\nMiegamoji erdv\u0117: 90 \u00d7 200 cm<br \/>\n\u0160oninis auk\u0161tis: 34 cm<\/p>","protected":false},"featured_media":221190,"comment_status":"open","ping_status":"closed","template":"","meta":[],"product_brand":[],"product_cat":[9133],"product_tag":[],"class_list":{"0":"post-221152","1":"product","2":"type-product","3":"status-publish","4":"has-post-thumbnail","6":"product_cat-grouped","8":"first","9":"instock","10":"shipping-taxable","11":"purchasable","12":"product-type-variable","13":"wvs-archive-product-wrapper"},"_links":{"self":[{"href":"https:\/\/baldumarket.lt\/lt\/wp-json\/wp\/v2\/product\/221152","targetHints":{"allow":["GET"]}}],"collection":[{"href":"https:\/\/baldumarket.lt\/lt\/wp-json\/wp\/v2\/product"}],"about":[{"href":"https:\/\/baldumarket.lt\/lt\/wp-json\/wp\/v2\/types\/product"}],"replies":[{"embeddable":true,"href":"https:\/\/baldumarket.lt\/lt\/wp-json\/wp\/v2\/comments?post=221152"}],"wp:featuredmedia":[{"embeddable":true,"href":"https:\/\/baldumarket.lt\/lt\/wp-json\/wp\/v2\/media\/221190"}],"wp:attachment":[{"href":"https:\/\/baldumarket.lt\/lt\/wp-json\/wp\/v2\/media?parent=221152"}],"wp:term":[{"taxonomy":"product_brand","embeddable":true,"href":"https:\/\/baldumarket.lt\/lt\/wp-json\/wp\/v2\/product_brand?post=221152"},{"taxonomy":"product_cat","embeddable":true,"href":"https:\/\/baldumarket.lt\/lt\/wp-json\/wp\/v2\/product_cat?post=221152"},{"taxonomy":"product_tag","embeddable":true,"href":"https:\/\/baldumarket.lt\/lt\/wp-json\/wp\/v2\/product_tag?post=221152"}],"curies":[{"name":"wp","href":"https:\/\/api.w.org\/{rel}","templated":true}]}}