{"id":221117,"date":"2025-12-27T22:38:31","date_gmt":"2025-12-27T19:38:31","guid":{"rendered":"https:\/\/baldumarket.lt\/?post_type=product&#038;p=221117"},"modified":"2026-02-03T23:12:16","modified_gmt":"2026-02-03T20:12:16","slug":"lozka-tapicerowane-sierra-standard-160x200-cm-gr3","status":"publish","type":"product","link":"https:\/\/baldumarket.lt\/lt\/product\/lozka-tapicerowane-sierra-standard-160x200-cm-gr3\/","title":{"rendered":"Mink\u0161tos lovos Sierra standartin\u0117s 160&#215;200 cm Gr3"},"content":{"rendered":"<p>Lova \u201eSierra\u201c, kurios miegamojo plotas yra 160 \u00d7 200 cm, pagaminta i\u0161 auk\u0161tos kokyb\u0117s med\u017eiag\u0173, u\u017etikrinan\u010di\u0173 ilgamet\u012f naudojim\u0105 be r\u016bpes\u010di\u0173. Komplekte yra eleganti\u0161kas galv\u016bgalis, kurio dygsniavimas ir si\u016bl\u0117s sukuria kvadratines, tolygiai i\u0161d\u0117stytas pagalv\u0117les. Lova \u201eSierra\u201c pasi\u017eymi moderniu stiliumi su klasikin\u0117mis detal\u0117mis, tod\u0117l puikiai dera prie beveik bet kokio interjero. Komplekt\u0105 galima i\u0161pl\u0117sti pasirenkamais elementais, tokiais kaip medinis r\u0117mas be pak\u0117l\u0117j\u0173, medinis \u010diu\u017einio r\u0117mas su pak\u0117l\u0117jais ir patalyn\u0117s d\u0117\u017e\u0117. Taip pat galimi medini\u0173 koj\u0173 tipai ir spalvos. Apmu\u0161al\u0173 audini\u0173 pavyzd\u017eius, spalv\u0173 pavyzd\u017eius ir papildomas pirkimo galimybes galite rasti produkt\u0173 k\u016br\u0117joje. Lova be \u010diu\u017einio.<\/p>","protected":false},"excerpt":{"rendered":"<p>Plotis: 178 cm<br \/>\nIlgis: 223 cm<br \/>\n\u016agis: 106 cm<br \/>\nMiegamoji erdv\u0117: 160 \u00d7 200 cm<br \/>\n\u0160oninis auk\u0161tis: 34 cm<\/p>","protected":false},"featured_media":221154,"comment_status":"open","ping_status":"closed","template":"","meta":[],"product_brand":[],"product_cat":[9133],"product_tag":[],"class_list":{"0":"post-221117","1":"product","2":"type-product","3":"status-publish","4":"has-post-thumbnail","6":"product_cat-grouped","8":"first","9":"instock","10":"shipping-taxable","11":"purchasable","12":"product-type-variable","13":"wvs-archive-product-wrapper"},"_links":{"self":[{"href":"https:\/\/baldumarket.lt\/lt\/wp-json\/wp\/v2\/product\/221117","targetHints":{"allow":["GET"]}}],"collection":[{"href":"https:\/\/baldumarket.lt\/lt\/wp-json\/wp\/v2\/product"}],"about":[{"href":"https:\/\/baldumarket.lt\/lt\/wp-json\/wp\/v2\/types\/product"}],"replies":[{"embeddable":true,"href":"https:\/\/baldumarket.lt\/lt\/wp-json\/wp\/v2\/comments?post=221117"}],"wp:featuredmedia":[{"embeddable":true,"href":"https:\/\/baldumarket.lt\/lt\/wp-json\/wp\/v2\/media\/221154"}],"wp:attachment":[{"href":"https:\/\/baldumarket.lt\/lt\/wp-json\/wp\/v2\/media?parent=221117"}],"wp:term":[{"taxonomy":"product_brand","embeddable":true,"href":"https:\/\/baldumarket.lt\/lt\/wp-json\/wp\/v2\/product_brand?post=221117"},{"taxonomy":"product_cat","embeddable":true,"href":"https:\/\/baldumarket.lt\/lt\/wp-json\/wp\/v2\/product_cat?post=221117"},{"taxonomy":"product_tag","embeddable":true,"href":"https:\/\/baldumarket.lt\/lt\/wp-json\/wp\/v2\/product_tag?post=221117"}],"curies":[{"name":"wp","href":"https:\/\/api.w.org\/{rel}","templated":true}]}}